{"id":86,"date":"2020-05-03T18:02:40","date_gmt":"2020-05-03T16:02:40","guid":{"rendered":"http:\/\/norrea.dk\/sfo\/?page_id=86"},"modified":"2020-05-04T00:24:20","modified_gmt":"2020-05-03T22:24:20","slug":"aabningstider","status":"publish","type":"page","link":"https:\/\/norrea.dk\/sfo\/aabningstider\/","title":{"rendered":"\u00c5bningstider"},"content":{"rendered":"\n<figure class=\"wp-block-table\"><table><tbody><tr><td><strong>\u00c5bningstiderne i SFO er f\u00f8lgende:<\/strong><\/td><\/tr><\/tbody><\/table><\/figure>\n\n\n\n<p>Morgen SFO<br>Mandag &#8211; fredag: Kl. 06.15 &#8211; 08.00, fra 06.15 &#8211; 7 i B\u00f8rnehuset<\/p>\n\n\n\n<p>Eftermiddags SFO<br>Mandag &#8211; torsdag: Kl. 13.30 &#8211; 17.00<br>Fredag: Kl. 13.30 &#8211; 16.00<\/p>\n","protected":false},"excerpt":{"rendered":"<p>\u00c5bningstiderne i SFO er f\u00f8lgende: Morgen SFOMandag &#8211; fredag: Kl. 06.15 &#8211; 08.00, fra 06.15 &#8211; 7 i B\u00f8rnehuset Eftermiddags SFOMandag &#8211; torsdag: Kl. 13.30 &#8211; 17.00Fredag: Kl. 13.30 &#8211; 16.00<\/p>\n","protected":false},"author":2,"featured_media":0,"parent":0,"menu_order":8,"comment_status":"closed","ping_status":"closed","template":"","meta":{"ngg_post_thumbnail":0,"footnotes":""},"class_list":["post-86","page","type-page","status-publish","hentry"],"yoast_head":"<!-- This site is optimized with the Yoast SEO plugin v27.5 - https:\/\/yoast.com\/product\/yoast-seo-wordpress\/ -->\n<title>\u00c5bningstider - N\u00f8rre\u00e5 Friskole - SFO<\/title>\n<meta name=\"robots\" content=\"index, follow, max-snippet:-1, max-image-preview:large, max-video-preview:-1\" \/>\n<link rel=\"canonical\" href=\"https:\/\/norrea.dk\/sfo\/aabningstider\/\" \/>\n<meta property=\"og:locale\" content=\"da_DK\" \/>\n<meta property=\"og:type\" content=\"article\" \/>\n<meta property=\"og:title\" content=\"\u00c5bningstider - N\u00f8rre\u00e5 Friskole - SFO\" \/>\n<meta property=\"og:description\" content=\"\u00c5bningstiderne i SFO er f\u00f8lgende: Morgen SFOMandag &#8211; fredag: Kl. 06.15 &#8211; 08.00, fra 06.15 &#8211; 7 i B\u00f8rnehuset Eftermiddags SFOMandag &#8211; torsdag: Kl. 13.30 &#8211; 17.00Fredag: Kl. 13.30 &#8211; 16.00\" \/>\n<meta property=\"og:url\" content=\"https:\/\/norrea.dk\/sfo\/aabningstider\/\" \/>\n<meta property=\"og:site_name\" content=\"N\u00f8rre\u00e5 Friskole - SFO\" \/>\n<meta property=\"article:modified_time\" content=\"2020-05-03T22:24:20+00:00\" \/>\n<meta name=\"twitter:card\" content=\"summary_large_image\" \/>\n<script type=\"application\/ld+json\" class=\"yoast-schema-graph\">{\"@context\":\"https:\\\/\\\/schema.org\",\"@graph\":[{\"@type\":\"WebPage\",\"@id\":\"https:\\\/\\\/norrea.dk\\\/sfo\\\/aabningstider\\\/\",\"url\":\"https:\\\/\\\/norrea.dk\\\/sfo\\\/aabningstider\\\/\",\"name\":\"\u00c5bningstider - N\u00f8rre\u00e5 Friskole - SFO\",\"isPartOf\":{\"@id\":\"https:\\\/\\\/norrea.dk\\\/sfo\\\/#website\"},\"datePublished\":\"2020-05-03T16:02:40+00:00\",\"dateModified\":\"2020-05-03T22:24:20+00:00\",\"breadcrumb\":{\"@id\":\"https:\\\/\\\/norrea.dk\\\/sfo\\\/aabningstider\\\/#breadcrumb\"},\"inLanguage\":\"da-DK\",\"potentialAction\":[{\"@type\":\"ReadAction\",\"target\":[\"https:\\\/\\\/norrea.dk\\\/sfo\\\/aabningstider\\\/\"]}]},{\"@type\":\"BreadcrumbList\",\"@id\":\"https:\\\/\\\/norrea.dk\\\/sfo\\\/aabningstider\\\/#breadcrumb\",\"itemListElement\":[{\"@type\":\"ListItem\",\"position\":1,\"name\":\"Hjem\",\"item\":\"https:\\\/\\\/norrea.dk\\\/sfo\\\/\"},{\"@type\":\"ListItem\",\"position\":2,\"name\":\"\u00c5bningstider\"}]},{\"@type\":\"WebSite\",\"@id\":\"https:\\\/\\\/norrea.dk\\\/sfo\\\/#website\",\"url\":\"https:\\\/\\\/norrea.dk\\\/sfo\\\/\",\"name\":\"N\u00f8rre\u00e5 Friskole - SFO\",\"description\":\"Ud over det s\u00e6dvanlige \",\"publisher\":{\"@id\":\"https:\\\/\\\/norrea.dk\\\/sfo\\\/#organization\"},\"potentialAction\":[{\"@type\":\"SearchAction\",\"target\":{\"@type\":\"EntryPoint\",\"urlTemplate\":\"https:\\\/\\\/norrea.dk\\\/sfo\\\/?s={search_term_string}\"},\"query-input\":{\"@type\":\"PropertyValueSpecification\",\"valueRequired\":true,\"valueName\":\"search_term_string\"}}],\"inLanguage\":\"da-DK\"},{\"@type\":\"Organization\",\"@id\":\"https:\\\/\\\/norrea.dk\\\/sfo\\\/#organization\",\"name\":\"N\u00f8rre\u00e5 Friskole - SFO\",\"url\":\"https:\\\/\\\/norrea.dk\\\/sfo\\\/\",\"logo\":{\"@type\":\"ImageObject\",\"inLanguage\":\"da-DK\",\"@id\":\"https:\\\/\\\/norrea.dk\\\/sfo\\\/#\\\/schema\\\/logo\\\/image\\\/\",\"url\":\"https:\\\/\\\/norrea.dk\\\/sfo\\\/wp-content\\\/uploads\\\/sites\\\/5\\\/2020\\\/04\\\/cropped-logo_portal.png\",\"contentUrl\":\"https:\\\/\\\/norrea.dk\\\/sfo\\\/wp-content\\\/uploads\\\/sites\\\/5\\\/2020\\\/04\\\/cropped-logo_portal.png\",\"width\":283,\"height\":215,\"caption\":\"N\u00f8rre\u00e5 Friskole - SFO\"},\"image\":{\"@id\":\"https:\\\/\\\/norrea.dk\\\/sfo\\\/#\\\/schema\\\/logo\\\/image\\\/\"}}]}<\/script>\n<!-- \/ Yoast SEO plugin. -->","yoast_head_json":{"title":"\u00c5bningstider - N\u00f8rre\u00e5 Friskole - SFO","robots":{"index":"index","follow":"follow","max-snippet":"max-snippet:-1","max-image-preview":"max-image-preview:large","max-video-preview":"max-video-preview:-1"},"canonical":"https:\/\/norrea.dk\/sfo\/aabningstider\/","og_locale":"da_DK","og_type":"article","og_title":"\u00c5bningstider - N\u00f8rre\u00e5 Friskole - SFO","og_description":"\u00c5bningstiderne i SFO er f\u00f8lgende: Morgen SFOMandag &#8211; fredag: Kl. 06.15 &#8211; 08.00, fra 06.15 &#8211; 7 i B\u00f8rnehuset Eftermiddags SFOMandag &#8211; torsdag: Kl. 13.30 &#8211; 17.00Fredag: Kl. 13.30 &#8211; 16.00","og_url":"https:\/\/norrea.dk\/sfo\/aabningstider\/","og_site_name":"N\u00f8rre\u00e5 Friskole - SFO","article_modified_time":"2020-05-03T22:24:20+00:00","twitter_card":"summary_large_image","schema":{"@context":"https:\/\/schema.org","@graph":[{"@type":"WebPage","@id":"https:\/\/norrea.dk\/sfo\/aabningstider\/","url":"https:\/\/norrea.dk\/sfo\/aabningstider\/","name":"\u00c5bningstider - N\u00f8rre\u00e5 Friskole - SFO","isPartOf":{"@id":"https:\/\/norrea.dk\/sfo\/#website"},"datePublished":"2020-05-03T16:02:40+00:00","dateModified":"2020-05-03T22:24:20+00:00","breadcrumb":{"@id":"https:\/\/norrea.dk\/sfo\/aabningstider\/#breadcrumb"},"inLanguage":"da-DK","potentialAction":[{"@type":"ReadAction","target":["https:\/\/norrea.dk\/sfo\/aabningstider\/"]}]},{"@type":"BreadcrumbList","@id":"https:\/\/norrea.dk\/sfo\/aabningstider\/#breadcrumb","itemListElement":[{"@type":"ListItem","position":1,"name":"Hjem","item":"https:\/\/norrea.dk\/sfo\/"},{"@type":"ListItem","position":2,"name":"\u00c5bningstider"}]},{"@type":"WebSite","@id":"https:\/\/norrea.dk\/sfo\/#website","url":"https:\/\/norrea.dk\/sfo\/","name":"N\u00f8rre\u00e5 Friskole - SFO","description":"Ud over det s\u00e6dvanlige ","publisher":{"@id":"https:\/\/norrea.dk\/sfo\/#organization"},"potentialAction":[{"@type":"SearchAction","target":{"@type":"EntryPoint","urlTemplate":"https:\/\/norrea.dk\/sfo\/?s={search_term_string}"},"query-input":{"@type":"PropertyValueSpecification","valueRequired":true,"valueName":"search_term_string"}}],"inLanguage":"da-DK"},{"@type":"Organization","@id":"https:\/\/norrea.dk\/sfo\/#organization","name":"N\u00f8rre\u00e5 Friskole - SFO","url":"https:\/\/norrea.dk\/sfo\/","logo":{"@type":"ImageObject","inLanguage":"da-DK","@id":"https:\/\/norrea.dk\/sfo\/#\/schema\/logo\/image\/","url":"https:\/\/norrea.dk\/sfo\/wp-content\/uploads\/sites\/5\/2020\/04\/cropped-logo_portal.png","contentUrl":"https:\/\/norrea.dk\/sfo\/wp-content\/uploads\/sites\/5\/2020\/04\/cropped-logo_portal.png","width":283,"height":215,"caption":"N\u00f8rre\u00e5 Friskole - SFO"},"image":{"@id":"https:\/\/norrea.dk\/sfo\/#\/schema\/logo\/image\/"}}]}},"amp_enabled":true,"_links":{"self":[{"href":"https:\/\/norrea.dk\/sfo\/wp-json\/wp\/v2\/pages\/86","targetHints":{"allow":["GET"]}}],"collection":[{"href":"https:\/\/norrea.dk\/sfo\/wp-json\/wp\/v2\/pages"}],"about":[{"href":"https:\/\/norrea.dk\/sfo\/wp-json\/wp\/v2\/types\/page"}],"author":[{"embeddable":true,"href":"https:\/\/norrea.dk\/sfo\/wp-json\/wp\/v2\/users\/2"}],"replies":[{"embeddable":true,"href":"https:\/\/norrea.dk\/sfo\/wp-json\/wp\/v2\/comments?post=86"}],"version-history":[{"count":1,"href":"https:\/\/norrea.dk\/sfo\/wp-json\/wp\/v2\/pages\/86\/revisions"}],"predecessor-version":[{"id":87,"href":"https:\/\/norrea.dk\/sfo\/wp-json\/wp\/v2\/pages\/86\/revisions\/87"}],"wp:attachment":[{"href":"https:\/\/norrea.dk\/sfo\/wp-json\/wp\/v2\/media?parent=86"}],"curies":[{"name":"wp","href":"https:\/\/api.w.org\/{rel}","templated":true}]}}