{"id":58,"date":"2020-04-30T20:45:28","date_gmt":"2020-04-30T18:45:28","guid":{"rendered":"http:\/\/norrea.dk\/sfo\/?page_id=58"},"modified":"2020-05-04T00:24:12","modified_gmt":"2020-05-03T22:24:12","slug":"aktiviteter","status":"publish","type":"page","link":"https:\/\/norrea.dk\/sfo\/aktiviteter\/","title":{"rendered":"Aktiviteter"},"content":{"rendered":"\n<p>I vores SFO er det s\u00e5dan, at de aktiviteter vi planl\u00e6gger, er med udgangspunkt i b\u00f8rnene. Det p\u00e6dagogiske personale vurderer hvilken b\u00f8rnegruppe, de har med at g\u00f8re og hvilke interesser disse b\u00f8rn har. Som helhed er det en vekselvirkning mellem b\u00f8rnenes interesser, og det de voksne vurderer, at det enkelte barn f\u00e5r noget ud af at blive pr\u00e6senteret for.<br>Af og til har barnet brug for det sidste \u201dskub\u201d, for at komme videre i sin udvikling, og det er vi som medarbejdere i N\u00f8rre\u00e5 Frikolens SFO, meget opm\u00e6rksomme p\u00e5.<\/p>\n","protected":false},"excerpt":{"rendered":"<p>I vores SFO er det s\u00e5dan, at de aktiviteter vi planl\u00e6gger, er med udgangspunkt i b\u00f8rnene. Det p\u00e6dagogiske personale vurderer hvilken b\u00f8rnegruppe, de har med at g\u00f8re og hvilke interesser disse b\u00f8rn har. Som helhed er det en vekselvirkning mellem b\u00f8rnenes interesser, og det de voksne vurderer, at det enkelte barn f\u00e5r noget ud af [&hellip;]<\/p>\n","protected":false},"author":1,"featured_media":0,"parent":0,"menu_order":7,"comment_status":"closed","ping_status":"closed","template":"","meta":{"ngg_post_thumbnail":0,"footnotes":""},"class_list":["post-58","page","type-page","status-publish","hentry"],"yoast_head":"<!-- This site is optimized with the Yoast SEO plugin v27.5 - https:\/\/yoast.com\/product\/yoast-seo-wordpress\/ -->\n<title>Aktiviteter - N\u00f8rre\u00e5 Friskole - SFO<\/title>\n<meta name=\"robots\" content=\"index, follow, max-snippet:-1, max-image-preview:large, max-video-preview:-1\" \/>\n<link rel=\"canonical\" href=\"https:\/\/norrea.dk\/sfo\/aktiviteter\/\" \/>\n<meta property=\"og:locale\" content=\"da_DK\" \/>\n<meta property=\"og:type\" content=\"article\" \/>\n<meta property=\"og:title\" content=\"Aktiviteter - N\u00f8rre\u00e5 Friskole - SFO\" \/>\n<meta property=\"og:description\" content=\"I vores SFO er det s\u00e5dan, at de aktiviteter vi planl\u00e6gger, er med udgangspunkt i b\u00f8rnene. Det p\u00e6dagogiske personale vurderer hvilken b\u00f8rnegruppe, de har med at g\u00f8re og hvilke interesser disse b\u00f8rn har. Som helhed er det en vekselvirkning mellem b\u00f8rnenes interesser, og det de voksne vurderer, at det enkelte barn f\u00e5r noget ud af [&hellip;]\" \/>\n<meta property=\"og:url\" content=\"https:\/\/norrea.dk\/sfo\/aktiviteter\/\" \/>\n<meta property=\"og:site_name\" content=\"N\u00f8rre\u00e5 Friskole - SFO\" \/>\n<meta property=\"article:modified_time\" content=\"2020-05-03T22:24:12+00:00\" \/>\n<meta name=\"twitter:card\" content=\"summary_large_image\" \/>\n<meta name=\"twitter:label1\" content=\"Estimeret l\u00e6setid\" \/>\n\t<meta name=\"twitter:data1\" content=\"1 minut\" \/>\n<script type=\"application\/ld+json\" class=\"yoast-schema-graph\">{\"@context\":\"https:\\\/\\\/schema.org\",\"@graph\":[{\"@type\":\"WebPage\",\"@id\":\"https:\\\/\\\/norrea.dk\\\/sfo\\\/aktiviteter\\\/\",\"url\":\"https:\\\/\\\/norrea.dk\\\/sfo\\\/aktiviteter\\\/\",\"name\":\"Aktiviteter - N\u00f8rre\u00e5 Friskole - SFO\",\"isPartOf\":{\"@id\":\"https:\\\/\\\/norrea.dk\\\/sfo\\\/#website\"},\"datePublished\":\"2020-04-30T18:45:28+00:00\",\"dateModified\":\"2020-05-03T22:24:12+00:00\",\"breadcrumb\":{\"@id\":\"https:\\\/\\\/norrea.dk\\\/sfo\\\/aktiviteter\\\/#breadcrumb\"},\"inLanguage\":\"da-DK\",\"potentialAction\":[{\"@type\":\"ReadAction\",\"target\":[\"https:\\\/\\\/norrea.dk\\\/sfo\\\/aktiviteter\\\/\"]}]},{\"@type\":\"BreadcrumbList\",\"@id\":\"https:\\\/\\\/norrea.dk\\\/sfo\\\/aktiviteter\\\/#breadcrumb\",\"itemListElement\":[{\"@type\":\"ListItem\",\"position\":1,\"name\":\"Hjem\",\"item\":\"https:\\\/\\\/norrea.dk\\\/sfo\\\/\"},{\"@type\":\"ListItem\",\"position\":2,\"name\":\"Aktiviteter\"}]},{\"@type\":\"WebSite\",\"@id\":\"https:\\\/\\\/norrea.dk\\\/sfo\\\/#website\",\"url\":\"https:\\\/\\\/norrea.dk\\\/sfo\\\/\",\"name\":\"N\u00f8rre\u00e5 Friskole - SFO\",\"description\":\"Ud over det s\u00e6dvanlige \",\"publisher\":{\"@id\":\"https:\\\/\\\/norrea.dk\\\/sfo\\\/#organization\"},\"potentialAction\":[{\"@type\":\"SearchAction\",\"target\":{\"@type\":\"EntryPoint\",\"urlTemplate\":\"https:\\\/\\\/norrea.dk\\\/sfo\\\/?s={search_term_string}\"},\"query-input\":{\"@type\":\"PropertyValueSpecification\",\"valueRequired\":true,\"valueName\":\"search_term_string\"}}],\"inLanguage\":\"da-DK\"},{\"@type\":\"Organization\",\"@id\":\"https:\\\/\\\/norrea.dk\\\/sfo\\\/#organization\",\"name\":\"N\u00f8rre\u00e5 Friskole - SFO\",\"url\":\"https:\\\/\\\/norrea.dk\\\/sfo\\\/\",\"logo\":{\"@type\":\"ImageObject\",\"inLanguage\":\"da-DK\",\"@id\":\"https:\\\/\\\/norrea.dk\\\/sfo\\\/#\\\/schema\\\/logo\\\/image\\\/\",\"url\":\"https:\\\/\\\/norrea.dk\\\/sfo\\\/wp-content\\\/uploads\\\/sites\\\/5\\\/2020\\\/04\\\/cropped-logo_portal.png\",\"contentUrl\":\"https:\\\/\\\/norrea.dk\\\/sfo\\\/wp-content\\\/uploads\\\/sites\\\/5\\\/2020\\\/04\\\/cropped-logo_portal.png\",\"width\":283,\"height\":215,\"caption\":\"N\u00f8rre\u00e5 Friskole - SFO\"},\"image\":{\"@id\":\"https:\\\/\\\/norrea.dk\\\/sfo\\\/#\\\/schema\\\/logo\\\/image\\\/\"}}]}<\/script>\n<!-- \/ Yoast SEO plugin. -->","yoast_head_json":{"title":"Aktiviteter - N\u00f8rre\u00e5 Friskole - SFO","robots":{"index":"index","follow":"follow","max-snippet":"max-snippet:-1","max-image-preview":"max-image-preview:large","max-video-preview":"max-video-preview:-1"},"canonical":"https:\/\/norrea.dk\/sfo\/aktiviteter\/","og_locale":"da_DK","og_type":"article","og_title":"Aktiviteter - N\u00f8rre\u00e5 Friskole - SFO","og_description":"I vores SFO er det s\u00e5dan, at de aktiviteter vi planl\u00e6gger, er med udgangspunkt i b\u00f8rnene. Det p\u00e6dagogiske personale vurderer hvilken b\u00f8rnegruppe, de har med at g\u00f8re og hvilke interesser disse b\u00f8rn har. Som helhed er det en vekselvirkning mellem b\u00f8rnenes interesser, og det de voksne vurderer, at det enkelte barn f\u00e5r noget ud af [&hellip;]","og_url":"https:\/\/norrea.dk\/sfo\/aktiviteter\/","og_site_name":"N\u00f8rre\u00e5 Friskole - SFO","article_modified_time":"2020-05-03T22:24:12+00:00","twitter_card":"summary_large_image","twitter_misc":{"Estimeret l\u00e6setid":"1 minut"},"schema":{"@context":"https:\/\/schema.org","@graph":[{"@type":"WebPage","@id":"https:\/\/norrea.dk\/sfo\/aktiviteter\/","url":"https:\/\/norrea.dk\/sfo\/aktiviteter\/","name":"Aktiviteter - N\u00f8rre\u00e5 Friskole - SFO","isPartOf":{"@id":"https:\/\/norrea.dk\/sfo\/#website"},"datePublished":"2020-04-30T18:45:28+00:00","dateModified":"2020-05-03T22:24:12+00:00","breadcrumb":{"@id":"https:\/\/norrea.dk\/sfo\/aktiviteter\/#breadcrumb"},"inLanguage":"da-DK","potentialAction":[{"@type":"ReadAction","target":["https:\/\/norrea.dk\/sfo\/aktiviteter\/"]}]},{"@type":"BreadcrumbList","@id":"https:\/\/norrea.dk\/sfo\/aktiviteter\/#breadcrumb","itemListElement":[{"@type":"ListItem","position":1,"name":"Hjem","item":"https:\/\/norrea.dk\/sfo\/"},{"@type":"ListItem","position":2,"name":"Aktiviteter"}]},{"@type":"WebSite","@id":"https:\/\/norrea.dk\/sfo\/#website","url":"https:\/\/norrea.dk\/sfo\/","name":"N\u00f8rre\u00e5 Friskole - SFO","description":"Ud over det s\u00e6dvanlige ","publisher":{"@id":"https:\/\/norrea.dk\/sfo\/#organization"},"potentialAction":[{"@type":"SearchAction","target":{"@type":"EntryPoint","urlTemplate":"https:\/\/norrea.dk\/sfo\/?s={search_term_string}"},"query-input":{"@type":"PropertyValueSpecification","valueRequired":true,"valueName":"search_term_string"}}],"inLanguage":"da-DK"},{"@type":"Organization","@id":"https:\/\/norrea.dk\/sfo\/#organization","name":"N\u00f8rre\u00e5 Friskole - SFO","url":"https:\/\/norrea.dk\/sfo\/","logo":{"@type":"ImageObject","inLanguage":"da-DK","@id":"https:\/\/norrea.dk\/sfo\/#\/schema\/logo\/image\/","url":"https:\/\/norrea.dk\/sfo\/wp-content\/uploads\/sites\/5\/2020\/04\/cropped-logo_portal.png","contentUrl":"https:\/\/norrea.dk\/sfo\/wp-content\/uploads\/sites\/5\/2020\/04\/cropped-logo_portal.png","width":283,"height":215,"caption":"N\u00f8rre\u00e5 Friskole - SFO"},"image":{"@id":"https:\/\/norrea.dk\/sfo\/#\/schema\/logo\/image\/"}}]}},"amp_enabled":true,"_links":{"self":[{"href":"https:\/\/norrea.dk\/sfo\/wp-json\/wp\/v2\/pages\/58","targetHints":{"allow":["GET"]}}],"collection":[{"href":"https:\/\/norrea.dk\/sfo\/wp-json\/wp\/v2\/pages"}],"about":[{"href":"https:\/\/norrea.dk\/sfo\/wp-json\/wp\/v2\/types\/page"}],"author":[{"embeddable":true,"href":"https:\/\/norrea.dk\/sfo\/wp-json\/wp\/v2\/users\/1"}],"replies":[{"embeddable":true,"href":"https:\/\/norrea.dk\/sfo\/wp-json\/wp\/v2\/comments?post=58"}],"version-history":[{"count":3,"href":"https:\/\/norrea.dk\/sfo\/wp-json\/wp\/v2\/pages\/58\/revisions"}],"predecessor-version":[{"id":83,"href":"https:\/\/norrea.dk\/sfo\/wp-json\/wp\/v2\/pages\/58\/revisions\/83"}],"wp:attachment":[{"href":"https:\/\/norrea.dk\/sfo\/wp-json\/wp\/v2\/media?parent=58"}],"curies":[{"name":"wp","href":"https:\/\/api.w.org\/{rel}","templated":true}]}}