{"id":53,"date":"2020-04-30T20:45:28","date_gmt":"2020-04-30T18:45:28","guid":{"rendered":"http:\/\/norrea.dk\/sfo\/?page_id=53"},"modified":"2020-05-04T00:22:11","modified_gmt":"2020-05-03T22:22:11","slug":"dagligdag","status":"publish","type":"page","link":"https:\/\/norrea.dk\/sfo\/dagligdag\/","title":{"rendered":"Dagligdag"},"content":{"rendered":"\n<p>N\u00e5r skoledagen slutter, oftest kl. 13.30 er SFO-personalet klar til at tage imod eleverne. De klapper ind og krydses af p\u00e5 en liste. Ved  14\/14.30 tiden spises eftermiddagsmad i sm\u00e5 grupper, og herefter g\u00e5r forskellige aktiviteter i gang. <\/p>\n\n\n\n<p><strong>Mandage:<\/strong>  0.-1. kl. har faste naturfagsemner indtil kl. 14.30. <\/p>\n\n\n\n<p><strong>Tirsdage:<\/strong>   Billedkunstv\u00e6rkstedet \u00e5bnes.<\/p>\n\n\n\n<p><strong>Onsdage:<\/strong>    Se p\u00e5 aktivitetstavlen- Line tilbyder kreative v\u00e6rksteder og      oftest \u00e5bnes gymnastiksalen.<\/p>\n\n\n\n<p><strong>Torsdage<\/strong>:    B\u00e5ldage<\/p>\n\n\n\n<p><strong>Fredage: <\/strong>     Fri leg og dagens aktivitet.<\/p>\n","protected":false},"excerpt":{"rendered":"<p>N\u00e5r skoledagen slutter, oftest kl. 13.30 er SFO-personalet klar til at tage imod eleverne. De klapper ind og krydses af p\u00e5 en liste. Ved 14\/14.30 tiden spises eftermiddagsmad i sm\u00e5 grupper, og herefter g\u00e5r forskellige aktiviteter i gang. Mandage: 0.-1. kl. har faste naturfagsemner indtil kl. 14.30. Tirsdage: Billedkunstv\u00e6rkstedet \u00e5bnes. Onsdage: Se p\u00e5 aktivitetstavlen- Line [&hellip;]<\/p>\n","protected":false},"author":1,"featured_media":0,"parent":0,"menu_order":5,"comment_status":"closed","ping_status":"closed","template":"","meta":{"ngg_post_thumbnail":0,"footnotes":""},"class_list":["post-53","page","type-page","status-publish","hentry"],"yoast_head":"<!-- This site is optimized with the Yoast SEO plugin v27.5 - https:\/\/yoast.com\/product\/yoast-seo-wordpress\/ -->\n<title>Dagligdag - N\u00f8rre\u00e5 Friskole - SFO<\/title>\n<meta name=\"robots\" content=\"index, follow, max-snippet:-1, max-image-preview:large, max-video-preview:-1\" \/>\n<link rel=\"canonical\" href=\"https:\/\/norrea.dk\/sfo\/dagligdag\/\" \/>\n<meta property=\"og:locale\" content=\"da_DK\" \/>\n<meta property=\"og:type\" content=\"article\" \/>\n<meta property=\"og:title\" content=\"Dagligdag - N\u00f8rre\u00e5 Friskole - SFO\" \/>\n<meta property=\"og:description\" content=\"N\u00e5r skoledagen slutter, oftest kl. 13.30 er SFO-personalet klar til at tage imod eleverne. De klapper ind og krydses af p\u00e5 en liste. Ved 14\/14.30 tiden spises eftermiddagsmad i sm\u00e5 grupper, og herefter g\u00e5r forskellige aktiviteter i gang. Mandage: 0.-1. kl. har faste naturfagsemner indtil kl. 14.30. Tirsdage: Billedkunstv\u00e6rkstedet \u00e5bnes. Onsdage: Se p\u00e5 aktivitetstavlen- Line [&hellip;]\" \/>\n<meta property=\"og:url\" content=\"https:\/\/norrea.dk\/sfo\/dagligdag\/\" \/>\n<meta property=\"og:site_name\" content=\"N\u00f8rre\u00e5 Friskole - SFO\" \/>\n<meta property=\"article:modified_time\" content=\"2020-05-03T22:22:11+00:00\" \/>\n<meta name=\"twitter:card\" content=\"summary_large_image\" \/>\n<script type=\"application\/ld+json\" class=\"yoast-schema-graph\">{\"@context\":\"https:\\\/\\\/schema.org\",\"@graph\":[{\"@type\":\"WebPage\",\"@id\":\"https:\\\/\\\/norrea.dk\\\/sfo\\\/dagligdag\\\/\",\"url\":\"https:\\\/\\\/norrea.dk\\\/sfo\\\/dagligdag\\\/\",\"name\":\"Dagligdag - N\u00f8rre\u00e5 Friskole - SFO\",\"isPartOf\":{\"@id\":\"https:\\\/\\\/norrea.dk\\\/sfo\\\/#website\"},\"datePublished\":\"2020-04-30T18:45:28+00:00\",\"dateModified\":\"2020-05-03T22:22:11+00:00\",\"breadcrumb\":{\"@id\":\"https:\\\/\\\/norrea.dk\\\/sfo\\\/dagligdag\\\/#breadcrumb\"},\"inLanguage\":\"da-DK\",\"potentialAction\":[{\"@type\":\"ReadAction\",\"target\":[\"https:\\\/\\\/norrea.dk\\\/sfo\\\/dagligdag\\\/\"]}]},{\"@type\":\"BreadcrumbList\",\"@id\":\"https:\\\/\\\/norrea.dk\\\/sfo\\\/dagligdag\\\/#breadcrumb\",\"itemListElement\":[{\"@type\":\"ListItem\",\"position\":1,\"name\":\"Hjem\",\"item\":\"https:\\\/\\\/norrea.dk\\\/sfo\\\/\"},{\"@type\":\"ListItem\",\"position\":2,\"name\":\"Dagligdag\"}]},{\"@type\":\"WebSite\",\"@id\":\"https:\\\/\\\/norrea.dk\\\/sfo\\\/#website\",\"url\":\"https:\\\/\\\/norrea.dk\\\/sfo\\\/\",\"name\":\"N\u00f8rre\u00e5 Friskole - SFO\",\"description\":\"Ud over det s\u00e6dvanlige \",\"publisher\":{\"@id\":\"https:\\\/\\\/norrea.dk\\\/sfo\\\/#organization\"},\"potentialAction\":[{\"@type\":\"SearchAction\",\"target\":{\"@type\":\"EntryPoint\",\"urlTemplate\":\"https:\\\/\\\/norrea.dk\\\/sfo\\\/?s={search_term_string}\"},\"query-input\":{\"@type\":\"PropertyValueSpecification\",\"valueRequired\":true,\"valueName\":\"search_term_string\"}}],\"inLanguage\":\"da-DK\"},{\"@type\":\"Organization\",\"@id\":\"https:\\\/\\\/norrea.dk\\\/sfo\\\/#organization\",\"name\":\"N\u00f8rre\u00e5 Friskole - SFO\",\"url\":\"https:\\\/\\\/norrea.dk\\\/sfo\\\/\",\"logo\":{\"@type\":\"ImageObject\",\"inLanguage\":\"da-DK\",\"@id\":\"https:\\\/\\\/norrea.dk\\\/sfo\\\/#\\\/schema\\\/logo\\\/image\\\/\",\"url\":\"https:\\\/\\\/norrea.dk\\\/sfo\\\/wp-content\\\/uploads\\\/sites\\\/5\\\/2020\\\/04\\\/cropped-logo_portal.png\",\"contentUrl\":\"https:\\\/\\\/norrea.dk\\\/sfo\\\/wp-content\\\/uploads\\\/sites\\\/5\\\/2020\\\/04\\\/cropped-logo_portal.png\",\"width\":283,\"height\":215,\"caption\":\"N\u00f8rre\u00e5 Friskole - SFO\"},\"image\":{\"@id\":\"https:\\\/\\\/norrea.dk\\\/sfo\\\/#\\\/schema\\\/logo\\\/image\\\/\"}}]}<\/script>\n<!-- \/ Yoast SEO plugin. -->","yoast_head_json":{"title":"Dagligdag - N\u00f8rre\u00e5 Friskole - SFO","robots":{"index":"index","follow":"follow","max-snippet":"max-snippet:-1","max-image-preview":"max-image-preview:large","max-video-preview":"max-video-preview:-1"},"canonical":"https:\/\/norrea.dk\/sfo\/dagligdag\/","og_locale":"da_DK","og_type":"article","og_title":"Dagligdag - N\u00f8rre\u00e5 Friskole - SFO","og_description":"N\u00e5r skoledagen slutter, oftest kl. 13.30 er SFO-personalet klar til at tage imod eleverne. De klapper ind og krydses af p\u00e5 en liste. Ved 14\/14.30 tiden spises eftermiddagsmad i sm\u00e5 grupper, og herefter g\u00e5r forskellige aktiviteter i gang. Mandage: 0.-1. kl. har faste naturfagsemner indtil kl. 14.30. Tirsdage: Billedkunstv\u00e6rkstedet \u00e5bnes. Onsdage: Se p\u00e5 aktivitetstavlen- Line [&hellip;]","og_url":"https:\/\/norrea.dk\/sfo\/dagligdag\/","og_site_name":"N\u00f8rre\u00e5 Friskole - SFO","article_modified_time":"2020-05-03T22:22:11+00:00","twitter_card":"summary_large_image","schema":{"@context":"https:\/\/schema.org","@graph":[{"@type":"WebPage","@id":"https:\/\/norrea.dk\/sfo\/dagligdag\/","url":"https:\/\/norrea.dk\/sfo\/dagligdag\/","name":"Dagligdag - N\u00f8rre\u00e5 Friskole - SFO","isPartOf":{"@id":"https:\/\/norrea.dk\/sfo\/#website"},"datePublished":"2020-04-30T18:45:28+00:00","dateModified":"2020-05-03T22:22:11+00:00","breadcrumb":{"@id":"https:\/\/norrea.dk\/sfo\/dagligdag\/#breadcrumb"},"inLanguage":"da-DK","potentialAction":[{"@type":"ReadAction","target":["https:\/\/norrea.dk\/sfo\/dagligdag\/"]}]},{"@type":"BreadcrumbList","@id":"https:\/\/norrea.dk\/sfo\/dagligdag\/#breadcrumb","itemListElement":[{"@type":"ListItem","position":1,"name":"Hjem","item":"https:\/\/norrea.dk\/sfo\/"},{"@type":"ListItem","position":2,"name":"Dagligdag"}]},{"@type":"WebSite","@id":"https:\/\/norrea.dk\/sfo\/#website","url":"https:\/\/norrea.dk\/sfo\/","name":"N\u00f8rre\u00e5 Friskole - SFO","description":"Ud over det s\u00e6dvanlige ","publisher":{"@id":"https:\/\/norrea.dk\/sfo\/#organization"},"potentialAction":[{"@type":"SearchAction","target":{"@type":"EntryPoint","urlTemplate":"https:\/\/norrea.dk\/sfo\/?s={search_term_string}"},"query-input":{"@type":"PropertyValueSpecification","valueRequired":true,"valueName":"search_term_string"}}],"inLanguage":"da-DK"},{"@type":"Organization","@id":"https:\/\/norrea.dk\/sfo\/#organization","name":"N\u00f8rre\u00e5 Friskole - SFO","url":"https:\/\/norrea.dk\/sfo\/","logo":{"@type":"ImageObject","inLanguage":"da-DK","@id":"https:\/\/norrea.dk\/sfo\/#\/schema\/logo\/image\/","url":"https:\/\/norrea.dk\/sfo\/wp-content\/uploads\/sites\/5\/2020\/04\/cropped-logo_portal.png","contentUrl":"https:\/\/norrea.dk\/sfo\/wp-content\/uploads\/sites\/5\/2020\/04\/cropped-logo_portal.png","width":283,"height":215,"caption":"N\u00f8rre\u00e5 Friskole - SFO"},"image":{"@id":"https:\/\/norrea.dk\/sfo\/#\/schema\/logo\/image\/"}}]}},"amp_enabled":true,"_links":{"self":[{"href":"https:\/\/norrea.dk\/sfo\/wp-json\/wp\/v2\/pages\/53","targetHints":{"allow":["GET"]}}],"collection":[{"href":"https:\/\/norrea.dk\/sfo\/wp-json\/wp\/v2\/pages"}],"about":[{"href":"https:\/\/norrea.dk\/sfo\/wp-json\/wp\/v2\/types\/page"}],"author":[{"embeddable":true,"href":"https:\/\/norrea.dk\/sfo\/wp-json\/wp\/v2\/users\/1"}],"replies":[{"embeddable":true,"href":"https:\/\/norrea.dk\/sfo\/wp-json\/wp\/v2\/comments?post=53"}],"version-history":[{"count":2,"href":"https:\/\/norrea.dk\/sfo\/wp-json\/wp\/v2\/pages\/53\/revisions"}],"predecessor-version":[{"id":84,"href":"https:\/\/norrea.dk\/sfo\/wp-json\/wp\/v2\/pages\/53\/revisions\/84"}],"wp:attachment":[{"href":"https:\/\/norrea.dk\/sfo\/wp-json\/wp\/v2\/media?parent=53"}],"curies":[{"name":"wp","href":"https:\/\/api.w.org\/{rel}","templated":true}]}}