{"id":52,"date":"2020-04-30T20:45:28","date_gmt":"2020-04-30T18:45:28","guid":{"rendered":"http:\/\/norrea.dk\/sfo\/?page_id=52"},"modified":"2022-07-18T20:51:25","modified_gmt":"2022-07-18T18:51:25","slug":"vaerdigrundlag","status":"publish","type":"page","link":"https:\/\/norrea.dk\/sfo\/vaerdigrundlag\/","title":{"rendered":"V\u00e6rdigrundlag"},"content":{"rendered":"\n<h2 class=\"wp-block-heading\">Hjerterum<\/h2>\n\n\n\n<p>I N\u00f8rre\u00e5 Friskolens SFO er det form\u00e5let, at der i hverdagens relationer mellem b\u00f8rnene, p\u00e6dagoger og skolens og b\u00f8rnehusets \u00f8vrige personale er rum til at handle med hjertet. Det er vigtigt for os, at b\u00f8rnene oplever SFO&#8217;en som et trygt og rart sted at komme og bliver deres <em>eftermiddagshjem<\/em>. Herved er der dannet et solidt fundament og foruds\u00e6tning for b\u00f8rnenes videre udvikling. Vi fokuserer p\u00e5 at styrke b\u00f8rnenes sociale og kulturelle kompetencer, samt at udvikle deres selvv\u00e6rd og selvtillid, s\u00e5 de bliver i stand til at handle selvst\u00e6ndigt, ansvarsfuldt og anerkendende i m\u00f8det med andre mennesker.<br>Disse egenskaber er v\u00e6sentlige at have, for at kunne beg\u00e5 sig i forskellige sociale sammenh\u00e6nge og i forhold til netop dette, har vi fokus p\u00e5 b\u00f8rnenes indbyrdes venskaber og vigtigheden heraf.<br>Vi er meget opm\u00e6rksomme p\u00e5, at timerne i SFO&#8217;en efter skoletid er fritid. N\u00e5r skoledelen er forbi, skal b\u00f8rnene have mulighed for at kunne slappe af p\u00e5 forskellige m\u00e5der. Nogle vil gerne \u201dhelt ned i gear\u201d med en bog eller et spil, mens andre v\u00e6lger de mere kreative og fysiske aktiviteter inde eller ude.<br>I dagligdagen g\u00e5r vi meget ind for \u201dden frie leg\u201d b\u00f8rnene imellem, men de har ogs\u00e5 muligheden for at deltage i de aktiviteter, de voksne igangs\u00e6tter.<br>Det skal v\u00e6re sjovt at g\u00e5 i SFO &#8211; b\u00e5de for b\u00f8rn og voksne!!!<\/p>\n\n\n\n<h2 class=\"wp-block-heading\">P\u00e6dagogisk faglighed<\/h2>\n\n\n\n<p>N\u00e6rv\u00e6r er et af kendetegnende ved N\u00f8rre\u00e5 Frikolens SFO. B\u00f8rnene skal kunne f\u00f8le sig trygge og m\u00e6rke, at de tages alvorligt. De skal kunne komme til os, n\u00e5r de har brug for det. B\u00f8rn skal m\u00f8des med empati og omsorg af positive, anerkendende, tydelige og trov\u00e6rdige voksne, s\u00e5 de f\u00f8ler sig set, h\u00f8rt og forst\u00e5et. Dermed mener vi lysten til at udforske verden, bliver styrket hos det enkelte barn. F\u00e6llesskabet er h\u00f8jt prioriteret hos os. Vi fors\u00f8ger at h\u00f8jne b\u00f8rnenes f\u00e6llesskabsf\u00f8lelse, og give dem en fornemmelse af sammenh\u00f8righed med hinanden og selve SFO&#8217;en. Derfor laver vi ofte f\u00e6lles aktiviteter i st\u00f8rre eller mindre grupper.<br>I den forbindelse er vi meget opm\u00e6rksomme p\u00e5, at b\u00f8rnene l\u00e6rer at tage hensyn til hinanden, f.eks. med at vente p\u00e5 tur og ikke bryde ind, n\u00e5r andre taler. De skal l\u00e6re at kunne give plads og have respekt for andres valg og holdninger.<br>I den sammenh\u00e6ng kan det n\u00e6vnes, at vi vil str\u00e6be efter, at der her i SFO&#8217;en hersker en god omgangstone, og vi accepterer ikke, at b\u00f8rnene taler grimt og nedladende til hinanden. Vi taler med b\u00f8rnene om, hvordan man henvender sig positivt til andre, og hvad en god omgangstone egentlig er, ogs\u00e5 n\u00e5r b\u00f8rnene er uenige.<br>Vi ligger v\u00e6gt p\u00e5, at b\u00f8rn er selvhjulpne, alts\u00e5 i stand til at tage vare p\u00e5 sig selv, eksempelvis mht. p\u00e5kl\u00e6dning og oprydning. Det g\u00e6lder alle b\u00f8rnene her i SFO&#8217;en, men is\u00e6r med fokus p\u00e5 de yngste fra 0. og 1. klasse.<\/p>\n","protected":false},"excerpt":{"rendered":"<p>Hjerterum I N\u00f8rre\u00e5 Friskolens SFO er det form\u00e5let, at der i hverdagens relationer mellem b\u00f8rnene, p\u00e6dagoger og skolens og b\u00f8rnehusets \u00f8vrige personale er rum til at handle med hjertet. Det er vigtigt for os, at b\u00f8rnene oplever SFO&#8217;en som et trygt og rart sted at komme og bliver deres eftermiddagshjem. Herved er der dannet et [&hellip;]<\/p>\n","protected":false},"author":1,"featured_media":0,"parent":0,"menu_order":4,"comment_status":"closed","ping_status":"closed","template":"","meta":{"ngg_post_thumbnail":0,"footnotes":""},"class_list":["post-52","page","type-page","status-publish","hentry"],"yoast_head":"<!-- This site is optimized with the Yoast SEO plugin v27.5 - https:\/\/yoast.com\/product\/yoast-seo-wordpress\/ -->\n<title>V\u00e6rdigrundlag - N\u00f8rre\u00e5 Friskole - SFO<\/title>\n<meta name=\"robots\" content=\"index, follow, max-snippet:-1, max-image-preview:large, max-video-preview:-1\" \/>\n<link rel=\"canonical\" href=\"https:\/\/norrea.dk\/sfo\/vaerdigrundlag\/\" \/>\n<meta property=\"og:locale\" content=\"da_DK\" \/>\n<meta property=\"og:type\" content=\"article\" \/>\n<meta property=\"og:title\" content=\"V\u00e6rdigrundlag - N\u00f8rre\u00e5 Friskole - SFO\" \/>\n<meta property=\"og:description\" content=\"Hjerterum I N\u00f8rre\u00e5 Friskolens SFO er det form\u00e5let, at der i hverdagens relationer mellem b\u00f8rnene, p\u00e6dagoger og skolens og b\u00f8rnehusets \u00f8vrige personale er rum til at handle med hjertet. Det er vigtigt for os, at b\u00f8rnene oplever SFO&#8217;en som et trygt og rart sted at komme og bliver deres eftermiddagshjem. Herved er der dannet et [&hellip;]\" \/>\n<meta property=\"og:url\" content=\"https:\/\/norrea.dk\/sfo\/vaerdigrundlag\/\" \/>\n<meta property=\"og:site_name\" content=\"N\u00f8rre\u00e5 Friskole - SFO\" \/>\n<meta property=\"article:modified_time\" content=\"2022-07-18T18:51:25+00:00\" \/>\n<meta name=\"twitter:card\" content=\"summary_large_image\" \/>\n<meta name=\"twitter:label1\" content=\"Estimeret l\u00e6setid\" \/>\n\t<meta name=\"twitter:data1\" content=\"3 minutter\" \/>\n<script type=\"application\/ld+json\" class=\"yoast-schema-graph\">{\"@context\":\"https:\\\/\\\/schema.org\",\"@graph\":[{\"@type\":\"WebPage\",\"@id\":\"https:\\\/\\\/norrea.dk\\\/sfo\\\/vaerdigrundlag\\\/\",\"url\":\"https:\\\/\\\/norrea.dk\\\/sfo\\\/vaerdigrundlag\\\/\",\"name\":\"V\u00e6rdigrundlag - N\u00f8rre\u00e5 Friskole - SFO\",\"isPartOf\":{\"@id\":\"https:\\\/\\\/norrea.dk\\\/sfo\\\/#website\"},\"datePublished\":\"2020-04-30T18:45:28+00:00\",\"dateModified\":\"2022-07-18T18:51:25+00:00\",\"breadcrumb\":{\"@id\":\"https:\\\/\\\/norrea.dk\\\/sfo\\\/vaerdigrundlag\\\/#breadcrumb\"},\"inLanguage\":\"da-DK\",\"potentialAction\":[{\"@type\":\"ReadAction\",\"target\":[\"https:\\\/\\\/norrea.dk\\\/sfo\\\/vaerdigrundlag\\\/\"]}]},{\"@type\":\"BreadcrumbList\",\"@id\":\"https:\\\/\\\/norrea.dk\\\/sfo\\\/vaerdigrundlag\\\/#breadcrumb\",\"itemListElement\":[{\"@type\":\"ListItem\",\"position\":1,\"name\":\"Hjem\",\"item\":\"https:\\\/\\\/norrea.dk\\\/sfo\\\/\"},{\"@type\":\"ListItem\",\"position\":2,\"name\":\"V\u00e6rdigrundlag\"}]},{\"@type\":\"WebSite\",\"@id\":\"https:\\\/\\\/norrea.dk\\\/sfo\\\/#website\",\"url\":\"https:\\\/\\\/norrea.dk\\\/sfo\\\/\",\"name\":\"N\u00f8rre\u00e5 Friskole - SFO\",\"description\":\"Ud over det s\u00e6dvanlige \",\"publisher\":{\"@id\":\"https:\\\/\\\/norrea.dk\\\/sfo\\\/#organization\"},\"potentialAction\":[{\"@type\":\"SearchAction\",\"target\":{\"@type\":\"EntryPoint\",\"urlTemplate\":\"https:\\\/\\\/norrea.dk\\\/sfo\\\/?s={search_term_string}\"},\"query-input\":{\"@type\":\"PropertyValueSpecification\",\"valueRequired\":true,\"valueName\":\"search_term_string\"}}],\"inLanguage\":\"da-DK\"},{\"@type\":\"Organization\",\"@id\":\"https:\\\/\\\/norrea.dk\\\/sfo\\\/#organization\",\"name\":\"N\u00f8rre\u00e5 Friskole - SFO\",\"url\":\"https:\\\/\\\/norrea.dk\\\/sfo\\\/\",\"logo\":{\"@type\":\"ImageObject\",\"inLanguage\":\"da-DK\",\"@id\":\"https:\\\/\\\/norrea.dk\\\/sfo\\\/#\\\/schema\\\/logo\\\/image\\\/\",\"url\":\"https:\\\/\\\/norrea.dk\\\/sfo\\\/wp-content\\\/uploads\\\/sites\\\/5\\\/2020\\\/04\\\/cropped-logo_portal.png\",\"contentUrl\":\"https:\\\/\\\/norrea.dk\\\/sfo\\\/wp-content\\\/uploads\\\/sites\\\/5\\\/2020\\\/04\\\/cropped-logo_portal.png\",\"width\":283,\"height\":215,\"caption\":\"N\u00f8rre\u00e5 Friskole - SFO\"},\"image\":{\"@id\":\"https:\\\/\\\/norrea.dk\\\/sfo\\\/#\\\/schema\\\/logo\\\/image\\\/\"}}]}<\/script>\n<!-- \/ Yoast SEO plugin. -->","yoast_head_json":{"title":"V\u00e6rdigrundlag - N\u00f8rre\u00e5 Friskole - SFO","robots":{"index":"index","follow":"follow","max-snippet":"max-snippet:-1","max-image-preview":"max-image-preview:large","max-video-preview":"max-video-preview:-1"},"canonical":"https:\/\/norrea.dk\/sfo\/vaerdigrundlag\/","og_locale":"da_DK","og_type":"article","og_title":"V\u00e6rdigrundlag - N\u00f8rre\u00e5 Friskole - SFO","og_description":"Hjerterum I N\u00f8rre\u00e5 Friskolens SFO er det form\u00e5let, at der i hverdagens relationer mellem b\u00f8rnene, p\u00e6dagoger og skolens og b\u00f8rnehusets \u00f8vrige personale er rum til at handle med hjertet. Det er vigtigt for os, at b\u00f8rnene oplever SFO&#8217;en som et trygt og rart sted at komme og bliver deres eftermiddagshjem. Herved er der dannet et [&hellip;]","og_url":"https:\/\/norrea.dk\/sfo\/vaerdigrundlag\/","og_site_name":"N\u00f8rre\u00e5 Friskole - SFO","article_modified_time":"2022-07-18T18:51:25+00:00","twitter_card":"summary_large_image","twitter_misc":{"Estimeret l\u00e6setid":"3 minutter"},"schema":{"@context":"https:\/\/schema.org","@graph":[{"@type":"WebPage","@id":"https:\/\/norrea.dk\/sfo\/vaerdigrundlag\/","url":"https:\/\/norrea.dk\/sfo\/vaerdigrundlag\/","name":"V\u00e6rdigrundlag - N\u00f8rre\u00e5 Friskole - SFO","isPartOf":{"@id":"https:\/\/norrea.dk\/sfo\/#website"},"datePublished":"2020-04-30T18:45:28+00:00","dateModified":"2022-07-18T18:51:25+00:00","breadcrumb":{"@id":"https:\/\/norrea.dk\/sfo\/vaerdigrundlag\/#breadcrumb"},"inLanguage":"da-DK","potentialAction":[{"@type":"ReadAction","target":["https:\/\/norrea.dk\/sfo\/vaerdigrundlag\/"]}]},{"@type":"BreadcrumbList","@id":"https:\/\/norrea.dk\/sfo\/vaerdigrundlag\/#breadcrumb","itemListElement":[{"@type":"ListItem","position":1,"name":"Hjem","item":"https:\/\/norrea.dk\/sfo\/"},{"@type":"ListItem","position":2,"name":"V\u00e6rdigrundlag"}]},{"@type":"WebSite","@id":"https:\/\/norrea.dk\/sfo\/#website","url":"https:\/\/norrea.dk\/sfo\/","name":"N\u00f8rre\u00e5 Friskole - SFO","description":"Ud over det s\u00e6dvanlige ","publisher":{"@id":"https:\/\/norrea.dk\/sfo\/#organization"},"potentialAction":[{"@type":"SearchAction","target":{"@type":"EntryPoint","urlTemplate":"https:\/\/norrea.dk\/sfo\/?s={search_term_string}"},"query-input":{"@type":"PropertyValueSpecification","valueRequired":true,"valueName":"search_term_string"}}],"inLanguage":"da-DK"},{"@type":"Organization","@id":"https:\/\/norrea.dk\/sfo\/#organization","name":"N\u00f8rre\u00e5 Friskole - SFO","url":"https:\/\/norrea.dk\/sfo\/","logo":{"@type":"ImageObject","inLanguage":"da-DK","@id":"https:\/\/norrea.dk\/sfo\/#\/schema\/logo\/image\/","url":"https:\/\/norrea.dk\/sfo\/wp-content\/uploads\/sites\/5\/2020\/04\/cropped-logo_portal.png","contentUrl":"https:\/\/norrea.dk\/sfo\/wp-content\/uploads\/sites\/5\/2020\/04\/cropped-logo_portal.png","width":283,"height":215,"caption":"N\u00f8rre\u00e5 Friskole - SFO"},"image":{"@id":"https:\/\/norrea.dk\/sfo\/#\/schema\/logo\/image\/"}}]}},"amp_enabled":true,"_links":{"self":[{"href":"https:\/\/norrea.dk\/sfo\/wp-json\/wp\/v2\/pages\/52","targetHints":{"allow":["GET"]}}],"collection":[{"href":"https:\/\/norrea.dk\/sfo\/wp-json\/wp\/v2\/pages"}],"about":[{"href":"https:\/\/norrea.dk\/sfo\/wp-json\/wp\/v2\/types\/page"}],"author":[{"embeddable":true,"href":"https:\/\/norrea.dk\/sfo\/wp-json\/wp\/v2\/users\/1"}],"replies":[{"embeddable":true,"href":"https:\/\/norrea.dk\/sfo\/wp-json\/wp\/v2\/comments?post=52"}],"version-history":[{"count":4,"href":"https:\/\/norrea.dk\/sfo\/wp-json\/wp\/v2\/pages\/52\/revisions"}],"predecessor-version":[{"id":161,"href":"https:\/\/norrea.dk\/sfo\/wp-json\/wp\/v2\/pages\/52\/revisions\/161"}],"wp:attachment":[{"href":"https:\/\/norrea.dk\/sfo\/wp-json\/wp\/v2\/media?parent=52"}],"curies":[{"name":"wp","href":"https:\/\/api.w.org\/{rel}","templated":true}]}}