{"id":24,"date":"2020-04-30T20:16:31","date_gmt":"2020-04-30T18:16:31","guid":{"rendered":"http:\/\/norrea.dk\/sfo\/?page_id=24"},"modified":"2020-05-16T15:12:35","modified_gmt":"2020-05-16T13:12:35","slug":"hjem","status":"publish","type":"page","link":"https:\/\/norrea.dk\/sfo\/","title":{"rendered":"SFO &#8211; Profil"},"content":{"rendered":"\n<h4 class=\"wp-block-heading\">Velkommen til SFO, en del af N\u00d8RRE\u00c5 FRISKOLE!<\/h4>\n\n\n\n<p>Som en naturlig del af skolen tilbydes en skolefritidsordning for alle skolens elever fra 0.-4. klasse.<\/p>\n\n\n\n<p>P\u00e5 skolen l\u00e6gges der v\u00e6gt p\u00e5, at der i SFO-delen tilbydes aktiviteter, der prim\u00e6rt tager udgangspunkt i b\u00f8rnene og deres interesser.<\/p>\n\n\n\n<p>Vi har valgt at give faste ugentlige tilbud. S\u00e5ledes tilbydes der sansemotorik, ture ud af huset og torsdag er b\u00e5ldag.<\/p>\n\n\n\n<p><strong>SFO pladsen koster pr. m\u00e5ned Kr. 800,- pr. barn<\/strong><\/p>\n","protected":false},"excerpt":{"rendered":"<p>Velkommen til SFO, en del af N\u00d8RRE\u00c5 FRISKOLE! Som en naturlig del af skolen tilbydes en skolefritidsordning for alle skolens elever fra 0.-4. klasse. P\u00e5 skolen l\u00e6gges der v\u00e6gt p\u00e5, at der i SFO-delen tilbydes aktiviteter, der prim\u00e6rt tager udgangspunkt i b\u00f8rnene og deres interesser. Vi har valgt at give faste ugentlige tilbud. S\u00e5ledes tilbydes [&hellip;]<\/p>\n","protected":false},"author":1,"featured_media":0,"parent":0,"menu_order":2,"comment_status":"closed","ping_status":"closed","template":"","meta":{"ngg_post_thumbnail":0,"footnotes":""},"class_list":["post-24","page","type-page","status-publish","hentry"],"yoast_head":"<!-- This site is optimized with the Yoast SEO plugin v27.5 - https:\/\/yoast.com\/product\/yoast-seo-wordpress\/ -->\n<title>SFO - Profil - N\u00f8rre\u00e5 Friskole - SFO<\/title>\n<meta name=\"robots\" content=\"index, follow, max-snippet:-1, max-image-preview:large, max-video-preview:-1\" \/>\n<link rel=\"canonical\" href=\"https:\/\/norrea.dk\/sfo\/\" \/>\n<meta property=\"og:locale\" content=\"da_DK\" \/>\n<meta property=\"og:type\" content=\"article\" \/>\n<meta property=\"og:title\" content=\"SFO - Profil - N\u00f8rre\u00e5 Friskole - SFO\" \/>\n<meta property=\"og:description\" content=\"Velkommen til SFO, en del af N\u00d8RRE\u00c5 FRISKOLE! Som en naturlig del af skolen tilbydes en skolefritidsordning for alle skolens elever fra 0.-4. klasse. P\u00e5 skolen l\u00e6gges der v\u00e6gt p\u00e5, at der i SFO-delen tilbydes aktiviteter, der prim\u00e6rt tager udgangspunkt i b\u00f8rnene og deres interesser. Vi har valgt at give faste ugentlige tilbud. S\u00e5ledes tilbydes [&hellip;]\" \/>\n<meta property=\"og:url\" content=\"https:\/\/norrea.dk\/sfo\/\" \/>\n<meta property=\"og:site_name\" content=\"N\u00f8rre\u00e5 Friskole - SFO\" \/>\n<meta property=\"article:modified_time\" content=\"2020-05-16T13:12:35+00:00\" \/>\n<meta name=\"twitter:card\" content=\"summary_large_image\" \/>\n<script type=\"application\/ld+json\" class=\"yoast-schema-graph\">{\"@context\":\"https:\\\/\\\/schema.org\",\"@graph\":[{\"@type\":\"WebPage\",\"@id\":\"https:\\\/\\\/norrea.dk\\\/sfo\\\/\",\"url\":\"https:\\\/\\\/norrea.dk\\\/sfo\\\/\",\"name\":\"SFO - Profil - N\u00f8rre\u00e5 Friskole - SFO\",\"isPartOf\":{\"@id\":\"https:\\\/\\\/norrea.dk\\\/sfo\\\/#website\"},\"datePublished\":\"2020-04-30T18:16:31+00:00\",\"dateModified\":\"2020-05-16T13:12:35+00:00\",\"breadcrumb\":{\"@id\":\"https:\\\/\\\/norrea.dk\\\/sfo\\\/#breadcrumb\"},\"inLanguage\":\"da-DK\",\"potentialAction\":[{\"@type\":\"ReadAction\",\"target\":[\"https:\\\/\\\/norrea.dk\\\/sfo\\\/\"]}]},{\"@type\":\"BreadcrumbList\",\"@id\":\"https:\\\/\\\/norrea.dk\\\/sfo\\\/#breadcrumb\",\"itemListElement\":[{\"@type\":\"ListItem\",\"position\":1,\"name\":\"Hjem\",\"item\":\"https:\\\/\\\/norrea.dk\\\/sfo\\\/\"},{\"@type\":\"ListItem\",\"position\":2,\"name\":\"SFO &#8211; Profil\"}]},{\"@type\":\"WebSite\",\"@id\":\"https:\\\/\\\/norrea.dk\\\/sfo\\\/#website\",\"url\":\"https:\\\/\\\/norrea.dk\\\/sfo\\\/\",\"name\":\"N\u00f8rre\u00e5 Friskole - SFO\",\"description\":\"Ud over det s\u00e6dvanlige \",\"publisher\":{\"@id\":\"https:\\\/\\\/norrea.dk\\\/sfo\\\/#organization\"},\"potentialAction\":[{\"@type\":\"SearchAction\",\"target\":{\"@type\":\"EntryPoint\",\"urlTemplate\":\"https:\\\/\\\/norrea.dk\\\/sfo\\\/?s={search_term_string}\"},\"query-input\":{\"@type\":\"PropertyValueSpecification\",\"valueRequired\":true,\"valueName\":\"search_term_string\"}}],\"inLanguage\":\"da-DK\"},{\"@type\":\"Organization\",\"@id\":\"https:\\\/\\\/norrea.dk\\\/sfo\\\/#organization\",\"name\":\"N\u00f8rre\u00e5 Friskole - SFO\",\"url\":\"https:\\\/\\\/norrea.dk\\\/sfo\\\/\",\"logo\":{\"@type\":\"ImageObject\",\"inLanguage\":\"da-DK\",\"@id\":\"https:\\\/\\\/norrea.dk\\\/sfo\\\/#\\\/schema\\\/logo\\\/image\\\/\",\"url\":\"https:\\\/\\\/norrea.dk\\\/sfo\\\/wp-content\\\/uploads\\\/sites\\\/5\\\/2020\\\/04\\\/cropped-logo_portal.png\",\"contentUrl\":\"https:\\\/\\\/norrea.dk\\\/sfo\\\/wp-content\\\/uploads\\\/sites\\\/5\\\/2020\\\/04\\\/cropped-logo_portal.png\",\"width\":283,\"height\":215,\"caption\":\"N\u00f8rre\u00e5 Friskole - SFO\"},\"image\":{\"@id\":\"https:\\\/\\\/norrea.dk\\\/sfo\\\/#\\\/schema\\\/logo\\\/image\\\/\"}}]}<\/script>\n<!-- \/ Yoast SEO plugin. -->","yoast_head_json":{"title":"SFO - Profil - N\u00f8rre\u00e5 Friskole - SFO","robots":{"index":"index","follow":"follow","max-snippet":"max-snippet:-1","max-image-preview":"max-image-preview:large","max-video-preview":"max-video-preview:-1"},"canonical":"https:\/\/norrea.dk\/sfo\/","og_locale":"da_DK","og_type":"article","og_title":"SFO - Profil - N\u00f8rre\u00e5 Friskole - SFO","og_description":"Velkommen til SFO, en del af N\u00d8RRE\u00c5 FRISKOLE! Som en naturlig del af skolen tilbydes en skolefritidsordning for alle skolens elever fra 0.-4. klasse. P\u00e5 skolen l\u00e6gges der v\u00e6gt p\u00e5, at der i SFO-delen tilbydes aktiviteter, der prim\u00e6rt tager udgangspunkt i b\u00f8rnene og deres interesser. Vi har valgt at give faste ugentlige tilbud. S\u00e5ledes tilbydes [&hellip;]","og_url":"https:\/\/norrea.dk\/sfo\/","og_site_name":"N\u00f8rre\u00e5 Friskole - SFO","article_modified_time":"2020-05-16T13:12:35+00:00","twitter_card":"summary_large_image","schema":{"@context":"https:\/\/schema.org","@graph":[{"@type":"WebPage","@id":"https:\/\/norrea.dk\/sfo\/","url":"https:\/\/norrea.dk\/sfo\/","name":"SFO - Profil - N\u00f8rre\u00e5 Friskole - SFO","isPartOf":{"@id":"https:\/\/norrea.dk\/sfo\/#website"},"datePublished":"2020-04-30T18:16:31+00:00","dateModified":"2020-05-16T13:12:35+00:00","breadcrumb":{"@id":"https:\/\/norrea.dk\/sfo\/#breadcrumb"},"inLanguage":"da-DK","potentialAction":[{"@type":"ReadAction","target":["https:\/\/norrea.dk\/sfo\/"]}]},{"@type":"BreadcrumbList","@id":"https:\/\/norrea.dk\/sfo\/#breadcrumb","itemListElement":[{"@type":"ListItem","position":1,"name":"Hjem","item":"https:\/\/norrea.dk\/sfo\/"},{"@type":"ListItem","position":2,"name":"SFO &#8211; Profil"}]},{"@type":"WebSite","@id":"https:\/\/norrea.dk\/sfo\/#website","url":"https:\/\/norrea.dk\/sfo\/","name":"N\u00f8rre\u00e5 Friskole - SFO","description":"Ud over det s\u00e6dvanlige ","publisher":{"@id":"https:\/\/norrea.dk\/sfo\/#organization"},"potentialAction":[{"@type":"SearchAction","target":{"@type":"EntryPoint","urlTemplate":"https:\/\/norrea.dk\/sfo\/?s={search_term_string}"},"query-input":{"@type":"PropertyValueSpecification","valueRequired":true,"valueName":"search_term_string"}}],"inLanguage":"da-DK"},{"@type":"Organization","@id":"https:\/\/norrea.dk\/sfo\/#organization","name":"N\u00f8rre\u00e5 Friskole - SFO","url":"https:\/\/norrea.dk\/sfo\/","logo":{"@type":"ImageObject","inLanguage":"da-DK","@id":"https:\/\/norrea.dk\/sfo\/#\/schema\/logo\/image\/","url":"https:\/\/norrea.dk\/sfo\/wp-content\/uploads\/sites\/5\/2020\/04\/cropped-logo_portal.png","contentUrl":"https:\/\/norrea.dk\/sfo\/wp-content\/uploads\/sites\/5\/2020\/04\/cropped-logo_portal.png","width":283,"height":215,"caption":"N\u00f8rre\u00e5 Friskole - SFO"},"image":{"@id":"https:\/\/norrea.dk\/sfo\/#\/schema\/logo\/image\/"}}]}},"amp_enabled":false,"_links":{"self":[{"href":"https:\/\/norrea.dk\/sfo\/wp-json\/wp\/v2\/pages\/24","targetHints":{"allow":["GET"]}}],"collection":[{"href":"https:\/\/norrea.dk\/sfo\/wp-json\/wp\/v2\/pages"}],"about":[{"href":"https:\/\/norrea.dk\/sfo\/wp-json\/wp\/v2\/types\/page"}],"author":[{"embeddable":true,"href":"https:\/\/norrea.dk\/sfo\/wp-json\/wp\/v2\/users\/1"}],"replies":[{"embeddable":true,"href":"https:\/\/norrea.dk\/sfo\/wp-json\/wp\/v2\/comments?post=24"}],"version-history":[{"count":6,"href":"https:\/\/norrea.dk\/sfo\/wp-json\/wp\/v2\/pages\/24\/revisions"}],"predecessor-version":[{"id":113,"href":"https:\/\/norrea.dk\/sfo\/wp-json\/wp\/v2\/pages\/24\/revisions\/113"}],"wp:attachment":[{"href":"https:\/\/norrea.dk\/sfo\/wp-json\/wp\/v2\/media?parent=24"}],"curies":[{"name":"wp","href":"https:\/\/api.w.org\/{rel}","templated":true}]}}