{"id":98,"date":"2020-03-25T02:00:11","date_gmt":"2020-03-25T01:00:11","guid":{"rendered":"http:\/\/norrea.dk\/friskole\/?page_id=98"},"modified":"2023-12-29T22:27:50","modified_gmt":"2023-12-29T21:27:50","slug":"friskolesamarbejde","status":"publish","type":"page","link":"https:\/\/norrea.dk\/friskole\/friskolesamarbejde\/","title":{"rendered":"Friskolesamarbejde"},"content":{"rendered":"\n<p><\/p>\n\n\n\n<p>Vi samarbejder med omegnens \u00f8vrige friskoler p\u00e5 forskellige m\u00e5der, dette samarbejde kaldes for aksesamarbejdet.<\/p>\n\n\n\n<ul class=\"wp-block-list\">\n<li>Guden\u00e5dalens Friskole<\/li>\n\n\n\n<li>Mammen Fri<\/li>\n\n\n\n<li>N\u00f8rre\u00e5 Friskole &amp; B\u00f8rnehus<\/li>\n<\/ul>\n\n\n\n<p><\/p>\n\n\n\n<p>Vi m\u00f8des om forskellige undervisningsprojekter. Herigennem f\u00e5r vores \u00e6ldste elever, 6.- 9. klasse, et fagligt og socialt l\u00f8ft. Ogs\u00e5 for l\u00e6rerne er der faglig- og social inspiration at hente i samv\u00e6ret med ligesindede p\u00e5 vore naboskoler. Det medvirker \u2013 alt andet lige \u2013 til at fastholde dygtige l\u00e6rerkr\u00e6fter p\u00e5 vores skole.<\/p>\n\n\n\n<p>Herudover udm\u00f8nter samarbejdet sig bl.a. i en naturvidenskabelig uge p\u00e5 Efterskolen i Ulstrup og p\u00e5 Naturvidenskabernes Hus. Vi lejer os simpelthen ind i efterskolens bygninger, mens de er p\u00e5 skitur med deres elever. Vi g\u00f8r s\u00e5 brug af fysiklokale, idr\u00e6tsfaciliteter mv. og opn\u00e5r igen at skabe et fagligt forum for skolernes l\u00e6rere.<\/p>\n\n\n\n<p>Vi har ogs\u00e5 i de seneste \u00e5r haft en f\u00e6lles rusmiddeluge, og der har v\u00e6ret f\u00e6lles ekskursioner mm.<\/p>\n\n\n\n<p>I dette skole\u00e5r er der ogs\u00e5 4 samlinger for vores 6.-7. klasser med akseskolerne. Disse kan ses i kalenderen. Der vil endvidere v\u00e6re f\u00e6llesaktiviteter for de \u00f8vrige klasser.<\/p>\n\n\n\n<p>Vi er meget glade for dette samarbejde, hvilket giver vores elever flere j\u00e6vnaldrende at sparre med og f\u00e5 relationer med. Vi har et \u00f8nske om b\u00e5de at forts\u00e6tte dette samarbejde og meget gerne udbygge det.<\/p>\n","protected":false},"excerpt":{"rendered":"<p>Vi samarbejder med omegnens \u00f8vrige friskoler p\u00e5 forskellige m\u00e5der, dette samarbejde kaldes for aksesamarbejdet. Vi m\u00f8des om forskellige undervisningsprojekter. Herigennem f\u00e5r vores \u00e6ldste elever, 6.- 9. klasse, et fagligt og socialt l\u00f8ft. Ogs\u00e5 for l\u00e6rerne er der faglig- og social inspiration at hente i samv\u00e6ret med ligesindede p\u00e5 vore naboskoler. Det medvirker \u2013 alt andet [&hellip;]<\/p>\n","protected":false},"author":1,"featured_media":0,"parent":0,"menu_order":6,"comment_status":"closed","ping_status":"closed","template":"","meta":{"ngg_post_thumbnail":0,"footnotes":""},"class_list":["post-98","page","type-page","status-publish","hentry"],"yoast_head":"<!-- This site is optimized with the Yoast SEO plugin v27.5 - https:\/\/yoast.com\/product\/yoast-seo-wordpress\/ -->\n<title>Friskolesamarbejde - N\u00f8rre\u00e5 Friskole<\/title>\n<meta name=\"robots\" content=\"index, follow, max-snippet:-1, max-image-preview:large, max-video-preview:-1\" \/>\n<link rel=\"canonical\" href=\"https:\/\/norrea.dk\/friskole\/friskolesamarbejde\/\" \/>\n<meta property=\"og:locale\" content=\"da_DK\" \/>\n<meta property=\"og:type\" content=\"article\" \/>\n<meta property=\"og:title\" content=\"Friskolesamarbejde - N\u00f8rre\u00e5 Friskole\" \/>\n<meta property=\"og:description\" content=\"Vi samarbejder med omegnens \u00f8vrige friskoler p\u00e5 forskellige m\u00e5der, dette samarbejde kaldes for aksesamarbejdet. Vi m\u00f8des om forskellige undervisningsprojekter. Herigennem f\u00e5r vores \u00e6ldste elever, 6.- 9. klasse, et fagligt og socialt l\u00f8ft. Ogs\u00e5 for l\u00e6rerne er der faglig- og social inspiration at hente i samv\u00e6ret med ligesindede p\u00e5 vore naboskoler. Det medvirker \u2013 alt andet [&hellip;]\" \/>\n<meta property=\"og:url\" content=\"https:\/\/norrea.dk\/friskole\/friskolesamarbejde\/\" \/>\n<meta property=\"og:site_name\" content=\"N\u00f8rre\u00e5 Friskole\" \/>\n<meta property=\"article:modified_time\" content=\"2023-12-29T21:27:50+00:00\" \/>\n<meta name=\"twitter:card\" content=\"summary_large_image\" \/>\n<meta name=\"twitter:label1\" content=\"Estimeret l\u00e6setid\" \/>\n\t<meta name=\"twitter:data1\" content=\"2 minutter\" \/>\n<script type=\"application\/ld+json\" class=\"yoast-schema-graph\">{\"@context\":\"https:\\\/\\\/schema.org\",\"@graph\":[{\"@type\":\"WebPage\",\"@id\":\"https:\\\/\\\/norrea.dk\\\/friskole\\\/friskolesamarbejde\\\/\",\"url\":\"https:\\\/\\\/norrea.dk\\\/friskole\\\/friskolesamarbejde\\\/\",\"name\":\"Friskolesamarbejde - N\u00f8rre\u00e5 Friskole\",\"isPartOf\":{\"@id\":\"https:\\\/\\\/norrea.dk\\\/friskole\\\/#website\"},\"datePublished\":\"2020-03-25T01:00:11+00:00\",\"dateModified\":\"2023-12-29T21:27:50+00:00\",\"breadcrumb\":{\"@id\":\"https:\\\/\\\/norrea.dk\\\/friskole\\\/friskolesamarbejde\\\/#breadcrumb\"},\"inLanguage\":\"da-DK\",\"potentialAction\":[{\"@type\":\"ReadAction\",\"target\":[\"https:\\\/\\\/norrea.dk\\\/friskole\\\/friskolesamarbejde\\\/\"]}]},{\"@type\":\"BreadcrumbList\",\"@id\":\"https:\\\/\\\/norrea.dk\\\/friskole\\\/friskolesamarbejde\\\/#breadcrumb\",\"itemListElement\":[{\"@type\":\"ListItem\",\"position\":1,\"name\":\"Hjem\",\"item\":\"https:\\\/\\\/norrea.dk\\\/friskole\\\/\"},{\"@type\":\"ListItem\",\"position\":2,\"name\":\"Friskolesamarbejde\"}]},{\"@type\":\"WebSite\",\"@id\":\"https:\\\/\\\/norrea.dk\\\/friskole\\\/#website\",\"url\":\"https:\\\/\\\/norrea.dk\\\/friskole\\\/\",\"name\":\"N\u00f8rre\u00e5 Friskole\",\"description\":\"0. - 9. klasse, SFO\",\"publisher\":{\"@id\":\"https:\\\/\\\/norrea.dk\\\/friskole\\\/#organization\"},\"potentialAction\":[{\"@type\":\"SearchAction\",\"target\":{\"@type\":\"EntryPoint\",\"urlTemplate\":\"https:\\\/\\\/norrea.dk\\\/friskole\\\/?s={search_term_string}\"},\"query-input\":{\"@type\":\"PropertyValueSpecification\",\"valueRequired\":true,\"valueName\":\"search_term_string\"}}],\"inLanguage\":\"da-DK\"},{\"@type\":\"Organization\",\"@id\":\"https:\\\/\\\/norrea.dk\\\/friskole\\\/#organization\",\"name\":\"N\u00f8rre\u00e5 Friskole\",\"url\":\"https:\\\/\\\/norrea.dk\\\/friskole\\\/\",\"logo\":{\"@type\":\"ImageObject\",\"inLanguage\":\"da-DK\",\"@id\":\"https:\\\/\\\/norrea.dk\\\/friskole\\\/#\\\/schema\\\/logo\\\/image\\\/\",\"url\":\"https:\\\/\\\/norrea.dk\\\/friskole\\\/wp-content\\\/uploads\\\/sites\\\/2\\\/2020\\\/03\\\/cropped-logo_portal.png\",\"contentUrl\":\"https:\\\/\\\/norrea.dk\\\/friskole\\\/wp-content\\\/uploads\\\/sites\\\/2\\\/2020\\\/03\\\/cropped-logo_portal.png\",\"width\":283,\"height\":215,\"caption\":\"N\u00f8rre\u00e5 Friskole\"},\"image\":{\"@id\":\"https:\\\/\\\/norrea.dk\\\/friskole\\\/#\\\/schema\\\/logo\\\/image\\\/\"}}]}<\/script>\n<!-- \/ Yoast SEO plugin. -->","yoast_head_json":{"title":"Friskolesamarbejde - N\u00f8rre\u00e5 Friskole","robots":{"index":"index","follow":"follow","max-snippet":"max-snippet:-1","max-image-preview":"max-image-preview:large","max-video-preview":"max-video-preview:-1"},"canonical":"https:\/\/norrea.dk\/friskole\/friskolesamarbejde\/","og_locale":"da_DK","og_type":"article","og_title":"Friskolesamarbejde - N\u00f8rre\u00e5 Friskole","og_description":"Vi samarbejder med omegnens \u00f8vrige friskoler p\u00e5 forskellige m\u00e5der, dette samarbejde kaldes for aksesamarbejdet. Vi m\u00f8des om forskellige undervisningsprojekter. Herigennem f\u00e5r vores \u00e6ldste elever, 6.- 9. klasse, et fagligt og socialt l\u00f8ft. Ogs\u00e5 for l\u00e6rerne er der faglig- og social inspiration at hente i samv\u00e6ret med ligesindede p\u00e5 vore naboskoler. Det medvirker \u2013 alt andet [&hellip;]","og_url":"https:\/\/norrea.dk\/friskole\/friskolesamarbejde\/","og_site_name":"N\u00f8rre\u00e5 Friskole","article_modified_time":"2023-12-29T21:27:50+00:00","twitter_card":"summary_large_image","twitter_misc":{"Estimeret l\u00e6setid":"2 minutter"},"schema":{"@context":"https:\/\/schema.org","@graph":[{"@type":"WebPage","@id":"https:\/\/norrea.dk\/friskole\/friskolesamarbejde\/","url":"https:\/\/norrea.dk\/friskole\/friskolesamarbejde\/","name":"Friskolesamarbejde - N\u00f8rre\u00e5 Friskole","isPartOf":{"@id":"https:\/\/norrea.dk\/friskole\/#website"},"datePublished":"2020-03-25T01:00:11+00:00","dateModified":"2023-12-29T21:27:50+00:00","breadcrumb":{"@id":"https:\/\/norrea.dk\/friskole\/friskolesamarbejde\/#breadcrumb"},"inLanguage":"da-DK","potentialAction":[{"@type":"ReadAction","target":["https:\/\/norrea.dk\/friskole\/friskolesamarbejde\/"]}]},{"@type":"BreadcrumbList","@id":"https:\/\/norrea.dk\/friskole\/friskolesamarbejde\/#breadcrumb","itemListElement":[{"@type":"ListItem","position":1,"name":"Hjem","item":"https:\/\/norrea.dk\/friskole\/"},{"@type":"ListItem","position":2,"name":"Friskolesamarbejde"}]},{"@type":"WebSite","@id":"https:\/\/norrea.dk\/friskole\/#website","url":"https:\/\/norrea.dk\/friskole\/","name":"N\u00f8rre\u00e5 Friskole","description":"0. - 9. klasse, SFO","publisher":{"@id":"https:\/\/norrea.dk\/friskole\/#organization"},"potentialAction":[{"@type":"SearchAction","target":{"@type":"EntryPoint","urlTemplate":"https:\/\/norrea.dk\/friskole\/?s={search_term_string}"},"query-input":{"@type":"PropertyValueSpecification","valueRequired":true,"valueName":"search_term_string"}}],"inLanguage":"da-DK"},{"@type":"Organization","@id":"https:\/\/norrea.dk\/friskole\/#organization","name":"N\u00f8rre\u00e5 Friskole","url":"https:\/\/norrea.dk\/friskole\/","logo":{"@type":"ImageObject","inLanguage":"da-DK","@id":"https:\/\/norrea.dk\/friskole\/#\/schema\/logo\/image\/","url":"https:\/\/norrea.dk\/friskole\/wp-content\/uploads\/sites\/2\/2020\/03\/cropped-logo_portal.png","contentUrl":"https:\/\/norrea.dk\/friskole\/wp-content\/uploads\/sites\/2\/2020\/03\/cropped-logo_portal.png","width":283,"height":215,"caption":"N\u00f8rre\u00e5 Friskole"},"image":{"@id":"https:\/\/norrea.dk\/friskole\/#\/schema\/logo\/image\/"}}]}},"amp_enabled":true,"_links":{"self":[{"href":"https:\/\/norrea.dk\/friskole\/wp-json\/wp\/v2\/pages\/98","targetHints":{"allow":["GET"]}}],"collection":[{"href":"https:\/\/norrea.dk\/friskole\/wp-json\/wp\/v2\/pages"}],"about":[{"href":"https:\/\/norrea.dk\/friskole\/wp-json\/wp\/v2\/types\/page"}],"author":[{"embeddable":true,"href":"https:\/\/norrea.dk\/friskole\/wp-json\/wp\/v2\/users\/1"}],"replies":[{"embeddable":true,"href":"https:\/\/norrea.dk\/friskole\/wp-json\/wp\/v2\/comments?post=98"}],"version-history":[{"count":5,"href":"https:\/\/norrea.dk\/friskole\/wp-json\/wp\/v2\/pages\/98\/revisions"}],"predecessor-version":[{"id":618,"href":"https:\/\/norrea.dk\/friskole\/wp-json\/wp\/v2\/pages\/98\/revisions\/618"}],"wp:attachment":[{"href":"https:\/\/norrea.dk\/friskole\/wp-json\/wp\/v2\/media?parent=98"}],"curies":[{"name":"wp","href":"https:\/\/api.w.org\/{rel}","templated":true}]}}