{"id":95,"date":"2020-03-25T01:53:50","date_gmt":"2020-03-25T00:53:50","guid":{"rendered":"http:\/\/norrea.dk\/friskole\/?page_id=95"},"modified":"2020-04-28T23:04:40","modified_gmt":"2020-04-28T21:04:40","slug":"arbejdsgrupper","status":"publish","type":"page","link":"https:\/\/norrea.dk\/friskole\/dagligdag\/arbejdsgrupper\/","title":{"rendered":"Arbejdsgrupper"},"content":{"rendered":"\n<p>Der er f\u00f8lgende  grupper: <\/p>\n\n\n\n<p>\u00b7&nbsp;&nbsp;&nbsp;&nbsp;&nbsp;&nbsp;&nbsp;<strong>&nbsp;  Akutgruppen  <\/strong>\u2013 tager sig af pludselige opst\u00e5ede opgaver og mulige  skader p\u00e5 stedet. <\/p>\n\n\n\n<p>\u00b7&nbsp;&nbsp;&nbsp;&nbsp;&nbsp;&nbsp;&nbsp;&nbsp; \n<strong>Forplejningsgruppen<\/strong> \u2013 hj\u00e6lper med \nkager og boller til de forskellige arrangementer p\u00e5 skolen. Kontaktperson&nbsp;er \nBente.<\/p>\n\n\n\n<p>\u00b7&nbsp;&nbsp;&nbsp;&nbsp;&nbsp;&nbsp;&nbsp;&nbsp; \n<strong>Malergruppen<\/strong> \u2013 hj\u00e6lper med de \nmaleropgaver, vi af en eller anden grund (fx vejret) ikke f\u00e5r gjort p\u00e5 de to \narbejdsl\u00f8rdage. Kontaktperson &nbsp;er Birgitte Danielsen.<\/p>\n\n\n\n<p>\u00b7&nbsp;&nbsp;&nbsp;&nbsp;&nbsp;&nbsp;&nbsp;&nbsp; \n<strong>Legepladsgruppen<\/strong> \u2013 En ny gruppe, der \nhj\u00e6lper med at nyt\u00e6nke vores legeplads og hj\u00e6lpe med sm\u00e5 lovlige \nreparationer.&nbsp;<\/p>\n\n\n\n<p>\u00b7&nbsp;&nbsp;&nbsp;&nbsp;&nbsp;&nbsp;&nbsp;&nbsp; \n<strong>PR\/fundraising gruppen<\/strong> \u2013 En gruppe, \nhvor man sammen med personalet&nbsp;f\u00e5r&nbsp;id\u00e9er til at skaffe nogle ekstra midler et \nprojekt eller \u201dgaver\u201d til skolen. PR-delen er at holde vores foldere opdaterede. \nKontaktperson i bestyrelsen er Gertrud.<\/p>\n\n\n\n<p>\u00b7&nbsp;&nbsp;&nbsp;&nbsp;&nbsp;&nbsp;&nbsp;&nbsp; \n<strong>Gr\u00e6sgruppen<\/strong> \u2013 holde skolens \ngr\u00e6sarealer sl\u00e5et i sommerhalv\u00e5ret. Skolen har en havetraktor. Kontaktperson i \nbestyrelsen er Ulrik Christensen<\/p>\n\n\n\n<p>Herudover har \nvi:<\/p>\n\n\n\n<p>Akutgruppen, som er en <strong>lukket gruppe,<\/strong> hvor der er h\u00e5ndplukket nogle gode h\u00e5ndv\u00e6rkere til at kigge skolens bygninger efter i s\u00f8mmene, s\u00e5 vi bedre kan prioritere, hvad der skal laves\/vedligeholdes i n\u00e6ste budget\u00e5r. <\/p>\n","protected":false},"excerpt":{"rendered":"<p>Der er f\u00f8lgende grupper: \u00b7&nbsp;&nbsp;&nbsp;&nbsp;&nbsp;&nbsp;&nbsp;&nbsp; Akutgruppen \u2013 tager sig af pludselige opst\u00e5ede opgaver og mulige skader p\u00e5 stedet. \u00b7&nbsp;&nbsp;&nbsp;&nbsp;&nbsp;&nbsp;&nbsp;&nbsp; Forplejningsgruppen \u2013 hj\u00e6lper med kager og boller til de forskellige arrangementer p\u00e5 skolen. Kontaktperson&nbsp;er Bente. \u00b7&nbsp;&nbsp;&nbsp;&nbsp;&nbsp;&nbsp;&nbsp;&nbsp; Malergruppen \u2013 hj\u00e6lper med de maleropgaver, vi af en eller anden grund (fx vejret) ikke f\u00e5r gjort p\u00e5 de to [&hellip;]<\/p>\n","protected":false},"author":1,"featured_media":0,"parent":263,"menu_order":3,"comment_status":"closed","ping_status":"closed","template":"","meta":{"ngg_post_thumbnail":0,"footnotes":""},"class_list":["post-95","page","type-page","status-publish","hentry"],"yoast_head":"<!-- This site is optimized with the Yoast SEO plugin v27.4 - https:\/\/yoast.com\/product\/yoast-seo-wordpress\/ -->\n<title>Arbejdsgrupper - N\u00f8rre\u00e5 Friskole<\/title>\n<meta name=\"robots\" content=\"index, follow, max-snippet:-1, max-image-preview:large, max-video-preview:-1\" \/>\n<link rel=\"canonical\" href=\"https:\/\/norrea.dk\/friskole\/dagligdag\/arbejdsgrupper\/\" \/>\n<meta property=\"og:locale\" content=\"da_DK\" \/>\n<meta property=\"og:type\" content=\"article\" \/>\n<meta property=\"og:title\" content=\"Arbejdsgrupper - N\u00f8rre\u00e5 Friskole\" \/>\n<meta property=\"og:description\" content=\"Der er f\u00f8lgende grupper: \u00b7&nbsp;&nbsp;&nbsp;&nbsp;&nbsp;&nbsp;&nbsp;&nbsp; Akutgruppen \u2013 tager sig af pludselige opst\u00e5ede opgaver og mulige skader p\u00e5 stedet. \u00b7&nbsp;&nbsp;&nbsp;&nbsp;&nbsp;&nbsp;&nbsp;&nbsp; Forplejningsgruppen \u2013 hj\u00e6lper med kager og boller til de forskellige arrangementer p\u00e5 skolen. Kontaktperson&nbsp;er Bente. \u00b7&nbsp;&nbsp;&nbsp;&nbsp;&nbsp;&nbsp;&nbsp;&nbsp; Malergruppen \u2013 hj\u00e6lper med de maleropgaver, vi af en eller anden grund (fx vejret) ikke f\u00e5r gjort p\u00e5 de to [&hellip;]\" \/>\n<meta property=\"og:url\" content=\"https:\/\/norrea.dk\/friskole\/dagligdag\/arbejdsgrupper\/\" \/>\n<meta property=\"og:site_name\" content=\"N\u00f8rre\u00e5 Friskole\" \/>\n<meta property=\"article:modified_time\" content=\"2020-04-28T21:04:40+00:00\" \/>\n<meta name=\"twitter:card\" content=\"summary_large_image\" \/>\n<meta name=\"twitter:label1\" content=\"Estimeret l\u00e6setid\" \/>\n\t<meta name=\"twitter:data1\" content=\"1 minut\" \/>\n<script type=\"application\/ld+json\" class=\"yoast-schema-graph\">{\"@context\":\"https:\\\/\\\/schema.org\",\"@graph\":[{\"@type\":\"WebPage\",\"@id\":\"https:\\\/\\\/norrea.dk\\\/friskole\\\/dagligdag\\\/arbejdsgrupper\\\/\",\"url\":\"https:\\\/\\\/norrea.dk\\\/friskole\\\/dagligdag\\\/arbejdsgrupper\\\/\",\"name\":\"Arbejdsgrupper - N\u00f8rre\u00e5 Friskole\",\"isPartOf\":{\"@id\":\"https:\\\/\\\/norrea.dk\\\/friskole\\\/#website\"},\"datePublished\":\"2020-03-25T00:53:50+00:00\",\"dateModified\":\"2020-04-28T21:04:40+00:00\",\"breadcrumb\":{\"@id\":\"https:\\\/\\\/norrea.dk\\\/friskole\\\/dagligdag\\\/arbejdsgrupper\\\/#breadcrumb\"},\"inLanguage\":\"da-DK\",\"potentialAction\":[{\"@type\":\"ReadAction\",\"target\":[\"https:\\\/\\\/norrea.dk\\\/friskole\\\/dagligdag\\\/arbejdsgrupper\\\/\"]}]},{\"@type\":\"BreadcrumbList\",\"@id\":\"https:\\\/\\\/norrea.dk\\\/friskole\\\/dagligdag\\\/arbejdsgrupper\\\/#breadcrumb\",\"itemListElement\":[{\"@type\":\"ListItem\",\"position\":1,\"name\":\"Hjem\",\"item\":\"https:\\\/\\\/norrea.dk\\\/friskole\\\/\"},{\"@type\":\"ListItem\",\"position\":2,\"name\":\"Dagligdag\",\"item\":\"https:\\\/\\\/norrea.dk\\\/friskole\\\/dagligdag\\\/\"},{\"@type\":\"ListItem\",\"position\":3,\"name\":\"Arbejdsgrupper\"}]},{\"@type\":\"WebSite\",\"@id\":\"https:\\\/\\\/norrea.dk\\\/friskole\\\/#website\",\"url\":\"https:\\\/\\\/norrea.dk\\\/friskole\\\/\",\"name\":\"N\u00f8rre\u00e5 Friskole\",\"description\":\"0. - 9. klasse, SFO\",\"publisher\":{\"@id\":\"https:\\\/\\\/norrea.dk\\\/friskole\\\/#organization\"},\"potentialAction\":[{\"@type\":\"SearchAction\",\"target\":{\"@type\":\"EntryPoint\",\"urlTemplate\":\"https:\\\/\\\/norrea.dk\\\/friskole\\\/?s={search_term_string}\"},\"query-input\":{\"@type\":\"PropertyValueSpecification\",\"valueRequired\":true,\"valueName\":\"search_term_string\"}}],\"inLanguage\":\"da-DK\"},{\"@type\":\"Organization\",\"@id\":\"https:\\\/\\\/norrea.dk\\\/friskole\\\/#organization\",\"name\":\"N\u00f8rre\u00e5 Friskole\",\"url\":\"https:\\\/\\\/norrea.dk\\\/friskole\\\/\",\"logo\":{\"@type\":\"ImageObject\",\"inLanguage\":\"da-DK\",\"@id\":\"https:\\\/\\\/norrea.dk\\\/friskole\\\/#\\\/schema\\\/logo\\\/image\\\/\",\"url\":\"https:\\\/\\\/norrea.dk\\\/friskole\\\/wp-content\\\/uploads\\\/sites\\\/2\\\/2020\\\/03\\\/cropped-logo_portal.png\",\"contentUrl\":\"https:\\\/\\\/norrea.dk\\\/friskole\\\/wp-content\\\/uploads\\\/sites\\\/2\\\/2020\\\/03\\\/cropped-logo_portal.png\",\"width\":283,\"height\":215,\"caption\":\"N\u00f8rre\u00e5 Friskole\"},\"image\":{\"@id\":\"https:\\\/\\\/norrea.dk\\\/friskole\\\/#\\\/schema\\\/logo\\\/image\\\/\"}}]}<\/script>\n<!-- \/ Yoast SEO plugin. -->","yoast_head_json":{"title":"Arbejdsgrupper - N\u00f8rre\u00e5 Friskole","robots":{"index":"index","follow":"follow","max-snippet":"max-snippet:-1","max-image-preview":"max-image-preview:large","max-video-preview":"max-video-preview:-1"},"canonical":"https:\/\/norrea.dk\/friskole\/dagligdag\/arbejdsgrupper\/","og_locale":"da_DK","og_type":"article","og_title":"Arbejdsgrupper - N\u00f8rre\u00e5 Friskole","og_description":"Der er f\u00f8lgende grupper: \u00b7&nbsp;&nbsp;&nbsp;&nbsp;&nbsp;&nbsp;&nbsp;&nbsp; Akutgruppen \u2013 tager sig af pludselige opst\u00e5ede opgaver og mulige skader p\u00e5 stedet. \u00b7&nbsp;&nbsp;&nbsp;&nbsp;&nbsp;&nbsp;&nbsp;&nbsp; Forplejningsgruppen \u2013 hj\u00e6lper med kager og boller til de forskellige arrangementer p\u00e5 skolen. Kontaktperson&nbsp;er Bente. \u00b7&nbsp;&nbsp;&nbsp;&nbsp;&nbsp;&nbsp;&nbsp;&nbsp; Malergruppen \u2013 hj\u00e6lper med de maleropgaver, vi af en eller anden grund (fx vejret) ikke f\u00e5r gjort p\u00e5 de to [&hellip;]","og_url":"https:\/\/norrea.dk\/friskole\/dagligdag\/arbejdsgrupper\/","og_site_name":"N\u00f8rre\u00e5 Friskole","article_modified_time":"2020-04-28T21:04:40+00:00","twitter_card":"summary_large_image","twitter_misc":{"Estimeret l\u00e6setid":"1 minut"},"schema":{"@context":"https:\/\/schema.org","@graph":[{"@type":"WebPage","@id":"https:\/\/norrea.dk\/friskole\/dagligdag\/arbejdsgrupper\/","url":"https:\/\/norrea.dk\/friskole\/dagligdag\/arbejdsgrupper\/","name":"Arbejdsgrupper - N\u00f8rre\u00e5 Friskole","isPartOf":{"@id":"https:\/\/norrea.dk\/friskole\/#website"},"datePublished":"2020-03-25T00:53:50+00:00","dateModified":"2020-04-28T21:04:40+00:00","breadcrumb":{"@id":"https:\/\/norrea.dk\/friskole\/dagligdag\/arbejdsgrupper\/#breadcrumb"},"inLanguage":"da-DK","potentialAction":[{"@type":"ReadAction","target":["https:\/\/norrea.dk\/friskole\/dagligdag\/arbejdsgrupper\/"]}]},{"@type":"BreadcrumbList","@id":"https:\/\/norrea.dk\/friskole\/dagligdag\/arbejdsgrupper\/#breadcrumb","itemListElement":[{"@type":"ListItem","position":1,"name":"Hjem","item":"https:\/\/norrea.dk\/friskole\/"},{"@type":"ListItem","position":2,"name":"Dagligdag","item":"https:\/\/norrea.dk\/friskole\/dagligdag\/"},{"@type":"ListItem","position":3,"name":"Arbejdsgrupper"}]},{"@type":"WebSite","@id":"https:\/\/norrea.dk\/friskole\/#website","url":"https:\/\/norrea.dk\/friskole\/","name":"N\u00f8rre\u00e5 Friskole","description":"0. - 9. klasse, SFO","publisher":{"@id":"https:\/\/norrea.dk\/friskole\/#organization"},"potentialAction":[{"@type":"SearchAction","target":{"@type":"EntryPoint","urlTemplate":"https:\/\/norrea.dk\/friskole\/?s={search_term_string}"},"query-input":{"@type":"PropertyValueSpecification","valueRequired":true,"valueName":"search_term_string"}}],"inLanguage":"da-DK"},{"@type":"Organization","@id":"https:\/\/norrea.dk\/friskole\/#organization","name":"N\u00f8rre\u00e5 Friskole","url":"https:\/\/norrea.dk\/friskole\/","logo":{"@type":"ImageObject","inLanguage":"da-DK","@id":"https:\/\/norrea.dk\/friskole\/#\/schema\/logo\/image\/","url":"https:\/\/norrea.dk\/friskole\/wp-content\/uploads\/sites\/2\/2020\/03\/cropped-logo_portal.png","contentUrl":"https:\/\/norrea.dk\/friskole\/wp-content\/uploads\/sites\/2\/2020\/03\/cropped-logo_portal.png","width":283,"height":215,"caption":"N\u00f8rre\u00e5 Friskole"},"image":{"@id":"https:\/\/norrea.dk\/friskole\/#\/schema\/logo\/image\/"}}]}},"amp_enabled":true,"_links":{"self":[{"href":"https:\/\/norrea.dk\/friskole\/wp-json\/wp\/v2\/pages\/95","targetHints":{"allow":["GET"]}}],"collection":[{"href":"https:\/\/norrea.dk\/friskole\/wp-json\/wp\/v2\/pages"}],"about":[{"href":"https:\/\/norrea.dk\/friskole\/wp-json\/wp\/v2\/types\/page"}],"author":[{"embeddable":true,"href":"https:\/\/norrea.dk\/friskole\/wp-json\/wp\/v2\/users\/1"}],"replies":[{"embeddable":true,"href":"https:\/\/norrea.dk\/friskole\/wp-json\/wp\/v2\/comments?post=95"}],"version-history":[{"count":2,"href":"https:\/\/norrea.dk\/friskole\/wp-json\/wp\/v2\/pages\/95\/revisions"}],"predecessor-version":[{"id":249,"href":"https:\/\/norrea.dk\/friskole\/wp-json\/wp\/v2\/pages\/95\/revisions\/249"}],"up":[{"embeddable":true,"href":"https:\/\/norrea.dk\/friskole\/wp-json\/wp\/v2\/pages\/263"}],"wp:attachment":[{"href":"https:\/\/norrea.dk\/friskole\/wp-json\/wp\/v2\/media?parent=95"}],"curies":[{"name":"wp","href":"https:\/\/api.w.org\/{rel}","templated":true}]}}