{"id":89,"date":"2020-03-25T01:49:12","date_gmt":"2020-03-25T00:49:12","guid":{"rendered":"http:\/\/norrea.dk\/friskole\/?page_id=89"},"modified":"2025-05-19T22:25:46","modified_gmt":"2025-05-19T20:25:46","slug":"tilsyn","status":"publish","type":"page","link":"https:\/\/norrea.dk\/friskole\/tilsyn\/","title":{"rendered":"Tilsyn"},"content":{"rendered":"\n<p><strong>Tilsynsf\u00f8rende er:  <\/strong><\/p>\n\n\n\n<figure class=\"wp-block-table\"><table><tbody><tr><td> Henriette Haar M\u00f8nsted, Sejersgade 11, 8620 Vium, Kjellerup<\/td><\/tr><\/tbody><\/table><\/figure>\n\n\n\n<p><\/p>\n\n\n\n<p><strong><a href=\"https:\/\/norrea.dk\/friskole\/wp-content\/uploads\/sites\/2\/2025\/05\/Tilsynsrapport-for-Noerreaa-Friskole-2024-25.pdf\" target=\"_blank\" rel=\"noreferrer noopener\">Tilsynsrapport 2024 \/ 2025<\/a><\/strong><\/p>\n\n\n\n<p><a href=\"https:\/\/norrea.dk\/friskole\/wp-content\/uploads\/sites\/2\/2025\/04\/Tilsynsrapport-for-Noerreaa-Friskole-2023-2024.pdf\" target=\"_blank\" rel=\"noreferrer noopener\"><strong>Tilsynsrapport 2023 \/ 2024<\/strong><\/a><\/p>\n\n\n\n<p><strong><a href=\"https:\/\/norrea.dk\/friskole\/wp-content\/uploads\/sites\/2\/2023\/05\/Tilsynsrapport-for-Noerreaa-Friskole-2022-2023.pdf\" target=\"_blank\" rel=\"noreferrer noopener\">Tilsynsrapport 2022 \/ 2023<\/a><\/strong><\/p>\n\n\n\n<p><a href=\"https:\/\/norrea.dk\/friskole\/wp-content\/uploads\/sites\/2\/2022\/07\/Tilsynsrapport-Noerreaa-Friskole-2021-2022-for-Noerreaa-Friskole-og-Boernehus.pdf\" target=\"_blank\" rel=\"noreferrer noopener\"><strong>Tilsynsrapport 2021 \/ 2022<\/strong><\/a><\/p>\n\n\n\n<p><strong><a href=\"https:\/\/norrea.dk\/friskole\/wp-content\/uploads\/sites\/2\/2021\/08\/Tilsynsrapport-Noerreaa-Friskole-2020-2021-.pdf\" target=\"_blank\" rel=\"noreferrer noopener\">Tilsynsrapport 2020 \/ 2021<\/a><\/strong><\/p>\n\n\n\n<p><strong><a rel=\"noreferrer noopener\" href=\"https:\/\/norrea.dk\/friskole\/wp-content\/uploads\/sites\/2\/2020\/05\/Tilsynserkl\u00e6ring-2019_2020.pdf\" target=\"_blank\">Tilsynsrapport 2019 \/ 2020<\/a><\/strong><\/p>\n\n\n\n<p><strong><a rel=\"noreferrer noopener\" href=\"https:\/\/norrea.dk\/friskole\/wp-content\/uploads\/sites\/2\/2020\/05\/Tilsynsrapport-2018_2019.pdf\" target=\"_blank\">Tilsynsrapport 2018 \/ 2019<\/a><\/strong><\/p>\n\n\n\n<p><strong><a rel=\"noreferrer noopener\" href=\"https:\/\/norrea.dk\/friskole\/wp-content\/uploads\/sites\/2\/2020\/05\/Tilsynsrapport-2017_2018.pdf\" target=\"_blank\">Tilsynsrapport 2017 \/ 2018<\/a><\/strong><\/p>\n\n\n\n<p><strong><a rel=\"noreferrer noopener\" href=\"https:\/\/norrea.dk\/friskole\/wp-content\/uploads\/sites\/2\/2020\/05\/Tilsynsrapport-2016_2017.pdf\" target=\"_blank\">Tilsynsrapport 2016 \/ 2017<\/a><\/strong><\/p>\n\n\n\n<p><strong><a rel=\"noreferrer noopener\" href=\"https:\/\/norrea.dk\/friskole\/wp-content\/uploads\/sites\/2\/2020\/05\/\u00c5rsrapport-skole\u00e5ret-2015_2016.pdf\" target=\"_blank\">\u00c5rsrapport skole\u00e5ret 2015 \/ 2016<\/a><\/strong><\/p>\n\n\n\n<p><strong><a href=\"https:\/\/norrea.dk\/friskole\/wp-content\/uploads\/sites\/2\/2020\/05\/Tilsynsrapport-for\u00e5ret-2016.pdf\" target=\"_blank\" rel=\"noreferrer noopener\">Tilsynsrapport for\u00e5r 2016<\/a><\/strong><\/p>\n\n\n\n<p><strong><a rel=\"noreferrer noopener\" href=\"https:\/\/norrea.dk\/friskole\/wp-content\/uploads\/sites\/2\/2020\/05\/Tilsynsrapport-efter\u00e5ret-2015.pdf\" target=\"_blank\">Tilsynsrapport efter\u00e5r 2015<\/a><\/strong><\/p>\n\n\n\n<p><strong><a href=\"https:\/\/norrea.dk\/friskole\/wp-content\/uploads\/sites\/2\/2020\/05\/Tilsynsrapport-for\u00e5ret-2015.pdf\" target=\"_blank\" rel=\"noreferrer noopener\">Tilsynsrapport for\u00e5r 2015<\/a><\/strong><\/p>\n","protected":false},"excerpt":{"rendered":"<p>Tilsynsf\u00f8rende er: Henriette Haar M\u00f8nsted, Sejersgade 11, 8620 Vium, Kjellerup Tilsynsrapport 2024 \/ 2025 Tilsynsrapport 2023 \/ 2024 Tilsynsrapport 2022 \/ 2023 Tilsynsrapport 2021 \/ 2022 Tilsynsrapport 2020 \/ 2021 Tilsynsrapport 2019 \/ 2020 Tilsynsrapport 2018 \/ 2019 Tilsynsrapport 2017 \/ 2018 Tilsynsrapport 2016 \/ 2017 \u00c5rsrapport skole\u00e5ret 2015 \/ 2016 Tilsynsrapport for\u00e5r 2016 Tilsynsrapport [&hellip;]<\/p>\n","protected":false},"author":1,"featured_media":0,"parent":0,"menu_order":10,"comment_status":"closed","ping_status":"closed","template":"","meta":{"ngg_post_thumbnail":0,"footnotes":""},"class_list":["post-89","page","type-page","status-publish","hentry"],"yoast_head":"<!-- This site is optimized with the Yoast SEO plugin v27.5 - https:\/\/yoast.com\/product\/yoast-seo-wordpress\/ -->\n<title>Tilsyn - N\u00f8rre\u00e5 Friskole<\/title>\n<meta name=\"robots\" content=\"index, follow, max-snippet:-1, max-image-preview:large, max-video-preview:-1\" \/>\n<link rel=\"canonical\" href=\"https:\/\/norrea.dk\/friskole\/tilsyn\/\" \/>\n<meta property=\"og:locale\" content=\"da_DK\" \/>\n<meta property=\"og:type\" content=\"article\" \/>\n<meta property=\"og:title\" content=\"Tilsyn - N\u00f8rre\u00e5 Friskole\" \/>\n<meta property=\"og:description\" content=\"Tilsynsf\u00f8rende er: Henriette Haar M\u00f8nsted, Sejersgade 11, 8620 Vium, Kjellerup Tilsynsrapport 2024 \/ 2025 Tilsynsrapport 2023 \/ 2024 Tilsynsrapport 2022 \/ 2023 Tilsynsrapport 2021 \/ 2022 Tilsynsrapport 2020 \/ 2021 Tilsynsrapport 2019 \/ 2020 Tilsynsrapport 2018 \/ 2019 Tilsynsrapport 2017 \/ 2018 Tilsynsrapport 2016 \/ 2017 \u00c5rsrapport skole\u00e5ret 2015 \/ 2016 Tilsynsrapport for\u00e5r 2016 Tilsynsrapport [&hellip;]\" \/>\n<meta property=\"og:url\" content=\"https:\/\/norrea.dk\/friskole\/tilsyn\/\" \/>\n<meta property=\"og:site_name\" content=\"N\u00f8rre\u00e5 Friskole\" \/>\n<meta property=\"article:modified_time\" content=\"2025-05-19T20:25:46+00:00\" \/>\n<meta name=\"twitter:card\" content=\"summary_large_image\" \/>\n<meta name=\"twitter:label1\" content=\"Estimeret l\u00e6setid\" \/>\n\t<meta name=\"twitter:data1\" content=\"1 minut\" \/>\n<script type=\"application\/ld+json\" class=\"yoast-schema-graph\">{\"@context\":\"https:\\\/\\\/schema.org\",\"@graph\":[{\"@type\":\"WebPage\",\"@id\":\"https:\\\/\\\/norrea.dk\\\/friskole\\\/tilsyn\\\/\",\"url\":\"https:\\\/\\\/norrea.dk\\\/friskole\\\/tilsyn\\\/\",\"name\":\"Tilsyn - N\u00f8rre\u00e5 Friskole\",\"isPartOf\":{\"@id\":\"https:\\\/\\\/norrea.dk\\\/friskole\\\/#website\"},\"datePublished\":\"2020-03-25T00:49:12+00:00\",\"dateModified\":\"2025-05-19T20:25:46+00:00\",\"breadcrumb\":{\"@id\":\"https:\\\/\\\/norrea.dk\\\/friskole\\\/tilsyn\\\/#breadcrumb\"},\"inLanguage\":\"da-DK\",\"potentialAction\":[{\"@type\":\"ReadAction\",\"target\":[\"https:\\\/\\\/norrea.dk\\\/friskole\\\/tilsyn\\\/\"]}]},{\"@type\":\"BreadcrumbList\",\"@id\":\"https:\\\/\\\/norrea.dk\\\/friskole\\\/tilsyn\\\/#breadcrumb\",\"itemListElement\":[{\"@type\":\"ListItem\",\"position\":1,\"name\":\"Hjem\",\"item\":\"https:\\\/\\\/norrea.dk\\\/friskole\\\/\"},{\"@type\":\"ListItem\",\"position\":2,\"name\":\"Tilsyn\"}]},{\"@type\":\"WebSite\",\"@id\":\"https:\\\/\\\/norrea.dk\\\/friskole\\\/#website\",\"url\":\"https:\\\/\\\/norrea.dk\\\/friskole\\\/\",\"name\":\"N\u00f8rre\u00e5 Friskole\",\"description\":\"0. - 9. klasse, SFO\",\"publisher\":{\"@id\":\"https:\\\/\\\/norrea.dk\\\/friskole\\\/#organization\"},\"potentialAction\":[{\"@type\":\"SearchAction\",\"target\":{\"@type\":\"EntryPoint\",\"urlTemplate\":\"https:\\\/\\\/norrea.dk\\\/friskole\\\/?s={search_term_string}\"},\"query-input\":{\"@type\":\"PropertyValueSpecification\",\"valueRequired\":true,\"valueName\":\"search_term_string\"}}],\"inLanguage\":\"da-DK\"},{\"@type\":\"Organization\",\"@id\":\"https:\\\/\\\/norrea.dk\\\/friskole\\\/#organization\",\"name\":\"N\u00f8rre\u00e5 Friskole\",\"url\":\"https:\\\/\\\/norrea.dk\\\/friskole\\\/\",\"logo\":{\"@type\":\"ImageObject\",\"inLanguage\":\"da-DK\",\"@id\":\"https:\\\/\\\/norrea.dk\\\/friskole\\\/#\\\/schema\\\/logo\\\/image\\\/\",\"url\":\"https:\\\/\\\/norrea.dk\\\/friskole\\\/wp-content\\\/uploads\\\/sites\\\/2\\\/2020\\\/03\\\/cropped-logo_portal.png\",\"contentUrl\":\"https:\\\/\\\/norrea.dk\\\/friskole\\\/wp-content\\\/uploads\\\/sites\\\/2\\\/2020\\\/03\\\/cropped-logo_portal.png\",\"width\":283,\"height\":215,\"caption\":\"N\u00f8rre\u00e5 Friskole\"},\"image\":{\"@id\":\"https:\\\/\\\/norrea.dk\\\/friskole\\\/#\\\/schema\\\/logo\\\/image\\\/\"}}]}<\/script>\n<!-- \/ Yoast SEO plugin. -->","yoast_head_json":{"title":"Tilsyn - N\u00f8rre\u00e5 Friskole","robots":{"index":"index","follow":"follow","max-snippet":"max-snippet:-1","max-image-preview":"max-image-preview:large","max-video-preview":"max-video-preview:-1"},"canonical":"https:\/\/norrea.dk\/friskole\/tilsyn\/","og_locale":"da_DK","og_type":"article","og_title":"Tilsyn - N\u00f8rre\u00e5 Friskole","og_description":"Tilsynsf\u00f8rende er: Henriette Haar M\u00f8nsted, Sejersgade 11, 8620 Vium, Kjellerup Tilsynsrapport 2024 \/ 2025 Tilsynsrapport 2023 \/ 2024 Tilsynsrapport 2022 \/ 2023 Tilsynsrapport 2021 \/ 2022 Tilsynsrapport 2020 \/ 2021 Tilsynsrapport 2019 \/ 2020 Tilsynsrapport 2018 \/ 2019 Tilsynsrapport 2017 \/ 2018 Tilsynsrapport 2016 \/ 2017 \u00c5rsrapport skole\u00e5ret 2015 \/ 2016 Tilsynsrapport for\u00e5r 2016 Tilsynsrapport [&hellip;]","og_url":"https:\/\/norrea.dk\/friskole\/tilsyn\/","og_site_name":"N\u00f8rre\u00e5 Friskole","article_modified_time":"2025-05-19T20:25:46+00:00","twitter_card":"summary_large_image","twitter_misc":{"Estimeret l\u00e6setid":"1 minut"},"schema":{"@context":"https:\/\/schema.org","@graph":[{"@type":"WebPage","@id":"https:\/\/norrea.dk\/friskole\/tilsyn\/","url":"https:\/\/norrea.dk\/friskole\/tilsyn\/","name":"Tilsyn - N\u00f8rre\u00e5 Friskole","isPartOf":{"@id":"https:\/\/norrea.dk\/friskole\/#website"},"datePublished":"2020-03-25T00:49:12+00:00","dateModified":"2025-05-19T20:25:46+00:00","breadcrumb":{"@id":"https:\/\/norrea.dk\/friskole\/tilsyn\/#breadcrumb"},"inLanguage":"da-DK","potentialAction":[{"@type":"ReadAction","target":["https:\/\/norrea.dk\/friskole\/tilsyn\/"]}]},{"@type":"BreadcrumbList","@id":"https:\/\/norrea.dk\/friskole\/tilsyn\/#breadcrumb","itemListElement":[{"@type":"ListItem","position":1,"name":"Hjem","item":"https:\/\/norrea.dk\/friskole\/"},{"@type":"ListItem","position":2,"name":"Tilsyn"}]},{"@type":"WebSite","@id":"https:\/\/norrea.dk\/friskole\/#website","url":"https:\/\/norrea.dk\/friskole\/","name":"N\u00f8rre\u00e5 Friskole","description":"0. - 9. klasse, SFO","publisher":{"@id":"https:\/\/norrea.dk\/friskole\/#organization"},"potentialAction":[{"@type":"SearchAction","target":{"@type":"EntryPoint","urlTemplate":"https:\/\/norrea.dk\/friskole\/?s={search_term_string}"},"query-input":{"@type":"PropertyValueSpecification","valueRequired":true,"valueName":"search_term_string"}}],"inLanguage":"da-DK"},{"@type":"Organization","@id":"https:\/\/norrea.dk\/friskole\/#organization","name":"N\u00f8rre\u00e5 Friskole","url":"https:\/\/norrea.dk\/friskole\/","logo":{"@type":"ImageObject","inLanguage":"da-DK","@id":"https:\/\/norrea.dk\/friskole\/#\/schema\/logo\/image\/","url":"https:\/\/norrea.dk\/friskole\/wp-content\/uploads\/sites\/2\/2020\/03\/cropped-logo_portal.png","contentUrl":"https:\/\/norrea.dk\/friskole\/wp-content\/uploads\/sites\/2\/2020\/03\/cropped-logo_portal.png","width":283,"height":215,"caption":"N\u00f8rre\u00e5 Friskole"},"image":{"@id":"https:\/\/norrea.dk\/friskole\/#\/schema\/logo\/image\/"}}]}},"amp_enabled":true,"_links":{"self":[{"href":"https:\/\/norrea.dk\/friskole\/wp-json\/wp\/v2\/pages\/89","targetHints":{"allow":["GET"]}}],"collection":[{"href":"https:\/\/norrea.dk\/friskole\/wp-json\/wp\/v2\/pages"}],"about":[{"href":"https:\/\/norrea.dk\/friskole\/wp-json\/wp\/v2\/types\/page"}],"author":[{"embeddable":true,"href":"https:\/\/norrea.dk\/friskole\/wp-json\/wp\/v2\/users\/1"}],"replies":[{"embeddable":true,"href":"https:\/\/norrea.dk\/friskole\/wp-json\/wp\/v2\/comments?post=89"}],"version-history":[{"count":18,"href":"https:\/\/norrea.dk\/friskole\/wp-json\/wp\/v2\/pages\/89\/revisions"}],"predecessor-version":[{"id":702,"href":"https:\/\/norrea.dk\/friskole\/wp-json\/wp\/v2\/pages\/89\/revisions\/702"}],"wp:attachment":[{"href":"https:\/\/norrea.dk\/friskole\/wp-json\/wp\/v2\/media?parent=89"}],"curies":[{"name":"wp","href":"https:\/\/api.w.org\/{rel}","templated":true}]}}