{"id":87,"date":"2020-03-25T01:45:36","date_gmt":"2020-03-25T00:45:36","guid":{"rendered":"http:\/\/norrea.dk\/friskole\/?page_id=87"},"modified":"2020-04-28T23:04:55","modified_gmt":"2020-04-28T21:04:55","slug":"foraeldrekreds","status":"publish","type":"page","link":"https:\/\/norrea.dk\/friskole\/dagligdag\/foraeldrekreds\/","title":{"rendered":"For\u00e6ldrekreds"},"content":{"rendered":"\n<p>Den  aktive for\u00e6ldrekreds er ligeledes med til at fremme en god dagligdag p\u00e5 stedet. Som for\u00e6ldre p\u00e5 N\u00f8rre\u00e5 Friskole &amp; B\u00f8rnehus forventes man at deltage i opgaver vedr. vedligehold af institutionen. Hver familie indg\u00e5r i en arbejdsgruppe.<br>To gange om \u00e5ret er der hyggelige arbejdsl\u00f8rdage, hvor der knokles, men ogs\u00e5 altid er tid til hygge og en god frokost. Det betyder ogs\u00e5, at man som for\u00e6ldre har stor indflydelse p\u00e5 de fysiske rammer p\u00e5 skolen.<\/p>\n\n\n\n<p>Som for\u00e6ldre vil I desuden  opleve, at der generelt er en kort beslutningsproces p\u00e5 N\u00f8rre\u00e5 Friskole &amp; B\u00f8rnehus, og at det  nytter at &#8220;give lyd&#8221;. <\/p>\n","protected":false},"excerpt":{"rendered":"<p>Den aktive for\u00e6ldrekreds er ligeledes med til at fremme en god dagligdag p\u00e5 stedet. Som for\u00e6ldre p\u00e5 N\u00f8rre\u00e5 Friskole &amp; B\u00f8rnehus forventes man at deltage i opgaver vedr. vedligehold af institutionen. Hver familie indg\u00e5r i en arbejdsgruppe.To gange om \u00e5ret er der hyggelige arbejdsl\u00f8rdage, hvor der knokles, men ogs\u00e5 altid er tid til hygge og [&hellip;]<\/p>\n","protected":false},"author":1,"featured_media":0,"parent":263,"menu_order":2,"comment_status":"closed","ping_status":"closed","template":"","meta":{"ngg_post_thumbnail":0,"footnotes":""},"class_list":["post-87","page","type-page","status-publish","hentry"],"yoast_head":"<!-- This site is optimized with the Yoast SEO plugin v27.5 - https:\/\/yoast.com\/product\/yoast-seo-wordpress\/ -->\n<title>For\u00e6ldrekreds - N\u00f8rre\u00e5 Friskole<\/title>\n<meta name=\"robots\" content=\"index, follow, max-snippet:-1, max-image-preview:large, max-video-preview:-1\" \/>\n<link rel=\"canonical\" href=\"https:\/\/norrea.dk\/friskole\/dagligdag\/foraeldrekreds\/\" \/>\n<meta property=\"og:locale\" content=\"da_DK\" \/>\n<meta property=\"og:type\" content=\"article\" \/>\n<meta property=\"og:title\" content=\"For\u00e6ldrekreds - N\u00f8rre\u00e5 Friskole\" \/>\n<meta property=\"og:description\" content=\"Den aktive for\u00e6ldrekreds er ligeledes med til at fremme en god dagligdag p\u00e5 stedet. Som for\u00e6ldre p\u00e5 N\u00f8rre\u00e5 Friskole &amp; B\u00f8rnehus forventes man at deltage i opgaver vedr. vedligehold af institutionen. Hver familie indg\u00e5r i en arbejdsgruppe.To gange om \u00e5ret er der hyggelige arbejdsl\u00f8rdage, hvor der knokles, men ogs\u00e5 altid er tid til hygge og [&hellip;]\" \/>\n<meta property=\"og:url\" content=\"https:\/\/norrea.dk\/friskole\/dagligdag\/foraeldrekreds\/\" \/>\n<meta property=\"og:site_name\" content=\"N\u00f8rre\u00e5 Friskole\" \/>\n<meta property=\"article:modified_time\" content=\"2020-04-28T21:04:55+00:00\" \/>\n<meta name=\"twitter:card\" content=\"summary_large_image\" \/>\n<meta name=\"twitter:label1\" content=\"Estimeret l\u00e6setid\" \/>\n\t<meta name=\"twitter:data1\" content=\"1 minut\" \/>\n<script type=\"application\/ld+json\" class=\"yoast-schema-graph\">{\"@context\":\"https:\\\/\\\/schema.org\",\"@graph\":[{\"@type\":\"WebPage\",\"@id\":\"https:\\\/\\\/norrea.dk\\\/friskole\\\/dagligdag\\\/foraeldrekreds\\\/\",\"url\":\"https:\\\/\\\/norrea.dk\\\/friskole\\\/dagligdag\\\/foraeldrekreds\\\/\",\"name\":\"For\u00e6ldrekreds - N\u00f8rre\u00e5 Friskole\",\"isPartOf\":{\"@id\":\"https:\\\/\\\/norrea.dk\\\/friskole\\\/#website\"},\"datePublished\":\"2020-03-25T00:45:36+00:00\",\"dateModified\":\"2020-04-28T21:04:55+00:00\",\"breadcrumb\":{\"@id\":\"https:\\\/\\\/norrea.dk\\\/friskole\\\/dagligdag\\\/foraeldrekreds\\\/#breadcrumb\"},\"inLanguage\":\"da-DK\",\"potentialAction\":[{\"@type\":\"ReadAction\",\"target\":[\"https:\\\/\\\/norrea.dk\\\/friskole\\\/dagligdag\\\/foraeldrekreds\\\/\"]}]},{\"@type\":\"BreadcrumbList\",\"@id\":\"https:\\\/\\\/norrea.dk\\\/friskole\\\/dagligdag\\\/foraeldrekreds\\\/#breadcrumb\",\"itemListElement\":[{\"@type\":\"ListItem\",\"position\":1,\"name\":\"Hjem\",\"item\":\"https:\\\/\\\/norrea.dk\\\/friskole\\\/\"},{\"@type\":\"ListItem\",\"position\":2,\"name\":\"Dagligdag\",\"item\":\"https:\\\/\\\/norrea.dk\\\/friskole\\\/dagligdag\\\/\"},{\"@type\":\"ListItem\",\"position\":3,\"name\":\"For\u00e6ldrekreds\"}]},{\"@type\":\"WebSite\",\"@id\":\"https:\\\/\\\/norrea.dk\\\/friskole\\\/#website\",\"url\":\"https:\\\/\\\/norrea.dk\\\/friskole\\\/\",\"name\":\"N\u00f8rre\u00e5 Friskole\",\"description\":\"0. - 9. klasse, SFO\",\"publisher\":{\"@id\":\"https:\\\/\\\/norrea.dk\\\/friskole\\\/#organization\"},\"potentialAction\":[{\"@type\":\"SearchAction\",\"target\":{\"@type\":\"EntryPoint\",\"urlTemplate\":\"https:\\\/\\\/norrea.dk\\\/friskole\\\/?s={search_term_string}\"},\"query-input\":{\"@type\":\"PropertyValueSpecification\",\"valueRequired\":true,\"valueName\":\"search_term_string\"}}],\"inLanguage\":\"da-DK\"},{\"@type\":\"Organization\",\"@id\":\"https:\\\/\\\/norrea.dk\\\/friskole\\\/#organization\",\"name\":\"N\u00f8rre\u00e5 Friskole\",\"url\":\"https:\\\/\\\/norrea.dk\\\/friskole\\\/\",\"logo\":{\"@type\":\"ImageObject\",\"inLanguage\":\"da-DK\",\"@id\":\"https:\\\/\\\/norrea.dk\\\/friskole\\\/#\\\/schema\\\/logo\\\/image\\\/\",\"url\":\"https:\\\/\\\/norrea.dk\\\/friskole\\\/wp-content\\\/uploads\\\/sites\\\/2\\\/2020\\\/03\\\/cropped-logo_portal.png\",\"contentUrl\":\"https:\\\/\\\/norrea.dk\\\/friskole\\\/wp-content\\\/uploads\\\/sites\\\/2\\\/2020\\\/03\\\/cropped-logo_portal.png\",\"width\":283,\"height\":215,\"caption\":\"N\u00f8rre\u00e5 Friskole\"},\"image\":{\"@id\":\"https:\\\/\\\/norrea.dk\\\/friskole\\\/#\\\/schema\\\/logo\\\/image\\\/\"}}]}<\/script>\n<!-- \/ Yoast SEO plugin. -->","yoast_head_json":{"title":"For\u00e6ldrekreds - N\u00f8rre\u00e5 Friskole","robots":{"index":"index","follow":"follow","max-snippet":"max-snippet:-1","max-image-preview":"max-image-preview:large","max-video-preview":"max-video-preview:-1"},"canonical":"https:\/\/norrea.dk\/friskole\/dagligdag\/foraeldrekreds\/","og_locale":"da_DK","og_type":"article","og_title":"For\u00e6ldrekreds - N\u00f8rre\u00e5 Friskole","og_description":"Den aktive for\u00e6ldrekreds er ligeledes med til at fremme en god dagligdag p\u00e5 stedet. Som for\u00e6ldre p\u00e5 N\u00f8rre\u00e5 Friskole &amp; B\u00f8rnehus forventes man at deltage i opgaver vedr. vedligehold af institutionen. Hver familie indg\u00e5r i en arbejdsgruppe.To gange om \u00e5ret er der hyggelige arbejdsl\u00f8rdage, hvor der knokles, men ogs\u00e5 altid er tid til hygge og [&hellip;]","og_url":"https:\/\/norrea.dk\/friskole\/dagligdag\/foraeldrekreds\/","og_site_name":"N\u00f8rre\u00e5 Friskole","article_modified_time":"2020-04-28T21:04:55+00:00","twitter_card":"summary_large_image","twitter_misc":{"Estimeret l\u00e6setid":"1 minut"},"schema":{"@context":"https:\/\/schema.org","@graph":[{"@type":"WebPage","@id":"https:\/\/norrea.dk\/friskole\/dagligdag\/foraeldrekreds\/","url":"https:\/\/norrea.dk\/friskole\/dagligdag\/foraeldrekreds\/","name":"For\u00e6ldrekreds - N\u00f8rre\u00e5 Friskole","isPartOf":{"@id":"https:\/\/norrea.dk\/friskole\/#website"},"datePublished":"2020-03-25T00:45:36+00:00","dateModified":"2020-04-28T21:04:55+00:00","breadcrumb":{"@id":"https:\/\/norrea.dk\/friskole\/dagligdag\/foraeldrekreds\/#breadcrumb"},"inLanguage":"da-DK","potentialAction":[{"@type":"ReadAction","target":["https:\/\/norrea.dk\/friskole\/dagligdag\/foraeldrekreds\/"]}]},{"@type":"BreadcrumbList","@id":"https:\/\/norrea.dk\/friskole\/dagligdag\/foraeldrekreds\/#breadcrumb","itemListElement":[{"@type":"ListItem","position":1,"name":"Hjem","item":"https:\/\/norrea.dk\/friskole\/"},{"@type":"ListItem","position":2,"name":"Dagligdag","item":"https:\/\/norrea.dk\/friskole\/dagligdag\/"},{"@type":"ListItem","position":3,"name":"For\u00e6ldrekreds"}]},{"@type":"WebSite","@id":"https:\/\/norrea.dk\/friskole\/#website","url":"https:\/\/norrea.dk\/friskole\/","name":"N\u00f8rre\u00e5 Friskole","description":"0. - 9. klasse, SFO","publisher":{"@id":"https:\/\/norrea.dk\/friskole\/#organization"},"potentialAction":[{"@type":"SearchAction","target":{"@type":"EntryPoint","urlTemplate":"https:\/\/norrea.dk\/friskole\/?s={search_term_string}"},"query-input":{"@type":"PropertyValueSpecification","valueRequired":true,"valueName":"search_term_string"}}],"inLanguage":"da-DK"},{"@type":"Organization","@id":"https:\/\/norrea.dk\/friskole\/#organization","name":"N\u00f8rre\u00e5 Friskole","url":"https:\/\/norrea.dk\/friskole\/","logo":{"@type":"ImageObject","inLanguage":"da-DK","@id":"https:\/\/norrea.dk\/friskole\/#\/schema\/logo\/image\/","url":"https:\/\/norrea.dk\/friskole\/wp-content\/uploads\/sites\/2\/2020\/03\/cropped-logo_portal.png","contentUrl":"https:\/\/norrea.dk\/friskole\/wp-content\/uploads\/sites\/2\/2020\/03\/cropped-logo_portal.png","width":283,"height":215,"caption":"N\u00f8rre\u00e5 Friskole"},"image":{"@id":"https:\/\/norrea.dk\/friskole\/#\/schema\/logo\/image\/"}}]}},"amp_enabled":true,"_links":{"self":[{"href":"https:\/\/norrea.dk\/friskole\/wp-json\/wp\/v2\/pages\/87","targetHints":{"allow":["GET"]}}],"collection":[{"href":"https:\/\/norrea.dk\/friskole\/wp-json\/wp\/v2\/pages"}],"about":[{"href":"https:\/\/norrea.dk\/friskole\/wp-json\/wp\/v2\/types\/page"}],"author":[{"embeddable":true,"href":"https:\/\/norrea.dk\/friskole\/wp-json\/wp\/v2\/users\/1"}],"replies":[{"embeddable":true,"href":"https:\/\/norrea.dk\/friskole\/wp-json\/wp\/v2\/comments?post=87"}],"version-history":[{"count":2,"href":"https:\/\/norrea.dk\/friskole\/wp-json\/wp\/v2\/pages\/87\/revisions"}],"predecessor-version":[{"id":248,"href":"https:\/\/norrea.dk\/friskole\/wp-json\/wp\/v2\/pages\/87\/revisions\/248"}],"up":[{"embeddable":true,"href":"https:\/\/norrea.dk\/friskole\/wp-json\/wp\/v2\/pages\/263"}],"wp:attachment":[{"href":"https:\/\/norrea.dk\/friskole\/wp-json\/wp\/v2\/media?parent=87"}],"curies":[{"name":"wp","href":"https:\/\/api.w.org\/{rel}","templated":true}]}}