{"id":100,"date":"2020-03-25T02:01:26","date_gmt":"2020-03-25T01:01:26","guid":{"rendered":"http:\/\/norrea.dk\/friskole\/?page_id=100"},"modified":"2023-12-29T22:36:39","modified_gmt":"2023-12-29T21:36:39","slug":"lejrture-ture","status":"publish","type":"page","link":"https:\/\/norrea.dk\/friskole\/lejrture-ture\/","title":{"rendered":"Lejrture \/ ture"},"content":{"rendered":"\n<p>Eleverne p\u00e5 N\u00f8rre\u00e5 Friskole oplever mange ture-ud-af-huset som supplement til den  daglige undervisning. Det kan v\u00e6re ture i n\u00e6romr\u00e5det, som kan n\u00e5s til fods eller  p\u00e5 cykel. Derudover kan n\u00e6vnes bes\u00f8g p\u00e5 Videnskabernes Hus og gymnasiet i Bjerringbro, Energimuseet i Tange, Den gamle By i \u00c5rhus, mv.<\/p>\n\n\n\n<p>Alle klasser  kommer p\u00e5<strong> Lejrskole<\/strong> hvert \u00e5r. Nogle \u00e5r tager vi p\u00e5 f\u00e6lles tur med  alle elever, andre \u00e5r tager de enkelte grupper p\u00e5 lejr hver for sig.<br>I  for\u00e5ret 2023 fx var 0.-7. kl. p\u00e5 Mors, mens 8.-9. klasse var i  Berlin.<\/p>\n\n\n\n<p>I efter\u00e5ret 2023 var 8.-9. kl. i K\u00f8benhavn.<\/p>\n","protected":false},"excerpt":{"rendered":"<p>Eleverne p\u00e5 N\u00f8rre\u00e5 Friskole oplever mange ture-ud-af-huset som supplement til den daglige undervisning. Det kan v\u00e6re ture i n\u00e6romr\u00e5det, som kan n\u00e5s til fods eller p\u00e5 cykel. Derudover kan n\u00e6vnes bes\u00f8g p\u00e5 Videnskabernes Hus og gymnasiet i Bjerringbro, Energimuseet i Tange, Den gamle By i \u00c5rhus, mv. Alle klasser kommer p\u00e5 Lejrskole hvert \u00e5r. Nogle [&hellip;]<\/p>\n","protected":false},"author":1,"featured_media":0,"parent":0,"menu_order":5,"comment_status":"closed","ping_status":"closed","template":"","meta":{"ngg_post_thumbnail":0,"footnotes":""},"class_list":["post-100","page","type-page","status-publish","hentry"],"yoast_head":"<!-- This site is optimized with the Yoast SEO plugin v27.5 - https:\/\/yoast.com\/product\/yoast-seo-wordpress\/ -->\n<title>Lejrture \/ ture - N\u00f8rre\u00e5 Friskole<\/title>\n<meta name=\"robots\" content=\"index, follow, max-snippet:-1, max-image-preview:large, max-video-preview:-1\" \/>\n<link rel=\"canonical\" href=\"https:\/\/norrea.dk\/friskole\/lejrture-ture\/\" \/>\n<meta property=\"og:locale\" content=\"da_DK\" \/>\n<meta property=\"og:type\" content=\"article\" \/>\n<meta property=\"og:title\" content=\"Lejrture \/ ture - N\u00f8rre\u00e5 Friskole\" \/>\n<meta property=\"og:description\" content=\"Eleverne p\u00e5 N\u00f8rre\u00e5 Friskole oplever mange ture-ud-af-huset som supplement til den daglige undervisning. Det kan v\u00e6re ture i n\u00e6romr\u00e5det, som kan n\u00e5s til fods eller p\u00e5 cykel. Derudover kan n\u00e6vnes bes\u00f8g p\u00e5 Videnskabernes Hus og gymnasiet i Bjerringbro, Energimuseet i Tange, Den gamle By i \u00c5rhus, mv. Alle klasser kommer p\u00e5 Lejrskole hvert \u00e5r. Nogle [&hellip;]\" \/>\n<meta property=\"og:url\" content=\"https:\/\/norrea.dk\/friskole\/lejrture-ture\/\" \/>\n<meta property=\"og:site_name\" content=\"N\u00f8rre\u00e5 Friskole\" \/>\n<meta property=\"article:modified_time\" content=\"2023-12-29T21:36:39+00:00\" \/>\n<meta name=\"twitter:card\" content=\"summary_large_image\" \/>\n<meta name=\"twitter:label1\" content=\"Estimeret l\u00e6setid\" \/>\n\t<meta name=\"twitter:data1\" content=\"1 minut\" \/>\n<script type=\"application\/ld+json\" class=\"yoast-schema-graph\">{\"@context\":\"https:\\\/\\\/schema.org\",\"@graph\":[{\"@type\":\"WebPage\",\"@id\":\"https:\\\/\\\/norrea.dk\\\/friskole\\\/lejrture-ture\\\/\",\"url\":\"https:\\\/\\\/norrea.dk\\\/friskole\\\/lejrture-ture\\\/\",\"name\":\"Lejrture \\\/ ture - N\u00f8rre\u00e5 Friskole\",\"isPartOf\":{\"@id\":\"https:\\\/\\\/norrea.dk\\\/friskole\\\/#website\"},\"datePublished\":\"2020-03-25T01:01:26+00:00\",\"dateModified\":\"2023-12-29T21:36:39+00:00\",\"breadcrumb\":{\"@id\":\"https:\\\/\\\/norrea.dk\\\/friskole\\\/lejrture-ture\\\/#breadcrumb\"},\"inLanguage\":\"da-DK\",\"potentialAction\":[{\"@type\":\"ReadAction\",\"target\":[\"https:\\\/\\\/norrea.dk\\\/friskole\\\/lejrture-ture\\\/\"]}]},{\"@type\":\"BreadcrumbList\",\"@id\":\"https:\\\/\\\/norrea.dk\\\/friskole\\\/lejrture-ture\\\/#breadcrumb\",\"itemListElement\":[{\"@type\":\"ListItem\",\"position\":1,\"name\":\"Hjem\",\"item\":\"https:\\\/\\\/norrea.dk\\\/friskole\\\/\"},{\"@type\":\"ListItem\",\"position\":2,\"name\":\"Lejrture \\\/ ture\"}]},{\"@type\":\"WebSite\",\"@id\":\"https:\\\/\\\/norrea.dk\\\/friskole\\\/#website\",\"url\":\"https:\\\/\\\/norrea.dk\\\/friskole\\\/\",\"name\":\"N\u00f8rre\u00e5 Friskole\",\"description\":\"0. - 9. klasse, SFO\",\"publisher\":{\"@id\":\"https:\\\/\\\/norrea.dk\\\/friskole\\\/#organization\"},\"potentialAction\":[{\"@type\":\"SearchAction\",\"target\":{\"@type\":\"EntryPoint\",\"urlTemplate\":\"https:\\\/\\\/norrea.dk\\\/friskole\\\/?s={search_term_string}\"},\"query-input\":{\"@type\":\"PropertyValueSpecification\",\"valueRequired\":true,\"valueName\":\"search_term_string\"}}],\"inLanguage\":\"da-DK\"},{\"@type\":\"Organization\",\"@id\":\"https:\\\/\\\/norrea.dk\\\/friskole\\\/#organization\",\"name\":\"N\u00f8rre\u00e5 Friskole\",\"url\":\"https:\\\/\\\/norrea.dk\\\/friskole\\\/\",\"logo\":{\"@type\":\"ImageObject\",\"inLanguage\":\"da-DK\",\"@id\":\"https:\\\/\\\/norrea.dk\\\/friskole\\\/#\\\/schema\\\/logo\\\/image\\\/\",\"url\":\"https:\\\/\\\/norrea.dk\\\/friskole\\\/wp-content\\\/uploads\\\/sites\\\/2\\\/2020\\\/03\\\/cropped-logo_portal.png\",\"contentUrl\":\"https:\\\/\\\/norrea.dk\\\/friskole\\\/wp-content\\\/uploads\\\/sites\\\/2\\\/2020\\\/03\\\/cropped-logo_portal.png\",\"width\":283,\"height\":215,\"caption\":\"N\u00f8rre\u00e5 Friskole\"},\"image\":{\"@id\":\"https:\\\/\\\/norrea.dk\\\/friskole\\\/#\\\/schema\\\/logo\\\/image\\\/\"}}]}<\/script>\n<!-- \/ Yoast SEO plugin. -->","yoast_head_json":{"title":"Lejrture \/ ture - N\u00f8rre\u00e5 Friskole","robots":{"index":"index","follow":"follow","max-snippet":"max-snippet:-1","max-image-preview":"max-image-preview:large","max-video-preview":"max-video-preview:-1"},"canonical":"https:\/\/norrea.dk\/friskole\/lejrture-ture\/","og_locale":"da_DK","og_type":"article","og_title":"Lejrture \/ ture - N\u00f8rre\u00e5 Friskole","og_description":"Eleverne p\u00e5 N\u00f8rre\u00e5 Friskole oplever mange ture-ud-af-huset som supplement til den daglige undervisning. Det kan v\u00e6re ture i n\u00e6romr\u00e5det, som kan n\u00e5s til fods eller p\u00e5 cykel. Derudover kan n\u00e6vnes bes\u00f8g p\u00e5 Videnskabernes Hus og gymnasiet i Bjerringbro, Energimuseet i Tange, Den gamle By i \u00c5rhus, mv. Alle klasser kommer p\u00e5 Lejrskole hvert \u00e5r. Nogle [&hellip;]","og_url":"https:\/\/norrea.dk\/friskole\/lejrture-ture\/","og_site_name":"N\u00f8rre\u00e5 Friskole","article_modified_time":"2023-12-29T21:36:39+00:00","twitter_card":"summary_large_image","twitter_misc":{"Estimeret l\u00e6setid":"1 minut"},"schema":{"@context":"https:\/\/schema.org","@graph":[{"@type":"WebPage","@id":"https:\/\/norrea.dk\/friskole\/lejrture-ture\/","url":"https:\/\/norrea.dk\/friskole\/lejrture-ture\/","name":"Lejrture \/ ture - N\u00f8rre\u00e5 Friskole","isPartOf":{"@id":"https:\/\/norrea.dk\/friskole\/#website"},"datePublished":"2020-03-25T01:01:26+00:00","dateModified":"2023-12-29T21:36:39+00:00","breadcrumb":{"@id":"https:\/\/norrea.dk\/friskole\/lejrture-ture\/#breadcrumb"},"inLanguage":"da-DK","potentialAction":[{"@type":"ReadAction","target":["https:\/\/norrea.dk\/friskole\/lejrture-ture\/"]}]},{"@type":"BreadcrumbList","@id":"https:\/\/norrea.dk\/friskole\/lejrture-ture\/#breadcrumb","itemListElement":[{"@type":"ListItem","position":1,"name":"Hjem","item":"https:\/\/norrea.dk\/friskole\/"},{"@type":"ListItem","position":2,"name":"Lejrture \/ ture"}]},{"@type":"WebSite","@id":"https:\/\/norrea.dk\/friskole\/#website","url":"https:\/\/norrea.dk\/friskole\/","name":"N\u00f8rre\u00e5 Friskole","description":"0. - 9. klasse, SFO","publisher":{"@id":"https:\/\/norrea.dk\/friskole\/#organization"},"potentialAction":[{"@type":"SearchAction","target":{"@type":"EntryPoint","urlTemplate":"https:\/\/norrea.dk\/friskole\/?s={search_term_string}"},"query-input":{"@type":"PropertyValueSpecification","valueRequired":true,"valueName":"search_term_string"}}],"inLanguage":"da-DK"},{"@type":"Organization","@id":"https:\/\/norrea.dk\/friskole\/#organization","name":"N\u00f8rre\u00e5 Friskole","url":"https:\/\/norrea.dk\/friskole\/","logo":{"@type":"ImageObject","inLanguage":"da-DK","@id":"https:\/\/norrea.dk\/friskole\/#\/schema\/logo\/image\/","url":"https:\/\/norrea.dk\/friskole\/wp-content\/uploads\/sites\/2\/2020\/03\/cropped-logo_portal.png","contentUrl":"https:\/\/norrea.dk\/friskole\/wp-content\/uploads\/sites\/2\/2020\/03\/cropped-logo_portal.png","width":283,"height":215,"caption":"N\u00f8rre\u00e5 Friskole"},"image":{"@id":"https:\/\/norrea.dk\/friskole\/#\/schema\/logo\/image\/"}}]}},"amp_enabled":true,"_links":{"self":[{"href":"https:\/\/norrea.dk\/friskole\/wp-json\/wp\/v2\/pages\/100","targetHints":{"allow":["GET"]}}],"collection":[{"href":"https:\/\/norrea.dk\/friskole\/wp-json\/wp\/v2\/pages"}],"about":[{"href":"https:\/\/norrea.dk\/friskole\/wp-json\/wp\/v2\/types\/page"}],"author":[{"embeddable":true,"href":"https:\/\/norrea.dk\/friskole\/wp-json\/wp\/v2\/users\/1"}],"replies":[{"embeddable":true,"href":"https:\/\/norrea.dk\/friskole\/wp-json\/wp\/v2\/comments?post=100"}],"version-history":[{"count":6,"href":"https:\/\/norrea.dk\/friskole\/wp-json\/wp\/v2\/pages\/100\/revisions"}],"predecessor-version":[{"id":621,"href":"https:\/\/norrea.dk\/friskole\/wp-json\/wp\/v2\/pages\/100\/revisions\/621"}],"wp:attachment":[{"href":"https:\/\/norrea.dk\/friskole\/wp-json\/wp\/v2\/media?parent=100"}],"curies":[{"name":"wp","href":"https:\/\/api.w.org\/{rel}","templated":true}]}}