{"id":99,"date":"2020-04-28T23:55:38","date_gmt":"2020-04-28T21:55:38","guid":{"rendered":"http:\/\/norrea.dk\/bornehus\/?page_id=99"},"modified":"2024-10-05T10:14:41","modified_gmt":"2024-10-05T08:14:41","slug":"groenne-spirer","status":"publish","type":"page","link":"https:\/\/norrea.dk\/bornehus\/boern-laering\/groenne-spirer\/","title":{"rendered":"Gr\u00f8nne Spirer"},"content":{"rendered":"\n<h2 class=\"wp-block-heading\">Gr\u00f8nne Spirer<\/h2>\n\n\n\n<p><strong>Gr\u00f8nne spirer:<\/strong>&nbsp;Vi har valgt at arbejde med Gr\u00f8nne spirer. En af vores v\u00e6rdier er natur, og vi er meget optaget af uderummet og alle de gode ting, det f\u00f8rer med sig at opholde sig og f\u00e5 oplevelser i naturen.<\/p>\n\n\n\n<p>Minimum to gange om ugen har vi fokus p\u00e5 at kombinere arbejdet med de p\u00e6dagogiske l\u00e6replanstemaer med arbejdet med de gr\u00f8nne spirer. Vi mener, at det er to ting, som vi fint kan f\u00e5 til at g\u00e5 h\u00e5nd i h\u00e5nd og det er med til at skabe den r\u00f8de tr\u00e5d i huset.<\/p>\n\n\n\n<ul class=\"wp-block-list\">\n<li><a href=\"http:\/\/www.groennespirer.dk\/\" target=\"_blank\" rel=\"noreferrer noopener\">Link til Gr\u00f8nne Spirers hjemmeside<\/a><\/li>\n\n\n\n<li><a href=\"https:\/\/norrea.dk\/bornehus\/wp-content\/uploads\/sites\/3\/2020\/05\/Gronne-spirer-handleplan-2018-2019-og-2019-2020.pdf\" target=\"_blank\" rel=\"noreferrer noopener\">Handleplan 2018\/2019 &amp; 2019\/2020<\/a><\/li>\n\n\n\n<li><a href=\"https:\/\/norrea.dk\/bornehus\/2022\/07\/14\/tillykke-hilsen-vedr-tildeling-af-groent-flag\/\">Tillykke-hilsen vedr. tildeling af Gr\u00f8nt Flag 2020<\/a><\/li>\n\n\n\n<li><a href=\"https:\/\/norrea.dk\/bornehus\/2024\/10\/04\/borgmesterbrev-groenne-spirer-flaget-og-certifikat\/\">Borgmesterbrev \u2013 Gr\u00f8nne Spirer flaget og certifikat 2024<\/a><\/li>\n\n\n\n<li><a href=\"https:\/\/norrea.dk\/bornehus\/2024\/10\/04\/flagbrev-groenne-spirer-flag-og-certifikat\/\">Flagbrev \u2013 Gr\u00f8nne Spirer flag og certifikat 2024<\/a><\/li>\n<\/ul>\n","protected":false},"excerpt":{"rendered":"<p>Gr\u00f8nne Spirer Gr\u00f8nne spirer:&nbsp;Vi har valgt at arbejde med Gr\u00f8nne spirer. En af vores v\u00e6rdier er natur, og vi er meget optaget af uderummet og alle de gode ting, det f\u00f8rer med sig at opholde sig og f\u00e5 oplevelser i naturen. Minimum to gange om ugen har vi fokus p\u00e5 at kombinere arbejdet med de [&hellip;]<\/p>\n","protected":false},"author":1,"featured_media":0,"parent":95,"menu_order":4,"comment_status":"closed","ping_status":"closed","template":"","meta":{"ngg_post_thumbnail":0,"footnotes":""},"class_list":["post-99","page","type-page","status-publish","hentry"],"yoast_head":"<!-- This site is optimized with the Yoast SEO plugin v27.5 - https:\/\/yoast.com\/product\/yoast-seo-wordpress\/ -->\n<title>Gr\u00f8nne Spirer - N\u00f8rre\u00e5 B\u00f8rnehus - Vuggestue &amp; B\u00f8rnehave<\/title>\n<meta name=\"robots\" content=\"index, follow, max-snippet:-1, max-image-preview:large, max-video-preview:-1\" \/>\n<link rel=\"canonical\" href=\"https:\/\/norrea.dk\/bornehus\/boern-laering\/groenne-spirer\/\" \/>\n<meta property=\"og:locale\" content=\"da_DK\" \/>\n<meta property=\"og:type\" content=\"article\" \/>\n<meta property=\"og:title\" content=\"Gr\u00f8nne Spirer - N\u00f8rre\u00e5 B\u00f8rnehus - Vuggestue &amp; B\u00f8rnehave\" \/>\n<meta property=\"og:description\" content=\"Gr\u00f8nne Spirer Gr\u00f8nne spirer:&nbsp;Vi har valgt at arbejde med Gr\u00f8nne spirer. En af vores v\u00e6rdier er natur, og vi er meget optaget af uderummet og alle de gode ting, det f\u00f8rer med sig at opholde sig og f\u00e5 oplevelser i naturen. Minimum to gange om ugen har vi fokus p\u00e5 at kombinere arbejdet med de [&hellip;]\" \/>\n<meta property=\"og:url\" content=\"https:\/\/norrea.dk\/bornehus\/boern-laering\/groenne-spirer\/\" \/>\n<meta property=\"og:site_name\" content=\"N\u00f8rre\u00e5 B\u00f8rnehus - Vuggestue &amp; B\u00f8rnehave\" \/>\n<meta property=\"article:modified_time\" content=\"2024-10-05T08:14:41+00:00\" \/>\n<meta name=\"twitter:card\" content=\"summary_large_image\" \/>\n<meta name=\"twitter:label1\" content=\"Estimeret l\u00e6setid\" \/>\n\t<meta name=\"twitter:data1\" content=\"1 minut\" \/>\n<script type=\"application\/ld+json\" class=\"yoast-schema-graph\">{\"@context\":\"https:\\\/\\\/schema.org\",\"@graph\":[{\"@type\":\"WebPage\",\"@id\":\"https:\\\/\\\/norrea.dk\\\/bornehus\\\/boern-laering\\\/groenne-spirer\\\/\",\"url\":\"https:\\\/\\\/norrea.dk\\\/bornehus\\\/boern-laering\\\/groenne-spirer\\\/\",\"name\":\"Gr\u00f8nne Spirer - N\u00f8rre\u00e5 B\u00f8rnehus - Vuggestue &amp; B\u00f8rnehave\",\"isPartOf\":{\"@id\":\"https:\\\/\\\/norrea.dk\\\/bornehus\\\/#website\"},\"datePublished\":\"2020-04-28T21:55:38+00:00\",\"dateModified\":\"2024-10-05T08:14:41+00:00\",\"breadcrumb\":{\"@id\":\"https:\\\/\\\/norrea.dk\\\/bornehus\\\/boern-laering\\\/groenne-spirer\\\/#breadcrumb\"},\"inLanguage\":\"da-DK\",\"potentialAction\":[{\"@type\":\"ReadAction\",\"target\":[\"https:\\\/\\\/norrea.dk\\\/bornehus\\\/boern-laering\\\/groenne-spirer\\\/\"]}]},{\"@type\":\"BreadcrumbList\",\"@id\":\"https:\\\/\\\/norrea.dk\\\/bornehus\\\/boern-laering\\\/groenne-spirer\\\/#breadcrumb\",\"itemListElement\":[{\"@type\":\"ListItem\",\"position\":1,\"name\":\"Hjem\",\"item\":\"https:\\\/\\\/norrea.dk\\\/bornehus\\\/\"},{\"@type\":\"ListItem\",\"position\":2,\"name\":\"B\u00f8rn &#038; L\u00e6ring\",\"item\":\"https:\\\/\\\/norrea.dk\\\/bornehus\\\/boern-laering\\\/\"},{\"@type\":\"ListItem\",\"position\":3,\"name\":\"Gr\u00f8nne Spirer\"}]},{\"@type\":\"WebSite\",\"@id\":\"https:\\\/\\\/norrea.dk\\\/bornehus\\\/#website\",\"url\":\"https:\\\/\\\/norrea.dk\\\/bornehus\\\/\",\"name\":\"N\u00f8rre\u00e5 B\u00f8rnehus - Vuggestue &amp; B\u00f8rnehave\",\"description\":\"Fra ca. 7 mdr. til skolestart\",\"publisher\":{\"@id\":\"https:\\\/\\\/norrea.dk\\\/bornehus\\\/#organization\"},\"potentialAction\":[{\"@type\":\"SearchAction\",\"target\":{\"@type\":\"EntryPoint\",\"urlTemplate\":\"https:\\\/\\\/norrea.dk\\\/bornehus\\\/?s={search_term_string}\"},\"query-input\":{\"@type\":\"PropertyValueSpecification\",\"valueRequired\":true,\"valueName\":\"search_term_string\"}}],\"inLanguage\":\"da-DK\"},{\"@type\":\"Organization\",\"@id\":\"https:\\\/\\\/norrea.dk\\\/bornehus\\\/#organization\",\"name\":\"N\u00f8rre\u00e5 B\u00f8rnehus - Vuggestue &amp; B\u00f8rnehave\",\"url\":\"https:\\\/\\\/norrea.dk\\\/bornehus\\\/\",\"logo\":{\"@type\":\"ImageObject\",\"inLanguage\":\"da-DK\",\"@id\":\"https:\\\/\\\/norrea.dk\\\/bornehus\\\/#\\\/schema\\\/logo\\\/image\\\/\",\"url\":\"https:\\\/\\\/norrea.dk\\\/bornehus\\\/wp-content\\\/uploads\\\/sites\\\/3\\\/2020\\\/03\\\/cropped-logo_portal-1.png\",\"contentUrl\":\"https:\\\/\\\/norrea.dk\\\/bornehus\\\/wp-content\\\/uploads\\\/sites\\\/3\\\/2020\\\/03\\\/cropped-logo_portal-1.png\",\"width\":283,\"height\":215,\"caption\":\"N\u00f8rre\u00e5 B\u00f8rnehus - Vuggestue &amp; B\u00f8rnehave\"},\"image\":{\"@id\":\"https:\\\/\\\/norrea.dk\\\/bornehus\\\/#\\\/schema\\\/logo\\\/image\\\/\"}}]}<\/script>\n<!-- \/ Yoast SEO plugin. -->","yoast_head_json":{"title":"Gr\u00f8nne Spirer - N\u00f8rre\u00e5 B\u00f8rnehus - Vuggestue &amp; B\u00f8rnehave","robots":{"index":"index","follow":"follow","max-snippet":"max-snippet:-1","max-image-preview":"max-image-preview:large","max-video-preview":"max-video-preview:-1"},"canonical":"https:\/\/norrea.dk\/bornehus\/boern-laering\/groenne-spirer\/","og_locale":"da_DK","og_type":"article","og_title":"Gr\u00f8nne Spirer - N\u00f8rre\u00e5 B\u00f8rnehus - Vuggestue &amp; B\u00f8rnehave","og_description":"Gr\u00f8nne Spirer Gr\u00f8nne spirer:&nbsp;Vi har valgt at arbejde med Gr\u00f8nne spirer. En af vores v\u00e6rdier er natur, og vi er meget optaget af uderummet og alle de gode ting, det f\u00f8rer med sig at opholde sig og f\u00e5 oplevelser i naturen. Minimum to gange om ugen har vi fokus p\u00e5 at kombinere arbejdet med de [&hellip;]","og_url":"https:\/\/norrea.dk\/bornehus\/boern-laering\/groenne-spirer\/","og_site_name":"N\u00f8rre\u00e5 B\u00f8rnehus - Vuggestue &amp; B\u00f8rnehave","article_modified_time":"2024-10-05T08:14:41+00:00","twitter_card":"summary_large_image","twitter_misc":{"Estimeret l\u00e6setid":"1 minut"},"schema":{"@context":"https:\/\/schema.org","@graph":[{"@type":"WebPage","@id":"https:\/\/norrea.dk\/bornehus\/boern-laering\/groenne-spirer\/","url":"https:\/\/norrea.dk\/bornehus\/boern-laering\/groenne-spirer\/","name":"Gr\u00f8nne Spirer - N\u00f8rre\u00e5 B\u00f8rnehus - Vuggestue &amp; B\u00f8rnehave","isPartOf":{"@id":"https:\/\/norrea.dk\/bornehus\/#website"},"datePublished":"2020-04-28T21:55:38+00:00","dateModified":"2024-10-05T08:14:41+00:00","breadcrumb":{"@id":"https:\/\/norrea.dk\/bornehus\/boern-laering\/groenne-spirer\/#breadcrumb"},"inLanguage":"da-DK","potentialAction":[{"@type":"ReadAction","target":["https:\/\/norrea.dk\/bornehus\/boern-laering\/groenne-spirer\/"]}]},{"@type":"BreadcrumbList","@id":"https:\/\/norrea.dk\/bornehus\/boern-laering\/groenne-spirer\/#breadcrumb","itemListElement":[{"@type":"ListItem","position":1,"name":"Hjem","item":"https:\/\/norrea.dk\/bornehus\/"},{"@type":"ListItem","position":2,"name":"B\u00f8rn &#038; L\u00e6ring","item":"https:\/\/norrea.dk\/bornehus\/boern-laering\/"},{"@type":"ListItem","position":3,"name":"Gr\u00f8nne Spirer"}]},{"@type":"WebSite","@id":"https:\/\/norrea.dk\/bornehus\/#website","url":"https:\/\/norrea.dk\/bornehus\/","name":"N\u00f8rre\u00e5 B\u00f8rnehus - Vuggestue &amp; B\u00f8rnehave","description":"Fra ca. 7 mdr. til skolestart","publisher":{"@id":"https:\/\/norrea.dk\/bornehus\/#organization"},"potentialAction":[{"@type":"SearchAction","target":{"@type":"EntryPoint","urlTemplate":"https:\/\/norrea.dk\/bornehus\/?s={search_term_string}"},"query-input":{"@type":"PropertyValueSpecification","valueRequired":true,"valueName":"search_term_string"}}],"inLanguage":"da-DK"},{"@type":"Organization","@id":"https:\/\/norrea.dk\/bornehus\/#organization","name":"N\u00f8rre\u00e5 B\u00f8rnehus - Vuggestue &amp; B\u00f8rnehave","url":"https:\/\/norrea.dk\/bornehus\/","logo":{"@type":"ImageObject","inLanguage":"da-DK","@id":"https:\/\/norrea.dk\/bornehus\/#\/schema\/logo\/image\/","url":"https:\/\/norrea.dk\/bornehus\/wp-content\/uploads\/sites\/3\/2020\/03\/cropped-logo_portal-1.png","contentUrl":"https:\/\/norrea.dk\/bornehus\/wp-content\/uploads\/sites\/3\/2020\/03\/cropped-logo_portal-1.png","width":283,"height":215,"caption":"N\u00f8rre\u00e5 B\u00f8rnehus - Vuggestue &amp; B\u00f8rnehave"},"image":{"@id":"https:\/\/norrea.dk\/bornehus\/#\/schema\/logo\/image\/"}}]}},"amp_enabled":true,"_links":{"self":[{"href":"https:\/\/norrea.dk\/bornehus\/wp-json\/wp\/v2\/pages\/99","targetHints":{"allow":["GET"]}}],"collection":[{"href":"https:\/\/norrea.dk\/bornehus\/wp-json\/wp\/v2\/pages"}],"about":[{"href":"https:\/\/norrea.dk\/bornehus\/wp-json\/wp\/v2\/types\/page"}],"author":[{"embeddable":true,"href":"https:\/\/norrea.dk\/bornehus\/wp-json\/wp\/v2\/users\/1"}],"replies":[{"embeddable":true,"href":"https:\/\/norrea.dk\/bornehus\/wp-json\/wp\/v2\/comments?post=99"}],"version-history":[{"count":5,"href":"https:\/\/norrea.dk\/bornehus\/wp-json\/wp\/v2\/pages\/99\/revisions"}],"predecessor-version":[{"id":537,"href":"https:\/\/norrea.dk\/bornehus\/wp-json\/wp\/v2\/pages\/99\/revisions\/537"}],"up":[{"embeddable":true,"href":"https:\/\/norrea.dk\/bornehus\/wp-json\/wp\/v2\/pages\/95"}],"wp:attachment":[{"href":"https:\/\/norrea.dk\/bornehus\/wp-json\/wp\/v2\/media?parent=99"}],"curies":[{"name":"wp","href":"https:\/\/api.w.org\/{rel}","templated":true}]}}