{"id":92,"date":"2020-04-28T23:55:38","date_gmt":"2020-04-28T21:55:38","guid":{"rendered":"http:\/\/norrea.dk\/bornehus\/?page_id=92"},"modified":"2020-10-30T23:25:26","modified_gmt":"2020-10-30T22:25:26","slug":"vaerdigrundlag","status":"publish","type":"page","link":"https:\/\/norrea.dk\/bornehus\/vaerdigrundlag\/","title":{"rendered":"V\u00e6rdigrundlag"},"content":{"rendered":"\n<h3 class=\"wp-block-heading\"><strong>Hjerterum, udvikling og natur<\/strong><\/h3>\n\n\n\n<p>I N\u00f8rre\u00e5 B\u00f8rnehus arbejder vi udfra disse tre v\u00e6rdiord:  <strong>Hjerterum, udvikling og natur.<\/strong><\/p>\n\n\n\n<p>Der skal v\u00e6re plads til at handle med hjertet i dagligdagen. I B\u00f8rnehuset l\u00e6gges der v\u00e6gt p\u00e5 tryghed, anerkendelse, motorik, sanserne og ikke mindst gl\u00e6den ved at r\u00f8re sig i naturen. Vi har det Gr\u00f8nne Flag, som vi har f\u00e5et igennem arbejdet med Gr\u00f8nne Spirer. Derudover l\u00e6gger vi v\u00e6gt p\u00e5 det n\u00e6re for\u00e6ldresamarbejde. Vi har udviklet et spirende B\u00f8rnehus, der giver det enkelte barn en l\u00e6rerig, tryg og sjov hverdag. <\/p>\n\n\n\n<p>Vi arbejder i det daglige t\u00e6t sammen med skolen, og det betyder, at dit barn har mulighed for, at vokse op i et&nbsp;<em><strong>trygt<\/strong><\/em>&nbsp;og&nbsp;<em><strong>kendt milj\u00f8<\/strong><\/em>&nbsp;\u2013 helt fra vuggestue til de \u00e6ldste klasser i skolen!<\/p>\n\n\n\n<p>Naturen omkring os og vores f\u00e6lleskab danner rammen, og samarbejdet p\u00e5 tv\u00e6rs af husene sikrer den r\u00f8de tr\u00e5d.<\/p>\n\n\n\n<p>N\u00f8rre\u00e5 B\u00f8rnehus er et godt sted at<em><strong>&nbsp;l\u00e6re<\/strong><\/em>,&nbsp;<em><strong>v\u00e6re<\/strong><\/em>&nbsp;og<em><strong>&nbsp;udvikles<\/strong><\/em>&nbsp;\u2013 for s\u00e5vel b\u00f8rn som voksne!<\/p>\n","protected":false},"excerpt":{"rendered":"<p>Hjerterum, udvikling og natur I N\u00f8rre\u00e5 B\u00f8rnehus arbejder vi udfra disse tre v\u00e6rdiord: Hjerterum, udvikling og natur. Der skal v\u00e6re plads til at handle med hjertet i dagligdagen. I B\u00f8rnehuset l\u00e6gges der v\u00e6gt p\u00e5 tryghed, anerkendelse, motorik, sanserne og ikke mindst gl\u00e6den ved at r\u00f8re sig i naturen. Vi har det Gr\u00f8nne Flag, som vi [&hellip;]<\/p>\n","protected":false},"author":1,"featured_media":0,"parent":0,"menu_order":4,"comment_status":"closed","ping_status":"closed","template":"","meta":{"ngg_post_thumbnail":0,"footnotes":""},"class_list":["post-92","page","type-page","status-publish","hentry"],"yoast_head":"<!-- This site is optimized with the Yoast SEO plugin v27.5 - https:\/\/yoast.com\/product\/yoast-seo-wordpress\/ -->\n<title>V\u00e6rdigrundlag - N\u00f8rre\u00e5 B\u00f8rnehus - Vuggestue &amp; B\u00f8rnehave<\/title>\n<meta name=\"robots\" content=\"index, follow, max-snippet:-1, max-image-preview:large, max-video-preview:-1\" \/>\n<link rel=\"canonical\" href=\"https:\/\/norrea.dk\/bornehus\/vaerdigrundlag\/\" \/>\n<meta property=\"og:locale\" content=\"da_DK\" \/>\n<meta property=\"og:type\" content=\"article\" \/>\n<meta property=\"og:title\" content=\"V\u00e6rdigrundlag - N\u00f8rre\u00e5 B\u00f8rnehus - Vuggestue &amp; B\u00f8rnehave\" \/>\n<meta property=\"og:description\" content=\"Hjerterum, udvikling og natur I N\u00f8rre\u00e5 B\u00f8rnehus arbejder vi udfra disse tre v\u00e6rdiord: Hjerterum, udvikling og natur. Der skal v\u00e6re plads til at handle med hjertet i dagligdagen. I B\u00f8rnehuset l\u00e6gges der v\u00e6gt p\u00e5 tryghed, anerkendelse, motorik, sanserne og ikke mindst gl\u00e6den ved at r\u00f8re sig i naturen. Vi har det Gr\u00f8nne Flag, som vi [&hellip;]\" \/>\n<meta property=\"og:url\" content=\"https:\/\/norrea.dk\/bornehus\/vaerdigrundlag\/\" \/>\n<meta property=\"og:site_name\" content=\"N\u00f8rre\u00e5 B\u00f8rnehus - Vuggestue &amp; B\u00f8rnehave\" \/>\n<meta property=\"article:modified_time\" content=\"2020-10-30T22:25:26+00:00\" \/>\n<meta name=\"twitter:card\" content=\"summary_large_image\" \/>\n<meta name=\"twitter:label1\" content=\"Estimeret l\u00e6setid\" \/>\n\t<meta name=\"twitter:data1\" content=\"1 minut\" \/>\n<script type=\"application\/ld+json\" class=\"yoast-schema-graph\">{\"@context\":\"https:\\\/\\\/schema.org\",\"@graph\":[{\"@type\":\"WebPage\",\"@id\":\"https:\\\/\\\/norrea.dk\\\/bornehus\\\/vaerdigrundlag\\\/\",\"url\":\"https:\\\/\\\/norrea.dk\\\/bornehus\\\/vaerdigrundlag\\\/\",\"name\":\"V\u00e6rdigrundlag - N\u00f8rre\u00e5 B\u00f8rnehus - Vuggestue &amp; B\u00f8rnehave\",\"isPartOf\":{\"@id\":\"https:\\\/\\\/norrea.dk\\\/bornehus\\\/#website\"},\"datePublished\":\"2020-04-28T21:55:38+00:00\",\"dateModified\":\"2020-10-30T22:25:26+00:00\",\"breadcrumb\":{\"@id\":\"https:\\\/\\\/norrea.dk\\\/bornehus\\\/vaerdigrundlag\\\/#breadcrumb\"},\"inLanguage\":\"da-DK\",\"potentialAction\":[{\"@type\":\"ReadAction\",\"target\":[\"https:\\\/\\\/norrea.dk\\\/bornehus\\\/vaerdigrundlag\\\/\"]}]},{\"@type\":\"BreadcrumbList\",\"@id\":\"https:\\\/\\\/norrea.dk\\\/bornehus\\\/vaerdigrundlag\\\/#breadcrumb\",\"itemListElement\":[{\"@type\":\"ListItem\",\"position\":1,\"name\":\"Hjem\",\"item\":\"https:\\\/\\\/norrea.dk\\\/bornehus\\\/\"},{\"@type\":\"ListItem\",\"position\":2,\"name\":\"V\u00e6rdigrundlag\"}]},{\"@type\":\"WebSite\",\"@id\":\"https:\\\/\\\/norrea.dk\\\/bornehus\\\/#website\",\"url\":\"https:\\\/\\\/norrea.dk\\\/bornehus\\\/\",\"name\":\"N\u00f8rre\u00e5 B\u00f8rnehus - Vuggestue &amp; B\u00f8rnehave\",\"description\":\"Fra ca. 7 mdr. til skolestart\",\"publisher\":{\"@id\":\"https:\\\/\\\/norrea.dk\\\/bornehus\\\/#organization\"},\"potentialAction\":[{\"@type\":\"SearchAction\",\"target\":{\"@type\":\"EntryPoint\",\"urlTemplate\":\"https:\\\/\\\/norrea.dk\\\/bornehus\\\/?s={search_term_string}\"},\"query-input\":{\"@type\":\"PropertyValueSpecification\",\"valueRequired\":true,\"valueName\":\"search_term_string\"}}],\"inLanguage\":\"da-DK\"},{\"@type\":\"Organization\",\"@id\":\"https:\\\/\\\/norrea.dk\\\/bornehus\\\/#organization\",\"name\":\"N\u00f8rre\u00e5 B\u00f8rnehus - Vuggestue &amp; B\u00f8rnehave\",\"url\":\"https:\\\/\\\/norrea.dk\\\/bornehus\\\/\",\"logo\":{\"@type\":\"ImageObject\",\"inLanguage\":\"da-DK\",\"@id\":\"https:\\\/\\\/norrea.dk\\\/bornehus\\\/#\\\/schema\\\/logo\\\/image\\\/\",\"url\":\"https:\\\/\\\/norrea.dk\\\/bornehus\\\/wp-content\\\/uploads\\\/sites\\\/3\\\/2020\\\/03\\\/cropped-logo_portal-1.png\",\"contentUrl\":\"https:\\\/\\\/norrea.dk\\\/bornehus\\\/wp-content\\\/uploads\\\/sites\\\/3\\\/2020\\\/03\\\/cropped-logo_portal-1.png\",\"width\":283,\"height\":215,\"caption\":\"N\u00f8rre\u00e5 B\u00f8rnehus - Vuggestue &amp; B\u00f8rnehave\"},\"image\":{\"@id\":\"https:\\\/\\\/norrea.dk\\\/bornehus\\\/#\\\/schema\\\/logo\\\/image\\\/\"}}]}<\/script>\n<!-- \/ Yoast SEO plugin. -->","yoast_head_json":{"title":"V\u00e6rdigrundlag - N\u00f8rre\u00e5 B\u00f8rnehus - Vuggestue &amp; B\u00f8rnehave","robots":{"index":"index","follow":"follow","max-snippet":"max-snippet:-1","max-image-preview":"max-image-preview:large","max-video-preview":"max-video-preview:-1"},"canonical":"https:\/\/norrea.dk\/bornehus\/vaerdigrundlag\/","og_locale":"da_DK","og_type":"article","og_title":"V\u00e6rdigrundlag - N\u00f8rre\u00e5 B\u00f8rnehus - Vuggestue &amp; B\u00f8rnehave","og_description":"Hjerterum, udvikling og natur I N\u00f8rre\u00e5 B\u00f8rnehus arbejder vi udfra disse tre v\u00e6rdiord: Hjerterum, udvikling og natur. Der skal v\u00e6re plads til at handle med hjertet i dagligdagen. I B\u00f8rnehuset l\u00e6gges der v\u00e6gt p\u00e5 tryghed, anerkendelse, motorik, sanserne og ikke mindst gl\u00e6den ved at r\u00f8re sig i naturen. Vi har det Gr\u00f8nne Flag, som vi [&hellip;]","og_url":"https:\/\/norrea.dk\/bornehus\/vaerdigrundlag\/","og_site_name":"N\u00f8rre\u00e5 B\u00f8rnehus - Vuggestue &amp; B\u00f8rnehave","article_modified_time":"2020-10-30T22:25:26+00:00","twitter_card":"summary_large_image","twitter_misc":{"Estimeret l\u00e6setid":"1 minut"},"schema":{"@context":"https:\/\/schema.org","@graph":[{"@type":"WebPage","@id":"https:\/\/norrea.dk\/bornehus\/vaerdigrundlag\/","url":"https:\/\/norrea.dk\/bornehus\/vaerdigrundlag\/","name":"V\u00e6rdigrundlag - N\u00f8rre\u00e5 B\u00f8rnehus - Vuggestue &amp; B\u00f8rnehave","isPartOf":{"@id":"https:\/\/norrea.dk\/bornehus\/#website"},"datePublished":"2020-04-28T21:55:38+00:00","dateModified":"2020-10-30T22:25:26+00:00","breadcrumb":{"@id":"https:\/\/norrea.dk\/bornehus\/vaerdigrundlag\/#breadcrumb"},"inLanguage":"da-DK","potentialAction":[{"@type":"ReadAction","target":["https:\/\/norrea.dk\/bornehus\/vaerdigrundlag\/"]}]},{"@type":"BreadcrumbList","@id":"https:\/\/norrea.dk\/bornehus\/vaerdigrundlag\/#breadcrumb","itemListElement":[{"@type":"ListItem","position":1,"name":"Hjem","item":"https:\/\/norrea.dk\/bornehus\/"},{"@type":"ListItem","position":2,"name":"V\u00e6rdigrundlag"}]},{"@type":"WebSite","@id":"https:\/\/norrea.dk\/bornehus\/#website","url":"https:\/\/norrea.dk\/bornehus\/","name":"N\u00f8rre\u00e5 B\u00f8rnehus - Vuggestue &amp; B\u00f8rnehave","description":"Fra ca. 7 mdr. til skolestart","publisher":{"@id":"https:\/\/norrea.dk\/bornehus\/#organization"},"potentialAction":[{"@type":"SearchAction","target":{"@type":"EntryPoint","urlTemplate":"https:\/\/norrea.dk\/bornehus\/?s={search_term_string}"},"query-input":{"@type":"PropertyValueSpecification","valueRequired":true,"valueName":"search_term_string"}}],"inLanguage":"da-DK"},{"@type":"Organization","@id":"https:\/\/norrea.dk\/bornehus\/#organization","name":"N\u00f8rre\u00e5 B\u00f8rnehus - Vuggestue &amp; B\u00f8rnehave","url":"https:\/\/norrea.dk\/bornehus\/","logo":{"@type":"ImageObject","inLanguage":"da-DK","@id":"https:\/\/norrea.dk\/bornehus\/#\/schema\/logo\/image\/","url":"https:\/\/norrea.dk\/bornehus\/wp-content\/uploads\/sites\/3\/2020\/03\/cropped-logo_portal-1.png","contentUrl":"https:\/\/norrea.dk\/bornehus\/wp-content\/uploads\/sites\/3\/2020\/03\/cropped-logo_portal-1.png","width":283,"height":215,"caption":"N\u00f8rre\u00e5 B\u00f8rnehus - Vuggestue &amp; B\u00f8rnehave"},"image":{"@id":"https:\/\/norrea.dk\/bornehus\/#\/schema\/logo\/image\/"}}]}},"amp_enabled":true,"_links":{"self":[{"href":"https:\/\/norrea.dk\/bornehus\/wp-json\/wp\/v2\/pages\/92","targetHints":{"allow":["GET"]}}],"collection":[{"href":"https:\/\/norrea.dk\/bornehus\/wp-json\/wp\/v2\/pages"}],"about":[{"href":"https:\/\/norrea.dk\/bornehus\/wp-json\/wp\/v2\/types\/page"}],"author":[{"embeddable":true,"href":"https:\/\/norrea.dk\/bornehus\/wp-json\/wp\/v2\/users\/1"}],"replies":[{"embeddable":true,"href":"https:\/\/norrea.dk\/bornehus\/wp-json\/wp\/v2\/comments?post=92"}],"version-history":[{"count":3,"href":"https:\/\/norrea.dk\/bornehus\/wp-json\/wp\/v2\/pages\/92\/revisions"}],"predecessor-version":[{"id":315,"href":"https:\/\/norrea.dk\/bornehus\/wp-json\/wp\/v2\/pages\/92\/revisions\/315"}],"wp:attachment":[{"href":"https:\/\/norrea.dk\/bornehus\/wp-json\/wp\/v2\/media?parent=92"}],"curies":[{"name":"wp","href":"https:\/\/api.w.org\/{rel}","templated":true}]}}