{"id":151,"date":"2020-04-28T23:59:45","date_gmt":"2020-04-28T21:59:45","guid":{"rendered":"http:\/\/norrea.dk\/bornehus\/?page_id=151"},"modified":"2022-07-14T13:00:49","modified_gmt":"2022-07-14T11:00:49","slug":"aabningstider","status":"publish","type":"page","link":"https:\/\/norrea.dk\/bornehus\/praktiske-oplysninger\/aabningstider\/","title":{"rendered":"\u00c5bningstider"},"content":{"rendered":"\n<p>Mandag &#8211; torsdag kl. 6.15 &#8211; 17<\/p>\n\n\n\n<p>Fredag kl. 6.15-16<\/p>\n\n\n\n<h2 class=\"wp-block-heading\">Lukkedage<\/h2>\n\n\n\n<p>Mandag, tirsdag og onsdag inden p\u00e5ske<\/p>\n\n\n\n<p>Dagen efter Kr. Himmelfartsdag<\/p>\n\n\n\n<p>Uge 29 + 30<\/p>\n\n\n\n<p>Den 23.december og mellem jul og nyt\u00e5r<\/p>\n","protected":false},"excerpt":{"rendered":"<p>Mandag &#8211; torsdag kl. 6.15 &#8211; 17 Fredag kl. 6.15-16 Lukkedage Mandag, tirsdag og onsdag inden p\u00e5ske Dagen efter Kr. Himmelfartsdag Uge 29 + 30 Den 23.december og mellem jul og nyt\u00e5r<\/p>\n","protected":false},"author":1,"featured_media":0,"parent":142,"menu_order":8,"comment_status":"closed","ping_status":"closed","template":"","meta":{"ngg_post_thumbnail":0,"footnotes":""},"class_list":["post-151","page","type-page","status-publish","hentry"],"yoast_head":"<!-- This site is optimized with the Yoast SEO plugin v27.5 - https:\/\/yoast.com\/product\/yoast-seo-wordpress\/ -->\n<title>\u00c5bningstider - N\u00f8rre\u00e5 B\u00f8rnehus - Vuggestue &amp; B\u00f8rnehave<\/title>\n<meta name=\"robots\" content=\"index, follow, max-snippet:-1, max-image-preview:large, max-video-preview:-1\" \/>\n<link rel=\"canonical\" href=\"https:\/\/norrea.dk\/bornehus\/praktiske-oplysninger\/aabningstider\/\" \/>\n<meta property=\"og:locale\" content=\"da_DK\" \/>\n<meta property=\"og:type\" content=\"article\" \/>\n<meta property=\"og:title\" content=\"\u00c5bningstider - N\u00f8rre\u00e5 B\u00f8rnehus - Vuggestue &amp; B\u00f8rnehave\" \/>\n<meta property=\"og:description\" content=\"Mandag &#8211; torsdag kl. 6.15 &#8211; 17 Fredag kl. 6.15-16 Lukkedage Mandag, tirsdag og onsdag inden p\u00e5ske Dagen efter Kr. Himmelfartsdag Uge 29 + 30 Den 23.december og mellem jul og nyt\u00e5r\" \/>\n<meta property=\"og:url\" content=\"https:\/\/norrea.dk\/bornehus\/praktiske-oplysninger\/aabningstider\/\" \/>\n<meta property=\"og:site_name\" content=\"N\u00f8rre\u00e5 B\u00f8rnehus - Vuggestue &amp; B\u00f8rnehave\" \/>\n<meta property=\"article:modified_time\" content=\"2022-07-14T11:00:49+00:00\" \/>\n<meta name=\"twitter:card\" content=\"summary_large_image\" \/>\n<meta name=\"twitter:label1\" content=\"Estimeret l\u00e6setid\" \/>\n\t<meta name=\"twitter:data1\" content=\"1 minut\" \/>\n<script type=\"application\/ld+json\" class=\"yoast-schema-graph\">{\"@context\":\"https:\\\/\\\/schema.org\",\"@graph\":[{\"@type\":\"WebPage\",\"@id\":\"https:\\\/\\\/norrea.dk\\\/bornehus\\\/praktiske-oplysninger\\\/aabningstider\\\/\",\"url\":\"https:\\\/\\\/norrea.dk\\\/bornehus\\\/praktiske-oplysninger\\\/aabningstider\\\/\",\"name\":\"\u00c5bningstider - N\u00f8rre\u00e5 B\u00f8rnehus - Vuggestue &amp; B\u00f8rnehave\",\"isPartOf\":{\"@id\":\"https:\\\/\\\/norrea.dk\\\/bornehus\\\/#website\"},\"datePublished\":\"2020-04-28T21:59:45+00:00\",\"dateModified\":\"2022-07-14T11:00:49+00:00\",\"breadcrumb\":{\"@id\":\"https:\\\/\\\/norrea.dk\\\/bornehus\\\/praktiske-oplysninger\\\/aabningstider\\\/#breadcrumb\"},\"inLanguage\":\"da-DK\",\"potentialAction\":[{\"@type\":\"ReadAction\",\"target\":[\"https:\\\/\\\/norrea.dk\\\/bornehus\\\/praktiske-oplysninger\\\/aabningstider\\\/\"]}]},{\"@type\":\"BreadcrumbList\",\"@id\":\"https:\\\/\\\/norrea.dk\\\/bornehus\\\/praktiske-oplysninger\\\/aabningstider\\\/#breadcrumb\",\"itemListElement\":[{\"@type\":\"ListItem\",\"position\":1,\"name\":\"Hjem\",\"item\":\"https:\\\/\\\/norrea.dk\\\/bornehus\\\/\"},{\"@type\":\"ListItem\",\"position\":2,\"name\":\"Praktiske oplysninger\",\"item\":\"https:\\\/\\\/norrea.dk\\\/bornehus\\\/praktiske-oplysninger\\\/\"},{\"@type\":\"ListItem\",\"position\":3,\"name\":\"\u00c5bningstider\"}]},{\"@type\":\"WebSite\",\"@id\":\"https:\\\/\\\/norrea.dk\\\/bornehus\\\/#website\",\"url\":\"https:\\\/\\\/norrea.dk\\\/bornehus\\\/\",\"name\":\"N\u00f8rre\u00e5 B\u00f8rnehus - Vuggestue &amp; B\u00f8rnehave\",\"description\":\"Fra ca. 7 mdr. til skolestart\",\"publisher\":{\"@id\":\"https:\\\/\\\/norrea.dk\\\/bornehus\\\/#organization\"},\"potentialAction\":[{\"@type\":\"SearchAction\",\"target\":{\"@type\":\"EntryPoint\",\"urlTemplate\":\"https:\\\/\\\/norrea.dk\\\/bornehus\\\/?s={search_term_string}\"},\"query-input\":{\"@type\":\"PropertyValueSpecification\",\"valueRequired\":true,\"valueName\":\"search_term_string\"}}],\"inLanguage\":\"da-DK\"},{\"@type\":\"Organization\",\"@id\":\"https:\\\/\\\/norrea.dk\\\/bornehus\\\/#organization\",\"name\":\"N\u00f8rre\u00e5 B\u00f8rnehus - Vuggestue &amp; B\u00f8rnehave\",\"url\":\"https:\\\/\\\/norrea.dk\\\/bornehus\\\/\",\"logo\":{\"@type\":\"ImageObject\",\"inLanguage\":\"da-DK\",\"@id\":\"https:\\\/\\\/norrea.dk\\\/bornehus\\\/#\\\/schema\\\/logo\\\/image\\\/\",\"url\":\"https:\\\/\\\/norrea.dk\\\/bornehus\\\/wp-content\\\/uploads\\\/sites\\\/3\\\/2020\\\/03\\\/cropped-logo_portal-1.png\",\"contentUrl\":\"https:\\\/\\\/norrea.dk\\\/bornehus\\\/wp-content\\\/uploads\\\/sites\\\/3\\\/2020\\\/03\\\/cropped-logo_portal-1.png\",\"width\":283,\"height\":215,\"caption\":\"N\u00f8rre\u00e5 B\u00f8rnehus - Vuggestue &amp; B\u00f8rnehave\"},\"image\":{\"@id\":\"https:\\\/\\\/norrea.dk\\\/bornehus\\\/#\\\/schema\\\/logo\\\/image\\\/\"}}]}<\/script>\n<!-- \/ Yoast SEO plugin. -->","yoast_head_json":{"title":"\u00c5bningstider - N\u00f8rre\u00e5 B\u00f8rnehus - Vuggestue &amp; B\u00f8rnehave","robots":{"index":"index","follow":"follow","max-snippet":"max-snippet:-1","max-image-preview":"max-image-preview:large","max-video-preview":"max-video-preview:-1"},"canonical":"https:\/\/norrea.dk\/bornehus\/praktiske-oplysninger\/aabningstider\/","og_locale":"da_DK","og_type":"article","og_title":"\u00c5bningstider - N\u00f8rre\u00e5 B\u00f8rnehus - Vuggestue &amp; B\u00f8rnehave","og_description":"Mandag &#8211; torsdag kl. 6.15 &#8211; 17 Fredag kl. 6.15-16 Lukkedage Mandag, tirsdag og onsdag inden p\u00e5ske Dagen efter Kr. Himmelfartsdag Uge 29 + 30 Den 23.december og mellem jul og nyt\u00e5r","og_url":"https:\/\/norrea.dk\/bornehus\/praktiske-oplysninger\/aabningstider\/","og_site_name":"N\u00f8rre\u00e5 B\u00f8rnehus - Vuggestue &amp; B\u00f8rnehave","article_modified_time":"2022-07-14T11:00:49+00:00","twitter_card":"summary_large_image","twitter_misc":{"Estimeret l\u00e6setid":"1 minut"},"schema":{"@context":"https:\/\/schema.org","@graph":[{"@type":"WebPage","@id":"https:\/\/norrea.dk\/bornehus\/praktiske-oplysninger\/aabningstider\/","url":"https:\/\/norrea.dk\/bornehus\/praktiske-oplysninger\/aabningstider\/","name":"\u00c5bningstider - N\u00f8rre\u00e5 B\u00f8rnehus - Vuggestue &amp; B\u00f8rnehave","isPartOf":{"@id":"https:\/\/norrea.dk\/bornehus\/#website"},"datePublished":"2020-04-28T21:59:45+00:00","dateModified":"2022-07-14T11:00:49+00:00","breadcrumb":{"@id":"https:\/\/norrea.dk\/bornehus\/praktiske-oplysninger\/aabningstider\/#breadcrumb"},"inLanguage":"da-DK","potentialAction":[{"@type":"ReadAction","target":["https:\/\/norrea.dk\/bornehus\/praktiske-oplysninger\/aabningstider\/"]}]},{"@type":"BreadcrumbList","@id":"https:\/\/norrea.dk\/bornehus\/praktiske-oplysninger\/aabningstider\/#breadcrumb","itemListElement":[{"@type":"ListItem","position":1,"name":"Hjem","item":"https:\/\/norrea.dk\/bornehus\/"},{"@type":"ListItem","position":2,"name":"Praktiske oplysninger","item":"https:\/\/norrea.dk\/bornehus\/praktiske-oplysninger\/"},{"@type":"ListItem","position":3,"name":"\u00c5bningstider"}]},{"@type":"WebSite","@id":"https:\/\/norrea.dk\/bornehus\/#website","url":"https:\/\/norrea.dk\/bornehus\/","name":"N\u00f8rre\u00e5 B\u00f8rnehus - Vuggestue &amp; B\u00f8rnehave","description":"Fra ca. 7 mdr. til skolestart","publisher":{"@id":"https:\/\/norrea.dk\/bornehus\/#organization"},"potentialAction":[{"@type":"SearchAction","target":{"@type":"EntryPoint","urlTemplate":"https:\/\/norrea.dk\/bornehus\/?s={search_term_string}"},"query-input":{"@type":"PropertyValueSpecification","valueRequired":true,"valueName":"search_term_string"}}],"inLanguage":"da-DK"},{"@type":"Organization","@id":"https:\/\/norrea.dk\/bornehus\/#organization","name":"N\u00f8rre\u00e5 B\u00f8rnehus - Vuggestue &amp; B\u00f8rnehave","url":"https:\/\/norrea.dk\/bornehus\/","logo":{"@type":"ImageObject","inLanguage":"da-DK","@id":"https:\/\/norrea.dk\/bornehus\/#\/schema\/logo\/image\/","url":"https:\/\/norrea.dk\/bornehus\/wp-content\/uploads\/sites\/3\/2020\/03\/cropped-logo_portal-1.png","contentUrl":"https:\/\/norrea.dk\/bornehus\/wp-content\/uploads\/sites\/3\/2020\/03\/cropped-logo_portal-1.png","width":283,"height":215,"caption":"N\u00f8rre\u00e5 B\u00f8rnehus - Vuggestue &amp; B\u00f8rnehave"},"image":{"@id":"https:\/\/norrea.dk\/bornehus\/#\/schema\/logo\/image\/"}}]}},"amp_enabled":true,"_links":{"self":[{"href":"https:\/\/norrea.dk\/bornehus\/wp-json\/wp\/v2\/pages\/151","targetHints":{"allow":["GET"]}}],"collection":[{"href":"https:\/\/norrea.dk\/bornehus\/wp-json\/wp\/v2\/pages"}],"about":[{"href":"https:\/\/norrea.dk\/bornehus\/wp-json\/wp\/v2\/types\/page"}],"author":[{"embeddable":true,"href":"https:\/\/norrea.dk\/bornehus\/wp-json\/wp\/v2\/users\/1"}],"replies":[{"embeddable":true,"href":"https:\/\/norrea.dk\/bornehus\/wp-json\/wp\/v2\/comments?post=151"}],"version-history":[{"count":3,"href":"https:\/\/norrea.dk\/bornehus\/wp-json\/wp\/v2\/pages\/151\/revisions"}],"predecessor-version":[{"id":404,"href":"https:\/\/norrea.dk\/bornehus\/wp-json\/wp\/v2\/pages\/151\/revisions\/404"}],"up":[{"embeddable":true,"href":"https:\/\/norrea.dk\/bornehus\/wp-json\/wp\/v2\/pages\/142"}],"wp:attachment":[{"href":"https:\/\/norrea.dk\/bornehus\/wp-json\/wp\/v2\/media?parent=151"}],"curies":[{"name":"wp","href":"https:\/\/api.w.org\/{rel}","templated":true}]}}