{"id":141,"date":"2020-04-28T23:59:44","date_gmt":"2020-04-28T21:59:44","guid":{"rendered":"http:\/\/norrea.dk\/bornehus\/?page_id=141"},"modified":"2024-10-30T09:52:02","modified_gmt":"2024-10-30T08:52:02","slug":"tilsyn","status":"publish","type":"page","link":"https:\/\/norrea.dk\/bornehus\/tilsyn\/","title":{"rendered":"Tilsyn"},"content":{"rendered":"\n<h2 class=\"wp-block-heading\">Tilsynsrapporter<\/h2>\n\n\n\n<p>Hvert \u00e5r f\u00f8res der tilsyn fra kommunen. Her kan du l\u00e6se tilsynsrapporten.<\/p>\n\n\n\n<ul class=\"wp-block-list\">\n<li><strong><a href=\"https:\/\/norrea.dk\/bornehus\/wp-content\/uploads\/sites\/3\/2024\/10\/Tilsynsrapport-2024-Noerraa-Boernehus.pdf\" target=\"_blank\" rel=\"noreferrer noopener\">Tilsynsrapport 2024<\/a><\/strong><\/li>\n\n\n\n<li><strong><a href=\"https:\/\/norrea.dk\/bornehus\/wp-content\/uploads\/sites\/3\/2022\/07\/Noerreaa-Boernehus-tilsynsrapport-2022.pdf\" target=\"_blank\" rel=\"noreferrer noopener\">Tilsynsrapport 2022<\/a><\/strong><\/li>\n\n\n\n<li><a href=\"http:\/\/norrea.dk\/wp-content\/uploads\/2021\/02\/Tilsynsrapport_N%C3%B8rre%C3%A5-b%C3%B8rnehus_2020.pdf\" target=\"_blank\" rel=\"noreferrer noopener\"><strong>Tilsynsrapport 2020<\/strong><\/a><\/li>\n\n\n\n<li><a href=\"https:\/\/norrea.dk\/bornehus\/wp-content\/uploads\/sites\/3\/2020\/05\/Tilsynsrapport-N\u00f8rre\u00e5-b\u00f8rnehus-2018.pdf\" target=\"_blank\" rel=\"noreferrer noopener\"><strong>Tilsynsrapport 2018<\/strong><\/a><\/li>\n\n\n\n<li><a href=\"https:\/\/norrea.dk\/bornehus\/wp-content\/uploads\/sites\/3\/2020\/05\/Tilsynsrapport-N\u00f8rre\u00e5-B\u00f8rnehus-2017-by-Gitte-Blyth.pdf\" target=\"_blank\" rel=\"noreferrer noopener\"><strong>Tilsynsrapport, april 2017<\/strong><\/a><\/li>\n<\/ul>\n\n\n\n<p><\/p>\n","protected":false},"excerpt":{"rendered":"<p>Tilsynsrapporter Hvert \u00e5r f\u00f8res der tilsyn fra kommunen. Her kan du l\u00e6se tilsynsrapporten.<\/p>\n","protected":false},"author":1,"featured_media":0,"parent":0,"menu_order":9,"comment_status":"closed","ping_status":"closed","template":"","meta":{"ngg_post_thumbnail":0,"footnotes":""},"class_list":["post-141","page","type-page","status-publish","hentry"],"yoast_head":"<!-- This site is optimized with the Yoast SEO plugin v27.5 - https:\/\/yoast.com\/product\/yoast-seo-wordpress\/ -->\n<title>Tilsyn - N\u00f8rre\u00e5 B\u00f8rnehus - Vuggestue &amp; B\u00f8rnehave<\/title>\n<meta name=\"robots\" content=\"index, follow, max-snippet:-1, max-image-preview:large, max-video-preview:-1\" \/>\n<link rel=\"canonical\" href=\"https:\/\/norrea.dk\/bornehus\/tilsyn\/\" \/>\n<meta property=\"og:locale\" content=\"da_DK\" \/>\n<meta property=\"og:type\" content=\"article\" \/>\n<meta property=\"og:title\" content=\"Tilsyn - N\u00f8rre\u00e5 B\u00f8rnehus - Vuggestue &amp; B\u00f8rnehave\" \/>\n<meta property=\"og:description\" content=\"Tilsynsrapporter Hvert \u00e5r f\u00f8res der tilsyn fra kommunen. Her kan du l\u00e6se tilsynsrapporten.\" \/>\n<meta property=\"og:url\" content=\"https:\/\/norrea.dk\/bornehus\/tilsyn\/\" \/>\n<meta property=\"og:site_name\" content=\"N\u00f8rre\u00e5 B\u00f8rnehus - Vuggestue &amp; B\u00f8rnehave\" \/>\n<meta property=\"article:modified_time\" content=\"2024-10-30T08:52:02+00:00\" \/>\n<meta name=\"twitter:card\" content=\"summary_large_image\" \/>\n<meta name=\"twitter:label1\" content=\"Estimeret l\u00e6setid\" \/>\n\t<meta name=\"twitter:data1\" content=\"1 minut\" \/>\n<script type=\"application\/ld+json\" class=\"yoast-schema-graph\">{\"@context\":\"https:\\\/\\\/schema.org\",\"@graph\":[{\"@type\":\"WebPage\",\"@id\":\"https:\\\/\\\/norrea.dk\\\/bornehus\\\/tilsyn\\\/\",\"url\":\"https:\\\/\\\/norrea.dk\\\/bornehus\\\/tilsyn\\\/\",\"name\":\"Tilsyn - N\u00f8rre\u00e5 B\u00f8rnehus - Vuggestue &amp; B\u00f8rnehave\",\"isPartOf\":{\"@id\":\"https:\\\/\\\/norrea.dk\\\/bornehus\\\/#website\"},\"datePublished\":\"2020-04-28T21:59:44+00:00\",\"dateModified\":\"2024-10-30T08:52:02+00:00\",\"breadcrumb\":{\"@id\":\"https:\\\/\\\/norrea.dk\\\/bornehus\\\/tilsyn\\\/#breadcrumb\"},\"inLanguage\":\"da-DK\",\"potentialAction\":[{\"@type\":\"ReadAction\",\"target\":[\"https:\\\/\\\/norrea.dk\\\/bornehus\\\/tilsyn\\\/\"]}]},{\"@type\":\"BreadcrumbList\",\"@id\":\"https:\\\/\\\/norrea.dk\\\/bornehus\\\/tilsyn\\\/#breadcrumb\",\"itemListElement\":[{\"@type\":\"ListItem\",\"position\":1,\"name\":\"Hjem\",\"item\":\"https:\\\/\\\/norrea.dk\\\/bornehus\\\/\"},{\"@type\":\"ListItem\",\"position\":2,\"name\":\"Tilsyn\"}]},{\"@type\":\"WebSite\",\"@id\":\"https:\\\/\\\/norrea.dk\\\/bornehus\\\/#website\",\"url\":\"https:\\\/\\\/norrea.dk\\\/bornehus\\\/\",\"name\":\"N\u00f8rre\u00e5 B\u00f8rnehus - Vuggestue &amp; B\u00f8rnehave\",\"description\":\"Fra ca. 7 mdr. til skolestart\",\"publisher\":{\"@id\":\"https:\\\/\\\/norrea.dk\\\/bornehus\\\/#organization\"},\"potentialAction\":[{\"@type\":\"SearchAction\",\"target\":{\"@type\":\"EntryPoint\",\"urlTemplate\":\"https:\\\/\\\/norrea.dk\\\/bornehus\\\/?s={search_term_string}\"},\"query-input\":{\"@type\":\"PropertyValueSpecification\",\"valueRequired\":true,\"valueName\":\"search_term_string\"}}],\"inLanguage\":\"da-DK\"},{\"@type\":\"Organization\",\"@id\":\"https:\\\/\\\/norrea.dk\\\/bornehus\\\/#organization\",\"name\":\"N\u00f8rre\u00e5 B\u00f8rnehus - Vuggestue &amp; B\u00f8rnehave\",\"url\":\"https:\\\/\\\/norrea.dk\\\/bornehus\\\/\",\"logo\":{\"@type\":\"ImageObject\",\"inLanguage\":\"da-DK\",\"@id\":\"https:\\\/\\\/norrea.dk\\\/bornehus\\\/#\\\/schema\\\/logo\\\/image\\\/\",\"url\":\"https:\\\/\\\/norrea.dk\\\/bornehus\\\/wp-content\\\/uploads\\\/sites\\\/3\\\/2020\\\/03\\\/cropped-logo_portal-1.png\",\"contentUrl\":\"https:\\\/\\\/norrea.dk\\\/bornehus\\\/wp-content\\\/uploads\\\/sites\\\/3\\\/2020\\\/03\\\/cropped-logo_portal-1.png\",\"width\":283,\"height\":215,\"caption\":\"N\u00f8rre\u00e5 B\u00f8rnehus - Vuggestue &amp; B\u00f8rnehave\"},\"image\":{\"@id\":\"https:\\\/\\\/norrea.dk\\\/bornehus\\\/#\\\/schema\\\/logo\\\/image\\\/\"}}]}<\/script>\n<!-- \/ Yoast SEO plugin. -->","yoast_head_json":{"title":"Tilsyn - N\u00f8rre\u00e5 B\u00f8rnehus - Vuggestue &amp; B\u00f8rnehave","robots":{"index":"index","follow":"follow","max-snippet":"max-snippet:-1","max-image-preview":"max-image-preview:large","max-video-preview":"max-video-preview:-1"},"canonical":"https:\/\/norrea.dk\/bornehus\/tilsyn\/","og_locale":"da_DK","og_type":"article","og_title":"Tilsyn - N\u00f8rre\u00e5 B\u00f8rnehus - Vuggestue &amp; B\u00f8rnehave","og_description":"Tilsynsrapporter Hvert \u00e5r f\u00f8res der tilsyn fra kommunen. Her kan du l\u00e6se tilsynsrapporten.","og_url":"https:\/\/norrea.dk\/bornehus\/tilsyn\/","og_site_name":"N\u00f8rre\u00e5 B\u00f8rnehus - Vuggestue &amp; B\u00f8rnehave","article_modified_time":"2024-10-30T08:52:02+00:00","twitter_card":"summary_large_image","twitter_misc":{"Estimeret l\u00e6setid":"1 minut"},"schema":{"@context":"https:\/\/schema.org","@graph":[{"@type":"WebPage","@id":"https:\/\/norrea.dk\/bornehus\/tilsyn\/","url":"https:\/\/norrea.dk\/bornehus\/tilsyn\/","name":"Tilsyn - N\u00f8rre\u00e5 B\u00f8rnehus - Vuggestue &amp; B\u00f8rnehave","isPartOf":{"@id":"https:\/\/norrea.dk\/bornehus\/#website"},"datePublished":"2020-04-28T21:59:44+00:00","dateModified":"2024-10-30T08:52:02+00:00","breadcrumb":{"@id":"https:\/\/norrea.dk\/bornehus\/tilsyn\/#breadcrumb"},"inLanguage":"da-DK","potentialAction":[{"@type":"ReadAction","target":["https:\/\/norrea.dk\/bornehus\/tilsyn\/"]}]},{"@type":"BreadcrumbList","@id":"https:\/\/norrea.dk\/bornehus\/tilsyn\/#breadcrumb","itemListElement":[{"@type":"ListItem","position":1,"name":"Hjem","item":"https:\/\/norrea.dk\/bornehus\/"},{"@type":"ListItem","position":2,"name":"Tilsyn"}]},{"@type":"WebSite","@id":"https:\/\/norrea.dk\/bornehus\/#website","url":"https:\/\/norrea.dk\/bornehus\/","name":"N\u00f8rre\u00e5 B\u00f8rnehus - Vuggestue &amp; B\u00f8rnehave","description":"Fra ca. 7 mdr. til skolestart","publisher":{"@id":"https:\/\/norrea.dk\/bornehus\/#organization"},"potentialAction":[{"@type":"SearchAction","target":{"@type":"EntryPoint","urlTemplate":"https:\/\/norrea.dk\/bornehus\/?s={search_term_string}"},"query-input":{"@type":"PropertyValueSpecification","valueRequired":true,"valueName":"search_term_string"}}],"inLanguage":"da-DK"},{"@type":"Organization","@id":"https:\/\/norrea.dk\/bornehus\/#organization","name":"N\u00f8rre\u00e5 B\u00f8rnehus - Vuggestue &amp; B\u00f8rnehave","url":"https:\/\/norrea.dk\/bornehus\/","logo":{"@type":"ImageObject","inLanguage":"da-DK","@id":"https:\/\/norrea.dk\/bornehus\/#\/schema\/logo\/image\/","url":"https:\/\/norrea.dk\/bornehus\/wp-content\/uploads\/sites\/3\/2020\/03\/cropped-logo_portal-1.png","contentUrl":"https:\/\/norrea.dk\/bornehus\/wp-content\/uploads\/sites\/3\/2020\/03\/cropped-logo_portal-1.png","width":283,"height":215,"caption":"N\u00f8rre\u00e5 B\u00f8rnehus - Vuggestue &amp; B\u00f8rnehave"},"image":{"@id":"https:\/\/norrea.dk\/bornehus\/#\/schema\/logo\/image\/"}}]}},"amp_enabled":true,"_links":{"self":[{"href":"https:\/\/norrea.dk\/bornehus\/wp-json\/wp\/v2\/pages\/141","targetHints":{"allow":["GET"]}}],"collection":[{"href":"https:\/\/norrea.dk\/bornehus\/wp-json\/wp\/v2\/pages"}],"about":[{"href":"https:\/\/norrea.dk\/bornehus\/wp-json\/wp\/v2\/types\/page"}],"author":[{"embeddable":true,"href":"https:\/\/norrea.dk\/bornehus\/wp-json\/wp\/v2\/users\/1"}],"replies":[{"embeddable":true,"href":"https:\/\/norrea.dk\/bornehus\/wp-json\/wp\/v2\/comments?post=141"}],"version-history":[{"count":11,"href":"https:\/\/norrea.dk\/bornehus\/wp-json\/wp\/v2\/pages\/141\/revisions"}],"predecessor-version":[{"id":556,"href":"https:\/\/norrea.dk\/bornehus\/wp-json\/wp\/v2\/pages\/141\/revisions\/556"}],"wp:attachment":[{"href":"https:\/\/norrea.dk\/bornehus\/wp-json\/wp\/v2\/media?parent=141"}],"curies":[{"name":"wp","href":"https:\/\/api.w.org\/{rel}","templated":true}]}}